{"id":8062,"date":"2024-10-24T10:03:51","date_gmt":"2024-10-24T08:03:51","guid":{"rendered":"https:\/\/v2.frank-pen.de\/?post_type=product&#038;p=8062"},"modified":"2025-09-30T14:55:22","modified_gmt":"2025-09-30T12:55:22","slug":"trinkbecher-calder","status":"publish","type":"product","link":"https:\/\/pen.eu\/fr\/produit\/trinkbecher-calder\/","title":{"rendered":"Gobelet \u201cCalder\u201d"},"content":{"rendered":"<p>Rafra\u00eechissez votre message de marque \u2013 avec le gobelet en acier inoxydable Calder de 530 ml. Ce gobelet \u00e0 double paroi associe une coque ext\u00e9rieure en acier inoxydable \u00e0 un int\u00e9rieur en plastique, offrant une apparence haut de gamme \u00e0 un prix avantageux. Son design \u00e9pur\u00e9 et moderne constitue une surface id\u00e9ale pour afficher logos et messages publicitaires \u2013 parfait pour accro\u00eetre la visibilit\u00e9 de votre marque. Un objet publicitaire \u00e9l\u00e9gant qui enrichit toute collection de mugs et optimise votre budget marketing. Lavage \u00e0 la main uniquement. Livr\u00e9 dans un coffret cadeau personnalis\u00e9.<\/p>","protected":false},"excerpt":{"rendered":"<p>Erfrischen Sie Ihre Markenbotschaft \u2013 mit dem Calder 530 ml Edelstahlbecher. Dieser doppelwandige Becher kombiniert einen Edelstahl-Au\u00dfenk\u00f6rper mit einem Kunststoff-Innenraum und \u00fcberzeugt durch sein hochwertiges Erscheinungsbild zu einem attraktiven Preis. Das schlanke, moderne Design bietet eine ideale Fl\u00e4che zur Pr\u00e4sentation von Logos und Werbebotschaften \u2013 perfekt, um die Sichtbarkeit Ihrer Marke zu steigern. Ein stilvoller [&hellip;]<\/p>\n","protected":false},"featured_media":8087,"comment_status":"open","ping_status":"closed","template":"","meta":[],"product_brand":[],"product_cat":[767,248],"product_tag":[682,372,810,373,684],"class_list":{"0":"post-8062","1":"product","2":"type-product","3":"status-publish","4":"has-post-thumbnail","6":"product_cat-trinkbecher","7":"product_cat-trinkgefaesse","8":"product_tag-designbottle","9":"product_tag-finn","10":"product_tag-top-32","11":"product_tag-wdj","12":"product_tag-widesize","13":"pa_eigenschaft-doppelwandig","14":"pa_eigenschaft-metall","15":"pa_eigenschaft-vakuumisoliert","16":"pa_farbe-marine","17":"pa_farbe-schwarz","18":"pa_farbe-silber","19":"pa_farbe-weiss","20":"pa_material-edelstahl","21":"pa_material-kunststoff","22":"pa_material-pp","23":"pa_mindestmenge-369","24":"pa_werbeanbringung-digitaldruck","25":"pa_werbeanbringung-lasergravur","26":"pa_werbeanbringung-siebdruck","28":"first","29":"instock","30":"taxable","31":"shipping-taxable","32":"purchasable","33":"product-type-variable","34":"add-to-wishlist-after_add_to_cart"},"yoast_head":"<!-- This site is optimized with the Yoast SEO plugin v27.4 - https:\/\/yoast.com\/product\/yoast-seo-wordpress\/ -->\n<title>Trinkbecher &quot;Calder&quot; - PEN.EU<\/title>\n<meta name=\"robots\" content=\"index, follow, max-snippet:-1, max-image-preview:large, max-video-preview:-1\" \/>\n<link rel=\"canonical\" href=\"https:\/\/pen.eu\/fr\/produit\/trinkbecher-calder\/\" \/>\n<meta property=\"og:locale\" content=\"fr_FR\" \/>\n<meta property=\"og:type\" content=\"article\" \/>\n<meta property=\"og:title\" content=\"Trinkbecher &quot;Calder&quot; - PEN.EU\" \/>\n<meta property=\"og:description\" content=\"Erfrischen Sie Ihre Markenbotschaft \u2013 mit dem Calder 530 ml Edelstahlbecher. Dieser doppelwandige Becher kombiniert einen Edelstahl-Au\u00dfenk\u00f6rper mit einem Kunststoff-Innenraum und \u00fcberzeugt durch sein hochwertiges Erscheinungsbild zu einem attraktiven Preis. Das schlanke, moderne Design bietet eine ideale Fl\u00e4che zur Pr\u00e4sentation von Logos und Werbebotschaften \u2013 perfekt, um die Sichtbarkeit Ihrer Marke zu steigern. Ein stilvoller [&hellip;]\" \/>\n<meta property=\"og:url\" content=\"https:\/\/pen.eu\/fr\/produit\/trinkbecher-calder\/\" \/>\n<meta property=\"og:site_name\" content=\"PEN.EU\" \/>\n<meta property=\"article:modified_time\" content=\"2025-09-30T12:55:22+00:00\" \/>\n<meta property=\"og:image\" content=\"https:\/\/pen.eu\/wp-content\/uploads\/2024\/10\/0513026113-GDD.jpg\" \/>\n\t<meta property=\"og:image:width\" content=\"1800\" \/>\n\t<meta property=\"og:image:height\" content=\"1800\" \/>\n\t<meta property=\"og:image:type\" content=\"image\/jpeg\" \/>\n<meta name=\"twitter:card\" content=\"summary_large_image\" \/>\n<script type=\"application\/ld+json\" class=\"yoast-schema-graph\">{\"@context\":\"https:\\\/\\\/schema.org\",\"@graph\":[{\"@type\":\"WebPage\",\"@id\":\"https:\\\/\\\/pen.eu\\\/produkt\\\/trinkbecher-calder\\\/\",\"url\":\"https:\\\/\\\/pen.eu\\\/produkt\\\/trinkbecher-calder\\\/\",\"name\":\"Trinkbecher \\\"Calder\\\" - PEN.EU\",\"isPartOf\":{\"@id\":\"https:\\\/\\\/pen.eu\\\/#website\"},\"primaryImageOfPage\":{\"@id\":\"https:\\\/\\\/pen.eu\\\/produkt\\\/trinkbecher-calder\\\/#primaryimage\"},\"image\":{\"@id\":\"https:\\\/\\\/pen.eu\\\/produkt\\\/trinkbecher-calder\\\/#primaryimage\"},\"thumbnailUrl\":\"https:\\\/\\\/pen.eu\\\/wp-content\\\/uploads\\\/2024\\\/10\\\/0513026113-GDD.jpg\",\"datePublished\":\"2024-10-24T08:03:51+00:00\",\"dateModified\":\"2025-09-30T12:55:22+00:00\",\"breadcrumb\":{\"@id\":\"https:\\\/\\\/pen.eu\\\/produkt\\\/trinkbecher-calder\\\/#breadcrumb\"},\"inLanguage\":\"fr-FR\",\"potentialAction\":[{\"@type\":\"ReadAction\",\"target\":[\"https:\\\/\\\/pen.eu\\\/produkt\\\/trinkbecher-calder\\\/\"]}]},{\"@type\":\"ImageObject\",\"inLanguage\":\"fr-FR\",\"@id\":\"https:\\\/\\\/pen.eu\\\/produkt\\\/trinkbecher-calder\\\/#primaryimage\",\"url\":\"https:\\\/\\\/pen.eu\\\/wp-content\\\/uploads\\\/2024\\\/10\\\/0513026113-GDD.jpg\",\"contentUrl\":\"https:\\\/\\\/pen.eu\\\/wp-content\\\/uploads\\\/2024\\\/10\\\/0513026113-GDD.jpg\",\"width\":1800,\"height\":1800},{\"@type\":\"BreadcrumbList\",\"@id\":\"https:\\\/\\\/pen.eu\\\/produkt\\\/trinkbecher-calder\\\/#breadcrumb\",\"itemListElement\":[{\"@type\":\"ListItem\",\"position\":1,\"name\":\"Home\",\"item\":\"https:\\\/\\\/pen.eu\\\/\"},{\"@type\":\"ListItem\",\"position\":2,\"name\":\"Shop\",\"item\":\"https:\\\/\\\/pen.eu\\\/ch\\\/shop\\\/\"},{\"@type\":\"ListItem\",\"position\":3,\"name\":\"Trinkbecher &#8220;Calder&#8221;\"}]},{\"@type\":\"WebSite\",\"@id\":\"https:\\\/\\\/pen.eu\\\/#website\",\"url\":\"https:\\\/\\\/pen.eu\\\/\",\"name\":\"PEN.EU\",\"description\":\"Kugelschreiber bedrucken mit Logo | pen.eu\",\"potentialAction\":[{\"@type\":\"SearchAction\",\"target\":{\"@type\":\"EntryPoint\",\"urlTemplate\":\"https:\\\/\\\/pen.eu\\\/?s={search_term_string}\"},\"query-input\":{\"@type\":\"PropertyValueSpecification\",\"valueRequired\":true,\"valueName\":\"search_term_string\"}}],\"inLanguage\":\"fr-FR\"}]}<\/script>\n<!-- \/ Yoast SEO plugin. -->","yoast_head_json":{"title":"Trinkbecher \"Calder\" - PEN.EU","robots":{"index":"index","follow":"follow","max-snippet":"max-snippet:-1","max-image-preview":"max-image-preview:large","max-video-preview":"max-video-preview:-1"},"canonical":"https:\/\/pen.eu\/fr\/produit\/trinkbecher-calder\/","og_locale":"fr_FR","og_type":"article","og_title":"Trinkbecher \"Calder\" - PEN.EU","og_description":"Erfrischen Sie Ihre Markenbotschaft \u2013 mit dem Calder 530 ml Edelstahlbecher. Dieser doppelwandige Becher kombiniert einen Edelstahl-Au\u00dfenk\u00f6rper mit einem Kunststoff-Innenraum und \u00fcberzeugt durch sein hochwertiges Erscheinungsbild zu einem attraktiven Preis. Das schlanke, moderne Design bietet eine ideale Fl\u00e4che zur Pr\u00e4sentation von Logos und Werbebotschaften \u2013 perfekt, um die Sichtbarkeit Ihrer Marke zu steigern. Ein stilvoller [&hellip;]","og_url":"https:\/\/pen.eu\/fr\/produit\/trinkbecher-calder\/","og_site_name":"PEN.EU","article_modified_time":"2025-09-30T12:55:22+00:00","og_image":[{"width":1800,"height":1800,"url":"https:\/\/pen.eu\/wp-content\/uploads\/2024\/10\/0513026113-GDD.jpg","type":"image\/jpeg"}],"twitter_card":"summary_large_image","schema":{"@context":"https:\/\/schema.org","@graph":[{"@type":"WebPage","@id":"https:\/\/pen.eu\/produkt\/trinkbecher-calder\/","url":"https:\/\/pen.eu\/produkt\/trinkbecher-calder\/","name":"Trinkbecher \"Calder\" - PEN.EU","isPartOf":{"@id":"https:\/\/pen.eu\/#website"},"primaryImageOfPage":{"@id":"https:\/\/pen.eu\/produkt\/trinkbecher-calder\/#primaryimage"},"image":{"@id":"https:\/\/pen.eu\/produkt\/trinkbecher-calder\/#primaryimage"},"thumbnailUrl":"https:\/\/pen.eu\/wp-content\/uploads\/2024\/10\/0513026113-GDD.jpg","datePublished":"2024-10-24T08:03:51+00:00","dateModified":"2025-09-30T12:55:22+00:00","breadcrumb":{"@id":"https:\/\/pen.eu\/produkt\/trinkbecher-calder\/#breadcrumb"},"inLanguage":"fr-FR","potentialAction":[{"@type":"ReadAction","target":["https:\/\/pen.eu\/produkt\/trinkbecher-calder\/"]}]},{"@type":"ImageObject","inLanguage":"fr-FR","@id":"https:\/\/pen.eu\/produkt\/trinkbecher-calder\/#primaryimage","url":"https:\/\/pen.eu\/wp-content\/uploads\/2024\/10\/0513026113-GDD.jpg","contentUrl":"https:\/\/pen.eu\/wp-content\/uploads\/2024\/10\/0513026113-GDD.jpg","width":1800,"height":1800},{"@type":"BreadcrumbList","@id":"https:\/\/pen.eu\/produkt\/trinkbecher-calder\/#breadcrumb","itemListElement":[{"@type":"ListItem","position":1,"name":"Home","item":"https:\/\/pen.eu\/"},{"@type":"ListItem","position":2,"name":"Shop","item":"https:\/\/pen.eu\/ch\/shop\/"},{"@type":"ListItem","position":3,"name":"Trinkbecher &#8220;Calder&#8221;"}]},{"@type":"WebSite","@id":"https:\/\/pen.eu\/#website","url":"https:\/\/pen.eu\/","name":"PEN.EU","description":"Kugelschreiber bedrucken mit Logo | pen.eu","potentialAction":[{"@type":"SearchAction","target":{"@type":"EntryPoint","urlTemplate":"https:\/\/pen.eu\/?s={search_term_string}"},"query-input":{"@type":"PropertyValueSpecification","valueRequired":true,"valueName":"search_term_string"}}],"inLanguage":"fr-FR"}]}},"_links":{"self":[{"href":"https:\/\/pen.eu\/fr\/wp-json\/wp\/v2\/product\/8062","targetHints":{"allow":["GET"]}}],"collection":[{"href":"https:\/\/pen.eu\/fr\/wp-json\/wp\/v2\/product"}],"about":[{"href":"https:\/\/pen.eu\/fr\/wp-json\/wp\/v2\/types\/product"}],"replies":[{"embeddable":true,"href":"https:\/\/pen.eu\/fr\/wp-json\/wp\/v2\/comments?post=8062"}],"wp:featuredmedia":[{"embeddable":true,"href":"https:\/\/pen.eu\/fr\/wp-json\/wp\/v2\/media\/8087"}],"wp:attachment":[{"href":"https:\/\/pen.eu\/fr\/wp-json\/wp\/v2\/media?parent=8062"}],"wp:term":[{"taxonomy":"product_brand","embeddable":true,"href":"https:\/\/pen.eu\/fr\/wp-json\/wp\/v2\/product_brand?post=8062"},{"taxonomy":"product_cat","embeddable":true,"href":"https:\/\/pen.eu\/fr\/wp-json\/wp\/v2\/product_cat?post=8062"},{"taxonomy":"product_tag","embeddable":true,"href":"https:\/\/pen.eu\/fr\/wp-json\/wp\/v2\/product_tag?post=8062"}],"curies":[{"name":"wp","href":"https:\/\/api.w.org\/{rel}","templated":true}]}}