{"id":8427,"date":"2024-10-27T10:14:52","date_gmt":"2024-10-27T09:14:52","guid":{"rendered":"https:\/\/v2.frank-pen.de\/?post_type=product&#038;p=8427"},"modified":"2025-12-15T08:06:42","modified_gmt":"2025-12-15T07:06:42","slug":"tasse-florida","status":"publish","type":"product","link":"https:\/\/pen.eu\/fr\/produit\/tasse-florida\/","title":{"rendered":"Tasse \u201cFlorida\u201d"},"content":{"rendered":"<p>D\u00e9couvrez la tasse Florida \u2013 un atout \u00e9l\u00e9gant et fonctionnel pour toutes les cuisines ou bureaux. Ce mug de 385 ml en c\u00e9ramique de haute qualit\u00e9 s\u00e9duit par son ext\u00e9rieur mat associ\u00e9 \u00e0 un int\u00e9rieur brillant, pour un look raffin\u00e9. Le motif chevron moderne \u00e0 la base est r\u00e9alis\u00e9 avec une impression UV \u00e9clatante, apportant une touche tendance et contemporaine. Gr\u00e2ce \u00e0 son anse confortable, cette tasse est parfaite pour les boissons chaudes comme froides. Compatible micro-ondes (sans restrictions), elle est id\u00e9ale pour un usage quotidien \u2013 la tasse Caf\u00e9 Chalet allie style, confort et polyvalence. En raison de sa finition, le lavage \u00e0 la main est recommand\u00e9 (\u00e9viter le lave-vaisselle).<\/p>","protected":false},"excerpt":{"rendered":"<p>Lernen Sie die Tasse Florida kennen \u2013 ein elegantes und funktionales Highlight f\u00fcr jede K\u00fcche oder jedes B\u00fcro. Der 385 ml Becher aus hochwertiger Keramik \u00fcberzeugt durch sein mattes \u00c4u\u00dferes in Kombination mit einem gl\u00e4nzenden Innenleben, das f\u00fcr ein edles Erscheinungsbild sorgt. Das moderne Chevron-Muster am unteren Rand wird in brillanter UV-Drucktechnik umgesetzt und verleiht [&hellip;]<\/p>\n","protected":false},"featured_media":8435,"comment_status":"open","ping_status":"closed","template":"","meta":[],"product_brand":[],"product_cat":[248],"product_tag":[683,409,833,834,408,689,832,685],"class_list":{"0":"post-8427","1":"product","2":"type-product","3":"status-publish","4":"has-post-thumbnail","6":"product_cat-trinkgefaesse","7":"product_tag-designcup","8":"product_tag-florida","9":"product_tag-left-39","10":"product_tag-mtop-28","11":"product_tag-mvh","12":"product_tag-slimsize","13":"product_tag-top-20","14":"product_tag-withhandle","15":"pa_farbe-blau","16":"pa_farbe-creme","17":"pa_farbe-dunkelgrau","18":"pa_material-keramik","19":"pa_mindestmenge-357","20":"pa_werbeanbringung-siebdruck","22":"first","23":"instock","24":"taxable","25":"shipping-taxable","26":"purchasable","27":"product-type-variable","28":"add-to-wishlist-after_add_to_cart"},"yoast_head":"<!-- This site is optimized with the Yoast SEO plugin v27.4 - https:\/\/yoast.com\/product\/yoast-seo-wordpress\/ -->\n<title>Tasse &quot;Florida&quot; - PEN.EU<\/title>\n<meta name=\"robots\" content=\"index, follow, max-snippet:-1, max-image-preview:large, max-video-preview:-1\" \/>\n<link rel=\"canonical\" href=\"https:\/\/pen.eu\/fr\/produit\/tasse-florida\/\" \/>\n<meta property=\"og:locale\" content=\"fr_FR\" \/>\n<meta property=\"og:type\" content=\"article\" \/>\n<meta property=\"og:title\" content=\"Tasse &quot;Florida&quot; - PEN.EU\" \/>\n<meta property=\"og:description\" content=\"Lernen Sie die Tasse Florida kennen \u2013 ein elegantes und funktionales Highlight f\u00fcr jede K\u00fcche oder jedes B\u00fcro. Der 385 ml Becher aus hochwertiger Keramik \u00fcberzeugt durch sein mattes \u00c4u\u00dferes in Kombination mit einem gl\u00e4nzenden Innenleben, das f\u00fcr ein edles Erscheinungsbild sorgt. Das moderne Chevron-Muster am unteren Rand wird in brillanter UV-Drucktechnik umgesetzt und verleiht [&hellip;]\" \/>\n<meta property=\"og:url\" content=\"https:\/\/pen.eu\/fr\/produit\/tasse-florida\/\" \/>\n<meta property=\"og:site_name\" content=\"PEN.EU\" \/>\n<meta property=\"article:modified_time\" content=\"2025-12-15T07:06:42+00:00\" \/>\n<meta property=\"og:image\" content=\"https:\/\/pen.eu\/wp-content\/uploads\/2024\/10\/051304111-GS.jpg\" \/>\n\t<meta property=\"og:image:width\" content=\"2000\" \/>\n\t<meta property=\"og:image:height\" content=\"2000\" \/>\n\t<meta property=\"og:image:type\" content=\"image\/jpeg\" \/>\n<meta name=\"twitter:card\" content=\"summary_large_image\" \/>\n<meta name=\"twitter:label1\" content=\"Dur\u00e9e de lecture estim\u00e9e\" \/>\n\t<meta name=\"twitter:data1\" content=\"1 minute\" \/>\n<script type=\"application\/ld+json\" class=\"yoast-schema-graph\">{\"@context\":\"https:\\\/\\\/schema.org\",\"@graph\":[{\"@type\":\"WebPage\",\"@id\":\"https:\\\/\\\/pen.eu\\\/produkt\\\/tasse-florida\\\/\",\"url\":\"https:\\\/\\\/pen.eu\\\/produkt\\\/tasse-florida\\\/\",\"name\":\"Tasse \\\"Florida\\\" - PEN.EU\",\"isPartOf\":{\"@id\":\"https:\\\/\\\/pen.eu\\\/#website\"},\"primaryImageOfPage\":{\"@id\":\"https:\\\/\\\/pen.eu\\\/produkt\\\/tasse-florida\\\/#primaryimage\"},\"image\":{\"@id\":\"https:\\\/\\\/pen.eu\\\/produkt\\\/tasse-florida\\\/#primaryimage\"},\"thumbnailUrl\":\"https:\\\/\\\/pen.eu\\\/wp-content\\\/uploads\\\/2024\\\/10\\\/051304111-GS.jpg\",\"datePublished\":\"2024-10-27T09:14:52+00:00\",\"dateModified\":\"2025-12-15T07:06:42+00:00\",\"breadcrumb\":{\"@id\":\"https:\\\/\\\/pen.eu\\\/produkt\\\/tasse-florida\\\/#breadcrumb\"},\"inLanguage\":\"fr-FR\",\"potentialAction\":[{\"@type\":\"ReadAction\",\"target\":[\"https:\\\/\\\/pen.eu\\\/produkt\\\/tasse-florida\\\/\"]}]},{\"@type\":\"ImageObject\",\"inLanguage\":\"fr-FR\",\"@id\":\"https:\\\/\\\/pen.eu\\\/produkt\\\/tasse-florida\\\/#primaryimage\",\"url\":\"https:\\\/\\\/pen.eu\\\/wp-content\\\/uploads\\\/2024\\\/10\\\/051304111-GS.jpg\",\"contentUrl\":\"https:\\\/\\\/pen.eu\\\/wp-content\\\/uploads\\\/2024\\\/10\\\/051304111-GS.jpg\",\"width\":2000,\"height\":2000},{\"@type\":\"BreadcrumbList\",\"@id\":\"https:\\\/\\\/pen.eu\\\/produkt\\\/tasse-florida\\\/#breadcrumb\",\"itemListElement\":[{\"@type\":\"ListItem\",\"position\":1,\"name\":\"Home\",\"item\":\"https:\\\/\\\/pen.eu\\\/\"},{\"@type\":\"ListItem\",\"position\":2,\"name\":\"Shop\",\"item\":\"https:\\\/\\\/pen.eu\\\/ch\\\/shop\\\/\"},{\"@type\":\"ListItem\",\"position\":3,\"name\":\"Tasse &#8220;Florida&#8221;\"}]},{\"@type\":\"WebSite\",\"@id\":\"https:\\\/\\\/pen.eu\\\/#website\",\"url\":\"https:\\\/\\\/pen.eu\\\/\",\"name\":\"PEN.EU\",\"description\":\"Kugelschreiber bedrucken mit Logo | pen.eu\",\"potentialAction\":[{\"@type\":\"SearchAction\",\"target\":{\"@type\":\"EntryPoint\",\"urlTemplate\":\"https:\\\/\\\/pen.eu\\\/?s={search_term_string}\"},\"query-input\":{\"@type\":\"PropertyValueSpecification\",\"valueRequired\":true,\"valueName\":\"search_term_string\"}}],\"inLanguage\":\"fr-FR\"}]}<\/script>\n<!-- \/ Yoast SEO plugin. -->","yoast_head_json":{"title":"Tasse \"Florida\" - PEN.EU","robots":{"index":"index","follow":"follow","max-snippet":"max-snippet:-1","max-image-preview":"max-image-preview:large","max-video-preview":"max-video-preview:-1"},"canonical":"https:\/\/pen.eu\/fr\/produit\/tasse-florida\/","og_locale":"fr_FR","og_type":"article","og_title":"Tasse \"Florida\" - PEN.EU","og_description":"Lernen Sie die Tasse Florida kennen \u2013 ein elegantes und funktionales Highlight f\u00fcr jede K\u00fcche oder jedes B\u00fcro. Der 385 ml Becher aus hochwertiger Keramik \u00fcberzeugt durch sein mattes \u00c4u\u00dferes in Kombination mit einem gl\u00e4nzenden Innenleben, das f\u00fcr ein edles Erscheinungsbild sorgt. Das moderne Chevron-Muster am unteren Rand wird in brillanter UV-Drucktechnik umgesetzt und verleiht [&hellip;]","og_url":"https:\/\/pen.eu\/fr\/produit\/tasse-florida\/","og_site_name":"PEN.EU","article_modified_time":"2025-12-15T07:06:42+00:00","og_image":[{"width":2000,"height":2000,"url":"https:\/\/pen.eu\/wp-content\/uploads\/2024\/10\/051304111-GS.jpg","type":"image\/jpeg"}],"twitter_card":"summary_large_image","twitter_misc":{"Dur\u00e9e de lecture estim\u00e9e":"1 minute"},"schema":{"@context":"https:\/\/schema.org","@graph":[{"@type":"WebPage","@id":"https:\/\/pen.eu\/produkt\/tasse-florida\/","url":"https:\/\/pen.eu\/produkt\/tasse-florida\/","name":"Tasse \"Florida\" - PEN.EU","isPartOf":{"@id":"https:\/\/pen.eu\/#website"},"primaryImageOfPage":{"@id":"https:\/\/pen.eu\/produkt\/tasse-florida\/#primaryimage"},"image":{"@id":"https:\/\/pen.eu\/produkt\/tasse-florida\/#primaryimage"},"thumbnailUrl":"https:\/\/pen.eu\/wp-content\/uploads\/2024\/10\/051304111-GS.jpg","datePublished":"2024-10-27T09:14:52+00:00","dateModified":"2025-12-15T07:06:42+00:00","breadcrumb":{"@id":"https:\/\/pen.eu\/produkt\/tasse-florida\/#breadcrumb"},"inLanguage":"fr-FR","potentialAction":[{"@type":"ReadAction","target":["https:\/\/pen.eu\/produkt\/tasse-florida\/"]}]},{"@type":"ImageObject","inLanguage":"fr-FR","@id":"https:\/\/pen.eu\/produkt\/tasse-florida\/#primaryimage","url":"https:\/\/pen.eu\/wp-content\/uploads\/2024\/10\/051304111-GS.jpg","contentUrl":"https:\/\/pen.eu\/wp-content\/uploads\/2024\/10\/051304111-GS.jpg","width":2000,"height":2000},{"@type":"BreadcrumbList","@id":"https:\/\/pen.eu\/produkt\/tasse-florida\/#breadcrumb","itemListElement":[{"@type":"ListItem","position":1,"name":"Home","item":"https:\/\/pen.eu\/"},{"@type":"ListItem","position":2,"name":"Shop","item":"https:\/\/pen.eu\/ch\/shop\/"},{"@type":"ListItem","position":3,"name":"Tasse &#8220;Florida&#8221;"}]},{"@type":"WebSite","@id":"https:\/\/pen.eu\/#website","url":"https:\/\/pen.eu\/","name":"PEN.EU","description":"Kugelschreiber bedrucken mit Logo | pen.eu","potentialAction":[{"@type":"SearchAction","target":{"@type":"EntryPoint","urlTemplate":"https:\/\/pen.eu\/?s={search_term_string}"},"query-input":{"@type":"PropertyValueSpecification","valueRequired":true,"valueName":"search_term_string"}}],"inLanguage":"fr-FR"}]}},"_links":{"self":[{"href":"https:\/\/pen.eu\/fr\/wp-json\/wp\/v2\/product\/8427","targetHints":{"allow":["GET"]}}],"collection":[{"href":"https:\/\/pen.eu\/fr\/wp-json\/wp\/v2\/product"}],"about":[{"href":"https:\/\/pen.eu\/fr\/wp-json\/wp\/v2\/types\/product"}],"replies":[{"embeddable":true,"href":"https:\/\/pen.eu\/fr\/wp-json\/wp\/v2\/comments?post=8427"}],"wp:featuredmedia":[{"embeddable":true,"href":"https:\/\/pen.eu\/fr\/wp-json\/wp\/v2\/media\/8435"}],"wp:attachment":[{"href":"https:\/\/pen.eu\/fr\/wp-json\/wp\/v2\/media?parent=8427"}],"wp:term":[{"taxonomy":"product_brand","embeddable":true,"href":"https:\/\/pen.eu\/fr\/wp-json\/wp\/v2\/product_brand?post=8427"},{"taxonomy":"product_cat","embeddable":true,"href":"https:\/\/pen.eu\/fr\/wp-json\/wp\/v2\/product_cat?post=8427"},{"taxonomy":"product_tag","embeddable":true,"href":"https:\/\/pen.eu\/fr\/wp-json\/wp\/v2\/product_tag?post=8427"}],"curies":[{"name":"wp","href":"https:\/\/api.w.org\/{rel}","templated":true}]}}