{"id":8517,"date":"2024-10-28T20:01:52","date_gmt":"2024-10-28T19:01:52","guid":{"rendered":"https:\/\/v2.frank-pen.de\/?post_type=product&#038;p=8517"},"modified":"2025-12-15T08:06:43","modified_gmt":"2025-12-15T07:06:43","slug":"trinkflasche-kai","status":"publish","type":"product","link":"https:\/\/pen.eu\/fr\/produit\/trinkflasche-kai\/","title":{"rendered":"Gobelet \"Kai\""},"content":{"rendered":"<p>La bouteille en acier inoxydable Kai, d\u2019une capacit\u00e9 de 710 ml, s\u00e9duit par son rev\u00eatement par poudre ultra r\u00e9sistant, con\u00e7u pour durer sans s\u2019\u00e9cailler. Gr\u00e2ce \u00e0 son isolation sous vide \u00e0 double paroi, les boissons froides restent fra\u00eeches jusqu\u2019\u00e0 six heures. Le bouchon \u00e0 vis \u00e9tanche avec poign\u00e9e int\u00e9gr\u00e9e en fait un compagnon id\u00e9al pour les d\u00e9placements. Son grand format facilite l\u2019hydratation quotidienne tout en offrant un large espace de marquage. Votre logo peut \u00eatre appos\u00e9 en s\u00e9rigraphie, en impression num\u00e9rique (couleurs) ou en gravure laser \u2013 pour une visibilit\u00e9 maximale au quotidien. Non compatible lave-vaisselle.<\/p>","protected":false},"excerpt":{"rendered":"<p>Die Kai Edelstahlflasche mit 710 ml Fassungsverm\u00f6gen \u00fcberzeugt durch ihre robuste Pulverbeschichtung, die besonders widerstandsf\u00e4hig gegen\u00fcber Absplitterungen ist und so f\u00fcr eine lange Lebensdauer sorgt. Dank der doppelwandigen Vakuumisolierung aus Edelstahl bleiben kalte Getr\u00e4nke bis zu sechs Stunden angenehm k\u00fchl. Der auslaufsichere Schraubdeckel mit praktischem Tragegriff macht die Flasche zum idealen Begleiter f\u00fcr unterwegs. Mit [&hellip;]<\/p>\n","protected":false},"featured_media":8530,"comment_status":"open","ping_status":"closed","template":"","meta":[],"product_brand":[],"product_cat":[248],"product_tag":[682,426,805,836,689,425,835],"class_list":{"0":"post-8517","1":"product","2":"type-product","3":"status-publish","4":"has-post-thumbnail","6":"product_cat-trinkgefaesse","7":"product_tag-designbottle","8":"product_tag-helgoland","9":"product_tag-left-48","10":"product_tag-mwidth-15","11":"product_tag-slimsize","12":"product_tag-wda","13":"product_tag-width-33","14":"pa_farbe-schwarz","15":"pa_farbe-silber","16":"pa_farbe-weiss","17":"pa_material-edelstahl","18":"pa_material-kunststoff","19":"pa_mindestmenge-357","20":"pa_werbeanbringung-digitaldruck","21":"pa_werbeanbringung-lasergravur","22":"pa_werbeanbringung-siebdruck","24":"first","25":"instock","26":"taxable","27":"shipping-taxable","28":"purchasable","29":"product-type-variable","30":"add-to-wishlist-after_add_to_cart"},"yoast_head":"<!-- This site is optimized with the Yoast SEO plugin v27.4 - https:\/\/yoast.com\/product\/yoast-seo-wordpress\/ -->\n<title>Trinkflasche &quot;Kai&quot; - PEN.EU<\/title>\n<meta name=\"robots\" content=\"index, follow, max-snippet:-1, max-image-preview:large, max-video-preview:-1\" \/>\n<link rel=\"canonical\" href=\"https:\/\/pen.eu\/fr\/produit\/trinkflasche-kai\/\" \/>\n<meta property=\"og:locale\" content=\"fr_FR\" \/>\n<meta property=\"og:type\" content=\"article\" \/>\n<meta property=\"og:title\" content=\"Trinkflasche &quot;Kai&quot; - PEN.EU\" \/>\n<meta property=\"og:description\" content=\"Die Kai Edelstahlflasche mit 710 ml Fassungsverm\u00f6gen \u00fcberzeugt durch ihre robuste Pulverbeschichtung, die besonders widerstandsf\u00e4hig gegen\u00fcber Absplitterungen ist und so f\u00fcr eine lange Lebensdauer sorgt. Dank der doppelwandigen Vakuumisolierung aus Edelstahl bleiben kalte Getr\u00e4nke bis zu sechs Stunden angenehm k\u00fchl. Der auslaufsichere Schraubdeckel mit praktischem Tragegriff macht die Flasche zum idealen Begleiter f\u00fcr unterwegs. Mit [&hellip;]\" \/>\n<meta property=\"og:url\" content=\"https:\/\/pen.eu\/fr\/produit\/trinkflasche-kai\/\" \/>\n<meta property=\"og:site_name\" content=\"PEN.EU\" \/>\n<meta property=\"article:modified_time\" content=\"2025-12-15T07:06:43+00:00\" \/>\n<meta property=\"og:image\" content=\"https:\/\/pen.eu\/wp-content\/uploads\/2024\/10\/051304703-GDD.jpg\" \/>\n\t<meta property=\"og:image:width\" content=\"1800\" \/>\n\t<meta property=\"og:image:height\" content=\"1800\" \/>\n\t<meta property=\"og:image:type\" content=\"image\/jpeg\" \/>\n<meta name=\"twitter:card\" content=\"summary_large_image\" \/>\n<meta name=\"twitter:label1\" content=\"Dur\u00e9e de lecture estim\u00e9e\" \/>\n\t<meta name=\"twitter:data1\" content=\"1 minute\" \/>\n<script type=\"application\/ld+json\" class=\"yoast-schema-graph\">{\"@context\":\"https:\\\/\\\/schema.org\",\"@graph\":[{\"@type\":\"WebPage\",\"@id\":\"https:\\\/\\\/pen.eu\\\/produkt\\\/trinkflasche-kai\\\/\",\"url\":\"https:\\\/\\\/pen.eu\\\/produkt\\\/trinkflasche-kai\\\/\",\"name\":\"Trinkflasche \\\"Kai\\\" - PEN.EU\",\"isPartOf\":{\"@id\":\"https:\\\/\\\/pen.eu\\\/#website\"},\"primaryImageOfPage\":{\"@id\":\"https:\\\/\\\/pen.eu\\\/produkt\\\/trinkflasche-kai\\\/#primaryimage\"},\"image\":{\"@id\":\"https:\\\/\\\/pen.eu\\\/produkt\\\/trinkflasche-kai\\\/#primaryimage\"},\"thumbnailUrl\":\"https:\\\/\\\/pen.eu\\\/wp-content\\\/uploads\\\/2024\\\/10\\\/051304703-GDD.jpg\",\"datePublished\":\"2024-10-28T19:01:52+00:00\",\"dateModified\":\"2025-12-15T07:06:43+00:00\",\"breadcrumb\":{\"@id\":\"https:\\\/\\\/pen.eu\\\/produkt\\\/trinkflasche-kai\\\/#breadcrumb\"},\"inLanguage\":\"fr-FR\",\"potentialAction\":[{\"@type\":\"ReadAction\",\"target\":[\"https:\\\/\\\/pen.eu\\\/produkt\\\/trinkflasche-kai\\\/\"]}]},{\"@type\":\"ImageObject\",\"inLanguage\":\"fr-FR\",\"@id\":\"https:\\\/\\\/pen.eu\\\/produkt\\\/trinkflasche-kai\\\/#primaryimage\",\"url\":\"https:\\\/\\\/pen.eu\\\/wp-content\\\/uploads\\\/2024\\\/10\\\/051304703-GDD.jpg\",\"contentUrl\":\"https:\\\/\\\/pen.eu\\\/wp-content\\\/uploads\\\/2024\\\/10\\\/051304703-GDD.jpg\",\"width\":1800,\"height\":1800},{\"@type\":\"BreadcrumbList\",\"@id\":\"https:\\\/\\\/pen.eu\\\/produkt\\\/trinkflasche-kai\\\/#breadcrumb\",\"itemListElement\":[{\"@type\":\"ListItem\",\"position\":1,\"name\":\"Home\",\"item\":\"https:\\\/\\\/pen.eu\\\/\"},{\"@type\":\"ListItem\",\"position\":2,\"name\":\"Shop\",\"item\":\"https:\\\/\\\/pen.eu\\\/ch\\\/shop\\\/\"},{\"@type\":\"ListItem\",\"position\":3,\"name\":\"Trinkflasche &#8220;Kai&#8221;\"}]},{\"@type\":\"WebSite\",\"@id\":\"https:\\\/\\\/pen.eu\\\/#website\",\"url\":\"https:\\\/\\\/pen.eu\\\/\",\"name\":\"PEN.EU\",\"description\":\"Kugelschreiber bedrucken mit Logo | pen.eu\",\"potentialAction\":[{\"@type\":\"SearchAction\",\"target\":{\"@type\":\"EntryPoint\",\"urlTemplate\":\"https:\\\/\\\/pen.eu\\\/?s={search_term_string}\"},\"query-input\":{\"@type\":\"PropertyValueSpecification\",\"valueRequired\":true,\"valueName\":\"search_term_string\"}}],\"inLanguage\":\"fr-FR\"}]}<\/script>\n<!-- \/ Yoast SEO plugin. -->","yoast_head_json":{"title":"Trinkflasche \"Kai\" - PEN.EU","robots":{"index":"index","follow":"follow","max-snippet":"max-snippet:-1","max-image-preview":"max-image-preview:large","max-video-preview":"max-video-preview:-1"},"canonical":"https:\/\/pen.eu\/fr\/produit\/trinkflasche-kai\/","og_locale":"fr_FR","og_type":"article","og_title":"Trinkflasche \"Kai\" - PEN.EU","og_description":"Die Kai Edelstahlflasche mit 710 ml Fassungsverm\u00f6gen \u00fcberzeugt durch ihre robuste Pulverbeschichtung, die besonders widerstandsf\u00e4hig gegen\u00fcber Absplitterungen ist und so f\u00fcr eine lange Lebensdauer sorgt. Dank der doppelwandigen Vakuumisolierung aus Edelstahl bleiben kalte Getr\u00e4nke bis zu sechs Stunden angenehm k\u00fchl. Der auslaufsichere Schraubdeckel mit praktischem Tragegriff macht die Flasche zum idealen Begleiter f\u00fcr unterwegs. Mit [&hellip;]","og_url":"https:\/\/pen.eu\/fr\/produit\/trinkflasche-kai\/","og_site_name":"PEN.EU","article_modified_time":"2025-12-15T07:06:43+00:00","og_image":[{"width":1800,"height":1800,"url":"https:\/\/pen.eu\/wp-content\/uploads\/2024\/10\/051304703-GDD.jpg","type":"image\/jpeg"}],"twitter_card":"summary_large_image","twitter_misc":{"Dur\u00e9e de lecture estim\u00e9e":"1 minute"},"schema":{"@context":"https:\/\/schema.org","@graph":[{"@type":"WebPage","@id":"https:\/\/pen.eu\/produkt\/trinkflasche-kai\/","url":"https:\/\/pen.eu\/produkt\/trinkflasche-kai\/","name":"Trinkflasche \"Kai\" - PEN.EU","isPartOf":{"@id":"https:\/\/pen.eu\/#website"},"primaryImageOfPage":{"@id":"https:\/\/pen.eu\/produkt\/trinkflasche-kai\/#primaryimage"},"image":{"@id":"https:\/\/pen.eu\/produkt\/trinkflasche-kai\/#primaryimage"},"thumbnailUrl":"https:\/\/pen.eu\/wp-content\/uploads\/2024\/10\/051304703-GDD.jpg","datePublished":"2024-10-28T19:01:52+00:00","dateModified":"2025-12-15T07:06:43+00:00","breadcrumb":{"@id":"https:\/\/pen.eu\/produkt\/trinkflasche-kai\/#breadcrumb"},"inLanguage":"fr-FR","potentialAction":[{"@type":"ReadAction","target":["https:\/\/pen.eu\/produkt\/trinkflasche-kai\/"]}]},{"@type":"ImageObject","inLanguage":"fr-FR","@id":"https:\/\/pen.eu\/produkt\/trinkflasche-kai\/#primaryimage","url":"https:\/\/pen.eu\/wp-content\/uploads\/2024\/10\/051304703-GDD.jpg","contentUrl":"https:\/\/pen.eu\/wp-content\/uploads\/2024\/10\/051304703-GDD.jpg","width":1800,"height":1800},{"@type":"BreadcrumbList","@id":"https:\/\/pen.eu\/produkt\/trinkflasche-kai\/#breadcrumb","itemListElement":[{"@type":"ListItem","position":1,"name":"Home","item":"https:\/\/pen.eu\/"},{"@type":"ListItem","position":2,"name":"Shop","item":"https:\/\/pen.eu\/ch\/shop\/"},{"@type":"ListItem","position":3,"name":"Trinkflasche &#8220;Kai&#8221;"}]},{"@type":"WebSite","@id":"https:\/\/pen.eu\/#website","url":"https:\/\/pen.eu\/","name":"PEN.EU","description":"Kugelschreiber bedrucken mit Logo | pen.eu","potentialAction":[{"@type":"SearchAction","target":{"@type":"EntryPoint","urlTemplate":"https:\/\/pen.eu\/?s={search_term_string}"},"query-input":{"@type":"PropertyValueSpecification","valueRequired":true,"valueName":"search_term_string"}}],"inLanguage":"fr-FR"}]}},"_links":{"self":[{"href":"https:\/\/pen.eu\/fr\/wp-json\/wp\/v2\/product\/8517","targetHints":{"allow":["GET"]}}],"collection":[{"href":"https:\/\/pen.eu\/fr\/wp-json\/wp\/v2\/product"}],"about":[{"href":"https:\/\/pen.eu\/fr\/wp-json\/wp\/v2\/types\/product"}],"replies":[{"embeddable":true,"href":"https:\/\/pen.eu\/fr\/wp-json\/wp\/v2\/comments?post=8517"}],"wp:featuredmedia":[{"embeddable":true,"href":"https:\/\/pen.eu\/fr\/wp-json\/wp\/v2\/media\/8530"}],"wp:attachment":[{"href":"https:\/\/pen.eu\/fr\/wp-json\/wp\/v2\/media?parent=8517"}],"wp:term":[{"taxonomy":"product_brand","embeddable":true,"href":"https:\/\/pen.eu\/fr\/wp-json\/wp\/v2\/product_brand?post=8517"},{"taxonomy":"product_cat","embeddable":true,"href":"https:\/\/pen.eu\/fr\/wp-json\/wp\/v2\/product_cat?post=8517"},{"taxonomy":"product_tag","embeddable":true,"href":"https:\/\/pen.eu\/fr\/wp-json\/wp\/v2\/product_tag?post=8517"}],"curies":[{"name":"wp","href":"https:\/\/api.w.org\/{rel}","templated":true}]}}