{"id":8625,"date":"2024-11-03T09:53:07","date_gmt":"2024-11-03T08:53:07","guid":{"rendered":"https:\/\/v2.frank-pen.de\/?post_type=product&#038;p=8625"},"modified":"2025-10-22T21:14:59","modified_gmt":"2025-10-22T19:14:59","slug":"baumwolltasche-moti","status":"publish","type":"product","link":"https:\/\/pen.eu\/fr\/produit\/baumwolltasche-moti\/","title":{"rendered":"Sac en coton \"Moti\""},"content":{"rendered":"<p data-start=\"106\" data-end=\"459\">Moti \u2013 le sac durable pour une communication de marque percutante\nLe sac Moti en toile de coton recycl\u00e9 (140 g\/m\u00b2) allie praticit\u00e9 au quotidien et engagement \u00e9cologique pour votre marque. Fabriqu\u00e9 \u00e0 55 % de coton recycl\u00e9 et \u00e0 45 % de polyester, il est \u00e0 la fois r\u00e9sistant, l\u00e9ger et lavable en machine \u2013 parfait pour un usage quotidien. Ses deux poign\u00e9es solides et sa capacit\u00e9 de charge jusqu\u2019\u00e0 10 kg en font un compagnon pratique de tous les jours. Que ce soit au bureau, en course ou en d\u00e9placement, ce sac r\u00e9utilisable est un excellent support publicitaire qui valorise votre marque tout en affirmant votre engagement durable.<\/p>","protected":false},"excerpt":{"rendered":"<p>Moti \u2013 die nachhaltige Tragetasche f\u00fcr starke Markenauftritte Die Tasche Moti aus recyceltem Baumwolltuch (140 g\/m\u00b2) verbindet Alltagstauglichkeit mit umweltbewusster Markenpr\u00e4senz. Hergestellt aus 55 % recycelter Baumwolle und 45 % Polyester, ist sie nicht nur robust und leicht, sondern auch waschmaschinenfest \u2013 ideal f\u00fcr den t\u00e4glichen Einsatz. Mit zwei stabilen Tragegriffen und einer Tragkraft von [&hellip;]<\/p>\n","protected":false},"featured_media":8638,"comment_status":"open","ping_status":"closed","template":"","meta":[],"product_brand":[],"product_cat":[249],"product_tag":[444,799,445],"class_list":{"0":"post-8625","1":"product","2":"type-product","3":"status-publish","4":"has-post-thumbnail","6":"product_cat-taschen","7":"product_tag-prag","8":"product_tag-slimlogo","9":"product_tag-ugo","10":"pa_eigenschaft-rco","11":"pa_farbe-grau","12":"pa_farbe-marine","13":"pa_farbe-natuerlich","14":"pa_farbe-rot","15":"pa_material-baumwolle","16":"pa_material-polyester","17":"pa_mindestmenge-326","18":"pa_werbeanbringung-siebdruck","19":"pa_werbeanbringung-thermische-transferdruck","21":"first","22":"instock","23":"taxable","24":"shipping-taxable","25":"purchasable","26":"product-type-variable","27":"has-default-attributes","28":"add-to-wishlist-after_add_to_cart"},"yoast_head":"<!-- This site is optimized with the Yoast SEO plugin v27.4 - https:\/\/yoast.com\/product\/yoast-seo-wordpress\/ -->\n<title>Baumwolltasche &quot;Moti&quot; - PEN.EU<\/title>\n<meta name=\"robots\" content=\"index, follow, max-snippet:-1, max-image-preview:large, max-video-preview:-1\" \/>\n<link rel=\"canonical\" href=\"https:\/\/pen.eu\/fr\/produit\/baumwolltasche-moti\/\" \/>\n<meta property=\"og:locale\" content=\"fr_FR\" \/>\n<meta property=\"og:type\" content=\"article\" \/>\n<meta property=\"og:title\" content=\"Baumwolltasche &quot;Moti&quot; - PEN.EU\" \/>\n<meta property=\"og:description\" content=\"Moti \u2013 die nachhaltige Tragetasche f\u00fcr starke Markenauftritte Die Tasche Moti aus recyceltem Baumwolltuch (140 g\/m\u00b2) verbindet Alltagstauglichkeit mit umweltbewusster Markenpr\u00e4senz. Hergestellt aus 55 % recycelter Baumwolle und 45 % Polyester, ist sie nicht nur robust und leicht, sondern auch waschmaschinenfest \u2013 ideal f\u00fcr den t\u00e4glichen Einsatz. Mit zwei stabilen Tragegriffen und einer Tragkraft von [&hellip;]\" \/>\n<meta property=\"og:url\" content=\"https:\/\/pen.eu\/fr\/produit\/baumwolltasche-moti\/\" \/>\n<meta property=\"og:site_name\" content=\"PEN.EU\" \/>\n<meta property=\"article:modified_time\" content=\"2025-10-22T19:14:59+00:00\" \/>\n<meta property=\"og:image\" content=\"https:\/\/pen.eu\/wp-content\/uploads\/2024\/11\/051402119-GS.jpg\" \/>\n\t<meta property=\"og:image:width\" content=\"1800\" \/>\n\t<meta property=\"og:image:height\" content=\"1800\" \/>\n\t<meta property=\"og:image:type\" content=\"image\/jpeg\" \/>\n<meta name=\"twitter:card\" content=\"summary_large_image\" \/>\n<script type=\"application\/ld+json\" class=\"yoast-schema-graph\">{\"@context\":\"https:\\\/\\\/schema.org\",\"@graph\":[{\"@type\":\"WebPage\",\"@id\":\"https:\\\/\\\/pen.eu\\\/produkt\\\/baumwolltasche-moti\\\/\",\"url\":\"https:\\\/\\\/pen.eu\\\/produkt\\\/baumwolltasche-moti\\\/\",\"name\":\"Baumwolltasche \\\"Moti\\\" - PEN.EU\",\"isPartOf\":{\"@id\":\"https:\\\/\\\/pen.eu\\\/#website\"},\"primaryImageOfPage\":{\"@id\":\"https:\\\/\\\/pen.eu\\\/produkt\\\/baumwolltasche-moti\\\/#primaryimage\"},\"image\":{\"@id\":\"https:\\\/\\\/pen.eu\\\/produkt\\\/baumwolltasche-moti\\\/#primaryimage\"},\"thumbnailUrl\":\"https:\\\/\\\/pen.eu\\\/wp-content\\\/uploads\\\/2024\\\/11\\\/051402119-GS.jpg\",\"datePublished\":\"2024-11-03T08:53:07+00:00\",\"dateModified\":\"2025-10-22T19:14:59+00:00\",\"breadcrumb\":{\"@id\":\"https:\\\/\\\/pen.eu\\\/produkt\\\/baumwolltasche-moti\\\/#breadcrumb\"},\"inLanguage\":\"fr-FR\",\"potentialAction\":[{\"@type\":\"ReadAction\",\"target\":[\"https:\\\/\\\/pen.eu\\\/produkt\\\/baumwolltasche-moti\\\/\"]}]},{\"@type\":\"ImageObject\",\"inLanguage\":\"fr-FR\",\"@id\":\"https:\\\/\\\/pen.eu\\\/produkt\\\/baumwolltasche-moti\\\/#primaryimage\",\"url\":\"https:\\\/\\\/pen.eu\\\/wp-content\\\/uploads\\\/2024\\\/11\\\/051402119-GS.jpg\",\"contentUrl\":\"https:\\\/\\\/pen.eu\\\/wp-content\\\/uploads\\\/2024\\\/11\\\/051402119-GS.jpg\",\"width\":1800,\"height\":1800},{\"@type\":\"BreadcrumbList\",\"@id\":\"https:\\\/\\\/pen.eu\\\/produkt\\\/baumwolltasche-moti\\\/#breadcrumb\",\"itemListElement\":[{\"@type\":\"ListItem\",\"position\":1,\"name\":\"Home\",\"item\":\"https:\\\/\\\/pen.eu\\\/\"},{\"@type\":\"ListItem\",\"position\":2,\"name\":\"Shop\",\"item\":\"https:\\\/\\\/pen.eu\\\/ch\\\/shop\\\/\"},{\"@type\":\"ListItem\",\"position\":3,\"name\":\"Baumwolltasche &#8220;Moti&#8221;\"}]},{\"@type\":\"WebSite\",\"@id\":\"https:\\\/\\\/pen.eu\\\/#website\",\"url\":\"https:\\\/\\\/pen.eu\\\/\",\"name\":\"PEN.EU\",\"description\":\"Kugelschreiber bedrucken mit Logo | pen.eu\",\"potentialAction\":[{\"@type\":\"SearchAction\",\"target\":{\"@type\":\"EntryPoint\",\"urlTemplate\":\"https:\\\/\\\/pen.eu\\\/?s={search_term_string}\"},\"query-input\":{\"@type\":\"PropertyValueSpecification\",\"valueRequired\":true,\"valueName\":\"search_term_string\"}}],\"inLanguage\":\"fr-FR\"}]}<\/script>\n<!-- \/ Yoast SEO plugin. -->","yoast_head_json":{"title":"Baumwolltasche \"Moti\" - PEN.EU","robots":{"index":"index","follow":"follow","max-snippet":"max-snippet:-1","max-image-preview":"max-image-preview:large","max-video-preview":"max-video-preview:-1"},"canonical":"https:\/\/pen.eu\/fr\/produit\/baumwolltasche-moti\/","og_locale":"fr_FR","og_type":"article","og_title":"Baumwolltasche \"Moti\" - PEN.EU","og_description":"Moti \u2013 die nachhaltige Tragetasche f\u00fcr starke Markenauftritte Die Tasche Moti aus recyceltem Baumwolltuch (140 g\/m\u00b2) verbindet Alltagstauglichkeit mit umweltbewusster Markenpr\u00e4senz. Hergestellt aus 55 % recycelter Baumwolle und 45 % Polyester, ist sie nicht nur robust und leicht, sondern auch waschmaschinenfest \u2013 ideal f\u00fcr den t\u00e4glichen Einsatz. Mit zwei stabilen Tragegriffen und einer Tragkraft von [&hellip;]","og_url":"https:\/\/pen.eu\/fr\/produit\/baumwolltasche-moti\/","og_site_name":"PEN.EU","article_modified_time":"2025-10-22T19:14:59+00:00","og_image":[{"width":1800,"height":1800,"url":"https:\/\/pen.eu\/wp-content\/uploads\/2024\/11\/051402119-GS.jpg","type":"image\/jpeg"}],"twitter_card":"summary_large_image","schema":{"@context":"https:\/\/schema.org","@graph":[{"@type":"WebPage","@id":"https:\/\/pen.eu\/produkt\/baumwolltasche-moti\/","url":"https:\/\/pen.eu\/produkt\/baumwolltasche-moti\/","name":"Baumwolltasche \"Moti\" - PEN.EU","isPartOf":{"@id":"https:\/\/pen.eu\/#website"},"primaryImageOfPage":{"@id":"https:\/\/pen.eu\/produkt\/baumwolltasche-moti\/#primaryimage"},"image":{"@id":"https:\/\/pen.eu\/produkt\/baumwolltasche-moti\/#primaryimage"},"thumbnailUrl":"https:\/\/pen.eu\/wp-content\/uploads\/2024\/11\/051402119-GS.jpg","datePublished":"2024-11-03T08:53:07+00:00","dateModified":"2025-10-22T19:14:59+00:00","breadcrumb":{"@id":"https:\/\/pen.eu\/produkt\/baumwolltasche-moti\/#breadcrumb"},"inLanguage":"fr-FR","potentialAction":[{"@type":"ReadAction","target":["https:\/\/pen.eu\/produkt\/baumwolltasche-moti\/"]}]},{"@type":"ImageObject","inLanguage":"fr-FR","@id":"https:\/\/pen.eu\/produkt\/baumwolltasche-moti\/#primaryimage","url":"https:\/\/pen.eu\/wp-content\/uploads\/2024\/11\/051402119-GS.jpg","contentUrl":"https:\/\/pen.eu\/wp-content\/uploads\/2024\/11\/051402119-GS.jpg","width":1800,"height":1800},{"@type":"BreadcrumbList","@id":"https:\/\/pen.eu\/produkt\/baumwolltasche-moti\/#breadcrumb","itemListElement":[{"@type":"ListItem","position":1,"name":"Home","item":"https:\/\/pen.eu\/"},{"@type":"ListItem","position":2,"name":"Shop","item":"https:\/\/pen.eu\/ch\/shop\/"},{"@type":"ListItem","position":3,"name":"Baumwolltasche &#8220;Moti&#8221;"}]},{"@type":"WebSite","@id":"https:\/\/pen.eu\/#website","url":"https:\/\/pen.eu\/","name":"PEN.EU","description":"Kugelschreiber bedrucken mit Logo | pen.eu","potentialAction":[{"@type":"SearchAction","target":{"@type":"EntryPoint","urlTemplate":"https:\/\/pen.eu\/?s={search_term_string}"},"query-input":{"@type":"PropertyValueSpecification","valueRequired":true,"valueName":"search_term_string"}}],"inLanguage":"fr-FR"}]}},"_links":{"self":[{"href":"https:\/\/pen.eu\/fr\/wp-json\/wp\/v2\/product\/8625","targetHints":{"allow":["GET"]}}],"collection":[{"href":"https:\/\/pen.eu\/fr\/wp-json\/wp\/v2\/product"}],"about":[{"href":"https:\/\/pen.eu\/fr\/wp-json\/wp\/v2\/types\/product"}],"replies":[{"embeddable":true,"href":"https:\/\/pen.eu\/fr\/wp-json\/wp\/v2\/comments?post=8625"}],"wp:featuredmedia":[{"embeddable":true,"href":"https:\/\/pen.eu\/fr\/wp-json\/wp\/v2\/media\/8638"}],"wp:attachment":[{"href":"https:\/\/pen.eu\/fr\/wp-json\/wp\/v2\/media?parent=8625"}],"wp:term":[{"taxonomy":"product_brand","embeddable":true,"href":"https:\/\/pen.eu\/fr\/wp-json\/wp\/v2\/product_brand?post=8625"},{"taxonomy":"product_cat","embeddable":true,"href":"https:\/\/pen.eu\/fr\/wp-json\/wp\/v2\/product_cat?post=8625"},{"taxonomy":"product_tag","embeddable":true,"href":"https:\/\/pen.eu\/fr\/wp-json\/wp\/v2\/product_tag?post=8625"}],"curies":[{"name":"wp","href":"https:\/\/api.w.org\/{rel}","templated":true}]}}