{"id":8675,"date":"2024-11-03T12:34:39","date_gmt":"2024-11-03T11:34:39","guid":{"rendered":"https:\/\/v2.frank-pen.de\/?post_type=product&#038;p=8675"},"modified":"2026-01-22T10:42:56","modified_gmt":"2026-01-22T09:42:56","slug":"einkaufstasche-bergen","status":"publish","type":"product","link":"https:\/\/pen.eu\/fr\/produit\/einkaufstasche-bergen\/","title":{"rendered":"Sac de courses \"Bergen\""},"content":{"rendered":"<p data-start=\"84\" data-end=\"309\">Sac cabas Bergen \u2013 Durable, fonctionnel et percutant.\nLe sac cabas Bergen est fabriqu\u00e9 en tissu non tiss\u00e9 rPET issu de bouteilles plastiques recycl\u00e9es \u2013 une d\u00e9claration forte en faveur d\u2019une communication de marque \u00e9coresponsable. Ses panneaux lat\u00e9raux et anses gris contrastants, associ\u00e9s \u00e0 des coloris vifs, attirent tous les regards. Sa grande poche frontale offre un espace pratique pour le t\u00e9l\u00e9phone, les cl\u00e9s ou d\u2019autres petits objets \u2013 id\u00e9al au quotidien ou pour faire les courses. Ce sac polyvalent peut \u00eatre personnalis\u00e9 en s\u00e9rigraphie une couleur \u2013 pour une visibilit\u00e9 durable et \u00e9l\u00e9gante de votre marque.<\/p>","protected":false},"excerpt":{"rendered":"<p>Tragetasche Bergen \u2013 Nachhaltig, funktional, aufmerksamkeitsstark. Die Bergen Tragetasche besteht aus rPET-Vliesstoff, gewonnen aus recycelten Kunststoffflaschen \u2013 ein klares Zeichen f\u00fcr umweltbewusste Markenkommunikation. Mit ihren kontrastreich grauen Seitenteilen und Griffen sowie auff\u00e4lligen Farbkombinationen zieht sie alle Blicke auf sich. Die gro\u00dfz\u00fcgige Vordertasche bietet zus\u00e4tzlichen Stauraum f\u00fcr Smartphone, Schl\u00fcssel oder andere Kleinigkeiten \u2013 ideal f\u00fcr den [&hellip;]<\/p>\n","protected":false},"featured_media":8692,"comment_status":"open","ping_status":"closed","template":"","meta":[],"product_brand":[],"product_cat":[249],"product_tag":[376,799,449],"class_list":{"0":"post-8675","1":"product","2":"type-product","3":"status-publish","4":"has-post-thumbnail","6":"product_cat-taschen","7":"product_tag-bergen","8":"product_tag-slimlogo","9":"product_tag-ufx","10":"pa_farbe-blaugruen","11":"pa_farbe-dunkelblau","12":"pa_farbe-grau","13":"pa_farbe-orange","14":"pa_material-polyester","15":"pa_material-vliesstoff","16":"pa_werbeanbringung-siebdruck","18":"first","19":"instock","20":"taxable","21":"shipping-taxable","22":"purchasable","23":"product-type-variable","24":"add-to-wishlist-after_add_to_cart"},"yoast_head":"<!-- This site is optimized with the Yoast SEO plugin v27.4 - https:\/\/yoast.com\/product\/yoast-seo-wordpress\/ -->\n<title>Einkaufstasche &quot;Bergen&quot; - PEN.EU<\/title>\n<meta name=\"robots\" content=\"index, follow, max-snippet:-1, max-image-preview:large, max-video-preview:-1\" \/>\n<link rel=\"canonical\" href=\"https:\/\/pen.eu\/fr\/produit\/einkaufstasche-bergen\/\" \/>\n<meta property=\"og:locale\" content=\"fr_FR\" \/>\n<meta property=\"og:type\" content=\"article\" \/>\n<meta property=\"og:title\" content=\"Einkaufstasche &quot;Bergen&quot; - PEN.EU\" \/>\n<meta property=\"og:description\" content=\"Tragetasche Bergen \u2013 Nachhaltig, funktional, aufmerksamkeitsstark. Die Bergen Tragetasche besteht aus rPET-Vliesstoff, gewonnen aus recycelten Kunststoffflaschen \u2013 ein klares Zeichen f\u00fcr umweltbewusste Markenkommunikation. Mit ihren kontrastreich grauen Seitenteilen und Griffen sowie auff\u00e4lligen Farbkombinationen zieht sie alle Blicke auf sich. Die gro\u00dfz\u00fcgige Vordertasche bietet zus\u00e4tzlichen Stauraum f\u00fcr Smartphone, Schl\u00fcssel oder andere Kleinigkeiten \u2013 ideal f\u00fcr den [&hellip;]\" \/>\n<meta property=\"og:url\" content=\"https:\/\/pen.eu\/fr\/produit\/einkaufstasche-bergen\/\" \/>\n<meta property=\"og:site_name\" content=\"PEN.EU\" \/>\n<meta property=\"article:modified_time\" content=\"2026-01-22T09:42:56+00:00\" \/>\n<meta property=\"og:image\" content=\"https:\/\/pen.eu\/wp-content\/uploads\/2024\/11\/051402304-GS.jpg\" \/>\n\t<meta property=\"og:image:width\" content=\"1800\" \/>\n\t<meta property=\"og:image:height\" content=\"1800\" \/>\n\t<meta property=\"og:image:type\" content=\"image\/jpeg\" \/>\n<meta name=\"twitter:card\" content=\"summary_large_image\" \/>\n<script type=\"application\/ld+json\" class=\"yoast-schema-graph\">{\"@context\":\"https:\\\/\\\/schema.org\",\"@graph\":[{\"@type\":\"WebPage\",\"@id\":\"https:\\\/\\\/pen.eu\\\/produkt\\\/einkaufstasche-bergen\\\/\",\"url\":\"https:\\\/\\\/pen.eu\\\/produkt\\\/einkaufstasche-bergen\\\/\",\"name\":\"Einkaufstasche \\\"Bergen\\\" - PEN.EU\",\"isPartOf\":{\"@id\":\"https:\\\/\\\/pen.eu\\\/#website\"},\"primaryImageOfPage\":{\"@id\":\"https:\\\/\\\/pen.eu\\\/produkt\\\/einkaufstasche-bergen\\\/#primaryimage\"},\"image\":{\"@id\":\"https:\\\/\\\/pen.eu\\\/produkt\\\/einkaufstasche-bergen\\\/#primaryimage\"},\"thumbnailUrl\":\"https:\\\/\\\/pen.eu\\\/wp-content\\\/uploads\\\/2024\\\/11\\\/051402304-GS.jpg\",\"datePublished\":\"2024-11-03T11:34:39+00:00\",\"dateModified\":\"2026-01-22T09:42:56+00:00\",\"breadcrumb\":{\"@id\":\"https:\\\/\\\/pen.eu\\\/produkt\\\/einkaufstasche-bergen\\\/#breadcrumb\"},\"inLanguage\":\"fr-FR\",\"potentialAction\":[{\"@type\":\"ReadAction\",\"target\":[\"https:\\\/\\\/pen.eu\\\/produkt\\\/einkaufstasche-bergen\\\/\"]}]},{\"@type\":\"ImageObject\",\"inLanguage\":\"fr-FR\",\"@id\":\"https:\\\/\\\/pen.eu\\\/produkt\\\/einkaufstasche-bergen\\\/#primaryimage\",\"url\":\"https:\\\/\\\/pen.eu\\\/wp-content\\\/uploads\\\/2024\\\/11\\\/051402304-GS.jpg\",\"contentUrl\":\"https:\\\/\\\/pen.eu\\\/wp-content\\\/uploads\\\/2024\\\/11\\\/051402304-GS.jpg\",\"width\":1800,\"height\":1800},{\"@type\":\"BreadcrumbList\",\"@id\":\"https:\\\/\\\/pen.eu\\\/produkt\\\/einkaufstasche-bergen\\\/#breadcrumb\",\"itemListElement\":[{\"@type\":\"ListItem\",\"position\":1,\"name\":\"Home\",\"item\":\"https:\\\/\\\/pen.eu\\\/\"},{\"@type\":\"ListItem\",\"position\":2,\"name\":\"Shop\",\"item\":\"https:\\\/\\\/pen.eu\\\/ch\\\/shop\\\/\"},{\"@type\":\"ListItem\",\"position\":3,\"name\":\"Einkaufstasche &#8220;Bergen&#8221;\"}]},{\"@type\":\"WebSite\",\"@id\":\"https:\\\/\\\/pen.eu\\\/#website\",\"url\":\"https:\\\/\\\/pen.eu\\\/\",\"name\":\"PEN.EU\",\"description\":\"Kugelschreiber bedrucken mit Logo | pen.eu\",\"potentialAction\":[{\"@type\":\"SearchAction\",\"target\":{\"@type\":\"EntryPoint\",\"urlTemplate\":\"https:\\\/\\\/pen.eu\\\/?s={search_term_string}\"},\"query-input\":{\"@type\":\"PropertyValueSpecification\",\"valueRequired\":true,\"valueName\":\"search_term_string\"}}],\"inLanguage\":\"fr-FR\"}]}<\/script>\n<!-- \/ Yoast SEO plugin. -->","yoast_head_json":{"title":"Einkaufstasche \"Bergen\" - PEN.EU","robots":{"index":"index","follow":"follow","max-snippet":"max-snippet:-1","max-image-preview":"max-image-preview:large","max-video-preview":"max-video-preview:-1"},"canonical":"https:\/\/pen.eu\/fr\/produit\/einkaufstasche-bergen\/","og_locale":"fr_FR","og_type":"article","og_title":"Einkaufstasche \"Bergen\" - PEN.EU","og_description":"Tragetasche Bergen \u2013 Nachhaltig, funktional, aufmerksamkeitsstark. Die Bergen Tragetasche besteht aus rPET-Vliesstoff, gewonnen aus recycelten Kunststoffflaschen \u2013 ein klares Zeichen f\u00fcr umweltbewusste Markenkommunikation. Mit ihren kontrastreich grauen Seitenteilen und Griffen sowie auff\u00e4lligen Farbkombinationen zieht sie alle Blicke auf sich. Die gro\u00dfz\u00fcgige Vordertasche bietet zus\u00e4tzlichen Stauraum f\u00fcr Smartphone, Schl\u00fcssel oder andere Kleinigkeiten \u2013 ideal f\u00fcr den [&hellip;]","og_url":"https:\/\/pen.eu\/fr\/produit\/einkaufstasche-bergen\/","og_site_name":"PEN.EU","article_modified_time":"2026-01-22T09:42:56+00:00","og_image":[{"width":1800,"height":1800,"url":"https:\/\/pen.eu\/wp-content\/uploads\/2024\/11\/051402304-GS.jpg","type":"image\/jpeg"}],"twitter_card":"summary_large_image","schema":{"@context":"https:\/\/schema.org","@graph":[{"@type":"WebPage","@id":"https:\/\/pen.eu\/produkt\/einkaufstasche-bergen\/","url":"https:\/\/pen.eu\/produkt\/einkaufstasche-bergen\/","name":"Einkaufstasche \"Bergen\" - PEN.EU","isPartOf":{"@id":"https:\/\/pen.eu\/#website"},"primaryImageOfPage":{"@id":"https:\/\/pen.eu\/produkt\/einkaufstasche-bergen\/#primaryimage"},"image":{"@id":"https:\/\/pen.eu\/produkt\/einkaufstasche-bergen\/#primaryimage"},"thumbnailUrl":"https:\/\/pen.eu\/wp-content\/uploads\/2024\/11\/051402304-GS.jpg","datePublished":"2024-11-03T11:34:39+00:00","dateModified":"2026-01-22T09:42:56+00:00","breadcrumb":{"@id":"https:\/\/pen.eu\/produkt\/einkaufstasche-bergen\/#breadcrumb"},"inLanguage":"fr-FR","potentialAction":[{"@type":"ReadAction","target":["https:\/\/pen.eu\/produkt\/einkaufstasche-bergen\/"]}]},{"@type":"ImageObject","inLanguage":"fr-FR","@id":"https:\/\/pen.eu\/produkt\/einkaufstasche-bergen\/#primaryimage","url":"https:\/\/pen.eu\/wp-content\/uploads\/2024\/11\/051402304-GS.jpg","contentUrl":"https:\/\/pen.eu\/wp-content\/uploads\/2024\/11\/051402304-GS.jpg","width":1800,"height":1800},{"@type":"BreadcrumbList","@id":"https:\/\/pen.eu\/produkt\/einkaufstasche-bergen\/#breadcrumb","itemListElement":[{"@type":"ListItem","position":1,"name":"Home","item":"https:\/\/pen.eu\/"},{"@type":"ListItem","position":2,"name":"Shop","item":"https:\/\/pen.eu\/ch\/shop\/"},{"@type":"ListItem","position":3,"name":"Einkaufstasche &#8220;Bergen&#8221;"}]},{"@type":"WebSite","@id":"https:\/\/pen.eu\/#website","url":"https:\/\/pen.eu\/","name":"PEN.EU","description":"Kugelschreiber bedrucken mit Logo | pen.eu","potentialAction":[{"@type":"SearchAction","target":{"@type":"EntryPoint","urlTemplate":"https:\/\/pen.eu\/?s={search_term_string}"},"query-input":{"@type":"PropertyValueSpecification","valueRequired":true,"valueName":"search_term_string"}}],"inLanguage":"fr-FR"}]}},"_links":{"self":[{"href":"https:\/\/pen.eu\/fr\/wp-json\/wp\/v2\/product\/8675","targetHints":{"allow":["GET"]}}],"collection":[{"href":"https:\/\/pen.eu\/fr\/wp-json\/wp\/v2\/product"}],"about":[{"href":"https:\/\/pen.eu\/fr\/wp-json\/wp\/v2\/types\/product"}],"replies":[{"embeddable":true,"href":"https:\/\/pen.eu\/fr\/wp-json\/wp\/v2\/comments?post=8675"}],"wp:featuredmedia":[{"embeddable":true,"href":"https:\/\/pen.eu\/fr\/wp-json\/wp\/v2\/media\/8692"}],"wp:attachment":[{"href":"https:\/\/pen.eu\/fr\/wp-json\/wp\/v2\/media?parent=8675"}],"wp:term":[{"taxonomy":"product_brand","embeddable":true,"href":"https:\/\/pen.eu\/fr\/wp-json\/wp\/v2\/product_brand?post=8675"},{"taxonomy":"product_cat","embeddable":true,"href":"https:\/\/pen.eu\/fr\/wp-json\/wp\/v2\/product_cat?post=8675"},{"taxonomy":"product_tag","embeddable":true,"href":"https:\/\/pen.eu\/fr\/wp-json\/wp\/v2\/product_tag?post=8675"}],"curies":[{"name":"wp","href":"https:\/\/api.w.org\/{rel}","templated":true}]}}