{"id":8724,"date":"2024-11-03T17:46:57","date_gmt":"2024-11-03T16:46:57","guid":{"rendered":"https:\/\/v2.frank-pen.de\/?post_type=product&#038;p=8724"},"modified":"2025-10-22T21:17:47","modified_gmt":"2025-10-22T19:17:47","slug":"baumwolltasche-troy","status":"publish","type":"product","link":"https:\/\/pen.eu\/fr\/produit\/baumwolltasche-troy\/","title":{"rendered":"Sac en coton \"Troy\""},"content":{"rendered":"<p data-start=\"129\" data-end=\"436\">Le sac \u00e0 dos Troy \u00e0 cordon de serrage offre deux fonctions dans un seul design astucieux : dot\u00e9 de poign\u00e9es sup\u00e9rieures et d\u2019un cordon pratique, il se porte aussi bien \u00e0 la main qu\u2019en sac \u00e0 dos. Fabriqu\u00e9 \u00e0 55 % en coton recycl\u00e9 et \u00e0 45 % en coton neuf (140 g\/m\u00b2), il constitue un excellent choix pour les entreprises soucieuses de l\u2019environnement. Avec une capacit\u00e9 de charge allant jusqu\u2019\u00e0 10 kg, il offre non seulement un grand espace de rangement, mais aussi une surface g\u00e9n\u00e9reuse pour mettre en valeur votre message publicitaire. Un support promotionnel polyvalent qui attire l\u2019attention au quotidien et marque les esprits durablement.<\/p>","protected":false},"excerpt":{"rendered":"<p>Der Rucksack Troy mit Kordelzug vereint gleich zwei Funktionen in einem durchdachten Design: Mit Tragegriffen an der Oberseite und einem praktischen Kordelzug l\u00e4sst sich die Tasche sowohl klassisch als auch bequem als Rucksack tragen. Gefertigt aus 55 % recycelter und 45 % neuer Baumwolle (140 g\/m\u00b2), ist sie die perfekte Wahl f\u00fcr umweltbewusste Unternehmen. Mit [&hellip;]<\/p>\n","protected":false},"featured_media":8737,"comment_status":"open","ping_status":"closed","template":"","meta":[],"product_brand":[],"product_cat":[249],"product_tag":[454,687,455],"class_list":{"0":"post-8724","1":"product","2":"type-product","3":"status-publish","4":"has-post-thumbnail","6":"product_cat-taschen","7":"product_tag-bag","8":"product_tag-logomiddle","9":"product_tag-ugp","10":"pa_eigenschaft-rco","11":"pa_farbe-grau","12":"pa_farbe-marine","13":"pa_farbe-natuerlich","14":"pa_farbe-rot","15":"pa_material-baumwolle","16":"pa_mindestmenge-326","17":"pa_werbeanbringung-siebdruck","19":"first","20":"instock","21":"taxable","22":"shipping-taxable","23":"purchasable","24":"product-type-variable","25":"add-to-wishlist-after_add_to_cart"},"yoast_head":"<!-- This site is optimized with the Yoast SEO plugin v27.4 - https:\/\/yoast.com\/product\/yoast-seo-wordpress\/ -->\n<title>Baumwolltasche &quot;Troy&quot; - PEN.EU<\/title>\n<meta name=\"robots\" content=\"index, follow, max-snippet:-1, max-image-preview:large, max-video-preview:-1\" \/>\n<link rel=\"canonical\" href=\"https:\/\/pen.eu\/fr\/produit\/baumwolltasche-troy\/\" \/>\n<meta property=\"og:locale\" content=\"fr_FR\" \/>\n<meta property=\"og:type\" content=\"article\" \/>\n<meta property=\"og:title\" content=\"Baumwolltasche &quot;Troy&quot; - PEN.EU\" \/>\n<meta property=\"og:description\" content=\"Der Rucksack Troy mit Kordelzug vereint gleich zwei Funktionen in einem durchdachten Design: Mit Tragegriffen an der Oberseite und einem praktischen Kordelzug l\u00e4sst sich die Tasche sowohl klassisch als auch bequem als Rucksack tragen. Gefertigt aus 55 % recycelter und 45 % neuer Baumwolle (140 g\/m\u00b2), ist sie die perfekte Wahl f\u00fcr umweltbewusste Unternehmen. Mit [&hellip;]\" \/>\n<meta property=\"og:url\" content=\"https:\/\/pen.eu\/fr\/produit\/baumwolltasche-troy\/\" \/>\n<meta property=\"og:site_name\" content=\"PEN.EU\" \/>\n<meta property=\"article:modified_time\" content=\"2025-10-22T19:17:47+00:00\" \/>\n<meta property=\"og:image\" content=\"https:\/\/pen.eu\/wp-content\/uploads\/2024\/11\/051402719-GS.jpg\" \/>\n\t<meta property=\"og:image:width\" content=\"1800\" \/>\n\t<meta property=\"og:image:height\" content=\"1800\" \/>\n\t<meta property=\"og:image:type\" content=\"image\/jpeg\" \/>\n<meta name=\"twitter:card\" content=\"summary_large_image\" \/>\n<script type=\"application\/ld+json\" class=\"yoast-schema-graph\">{\"@context\":\"https:\\\/\\\/schema.org\",\"@graph\":[{\"@type\":\"WebPage\",\"@id\":\"https:\\\/\\\/pen.eu\\\/produkt\\\/baumwolltasche-troy\\\/\",\"url\":\"https:\\\/\\\/pen.eu\\\/produkt\\\/baumwolltasche-troy\\\/\",\"name\":\"Baumwolltasche \\\"Troy\\\" - PEN.EU\",\"isPartOf\":{\"@id\":\"https:\\\/\\\/pen.eu\\\/#website\"},\"primaryImageOfPage\":{\"@id\":\"https:\\\/\\\/pen.eu\\\/produkt\\\/baumwolltasche-troy\\\/#primaryimage\"},\"image\":{\"@id\":\"https:\\\/\\\/pen.eu\\\/produkt\\\/baumwolltasche-troy\\\/#primaryimage\"},\"thumbnailUrl\":\"https:\\\/\\\/pen.eu\\\/wp-content\\\/uploads\\\/2024\\\/11\\\/051402719-GS.jpg\",\"datePublished\":\"2024-11-03T16:46:57+00:00\",\"dateModified\":\"2025-10-22T19:17:47+00:00\",\"breadcrumb\":{\"@id\":\"https:\\\/\\\/pen.eu\\\/produkt\\\/baumwolltasche-troy\\\/#breadcrumb\"},\"inLanguage\":\"fr-FR\",\"potentialAction\":[{\"@type\":\"ReadAction\",\"target\":[\"https:\\\/\\\/pen.eu\\\/produkt\\\/baumwolltasche-troy\\\/\"]}]},{\"@type\":\"ImageObject\",\"inLanguage\":\"fr-FR\",\"@id\":\"https:\\\/\\\/pen.eu\\\/produkt\\\/baumwolltasche-troy\\\/#primaryimage\",\"url\":\"https:\\\/\\\/pen.eu\\\/wp-content\\\/uploads\\\/2024\\\/11\\\/051402719-GS.jpg\",\"contentUrl\":\"https:\\\/\\\/pen.eu\\\/wp-content\\\/uploads\\\/2024\\\/11\\\/051402719-GS.jpg\",\"width\":1800,\"height\":1800},{\"@type\":\"BreadcrumbList\",\"@id\":\"https:\\\/\\\/pen.eu\\\/produkt\\\/baumwolltasche-troy\\\/#breadcrumb\",\"itemListElement\":[{\"@type\":\"ListItem\",\"position\":1,\"name\":\"Home\",\"item\":\"https:\\\/\\\/pen.eu\\\/\"},{\"@type\":\"ListItem\",\"position\":2,\"name\":\"Shop\",\"item\":\"https:\\\/\\\/pen.eu\\\/ch\\\/shop\\\/\"},{\"@type\":\"ListItem\",\"position\":3,\"name\":\"Baumwolltasche &#8220;Troy&#8221;\"}]},{\"@type\":\"WebSite\",\"@id\":\"https:\\\/\\\/pen.eu\\\/#website\",\"url\":\"https:\\\/\\\/pen.eu\\\/\",\"name\":\"PEN.EU\",\"description\":\"Kugelschreiber bedrucken mit Logo | pen.eu\",\"potentialAction\":[{\"@type\":\"SearchAction\",\"target\":{\"@type\":\"EntryPoint\",\"urlTemplate\":\"https:\\\/\\\/pen.eu\\\/?s={search_term_string}\"},\"query-input\":{\"@type\":\"PropertyValueSpecification\",\"valueRequired\":true,\"valueName\":\"search_term_string\"}}],\"inLanguage\":\"fr-FR\"}]}<\/script>\n<!-- \/ Yoast SEO plugin. -->","yoast_head_json":{"title":"Baumwolltasche \"Troy\" - PEN.EU","robots":{"index":"index","follow":"follow","max-snippet":"max-snippet:-1","max-image-preview":"max-image-preview:large","max-video-preview":"max-video-preview:-1"},"canonical":"https:\/\/pen.eu\/fr\/produit\/baumwolltasche-troy\/","og_locale":"fr_FR","og_type":"article","og_title":"Baumwolltasche \"Troy\" - PEN.EU","og_description":"Der Rucksack Troy mit Kordelzug vereint gleich zwei Funktionen in einem durchdachten Design: Mit Tragegriffen an der Oberseite und einem praktischen Kordelzug l\u00e4sst sich die Tasche sowohl klassisch als auch bequem als Rucksack tragen. Gefertigt aus 55 % recycelter und 45 % neuer Baumwolle (140 g\/m\u00b2), ist sie die perfekte Wahl f\u00fcr umweltbewusste Unternehmen. Mit [&hellip;]","og_url":"https:\/\/pen.eu\/fr\/produit\/baumwolltasche-troy\/","og_site_name":"PEN.EU","article_modified_time":"2025-10-22T19:17:47+00:00","og_image":[{"width":1800,"height":1800,"url":"https:\/\/pen.eu\/wp-content\/uploads\/2024\/11\/051402719-GS.jpg","type":"image\/jpeg"}],"twitter_card":"summary_large_image","schema":{"@context":"https:\/\/schema.org","@graph":[{"@type":"WebPage","@id":"https:\/\/pen.eu\/produkt\/baumwolltasche-troy\/","url":"https:\/\/pen.eu\/produkt\/baumwolltasche-troy\/","name":"Baumwolltasche \"Troy\" - PEN.EU","isPartOf":{"@id":"https:\/\/pen.eu\/#website"},"primaryImageOfPage":{"@id":"https:\/\/pen.eu\/produkt\/baumwolltasche-troy\/#primaryimage"},"image":{"@id":"https:\/\/pen.eu\/produkt\/baumwolltasche-troy\/#primaryimage"},"thumbnailUrl":"https:\/\/pen.eu\/wp-content\/uploads\/2024\/11\/051402719-GS.jpg","datePublished":"2024-11-03T16:46:57+00:00","dateModified":"2025-10-22T19:17:47+00:00","breadcrumb":{"@id":"https:\/\/pen.eu\/produkt\/baumwolltasche-troy\/#breadcrumb"},"inLanguage":"fr-FR","potentialAction":[{"@type":"ReadAction","target":["https:\/\/pen.eu\/produkt\/baumwolltasche-troy\/"]}]},{"@type":"ImageObject","inLanguage":"fr-FR","@id":"https:\/\/pen.eu\/produkt\/baumwolltasche-troy\/#primaryimage","url":"https:\/\/pen.eu\/wp-content\/uploads\/2024\/11\/051402719-GS.jpg","contentUrl":"https:\/\/pen.eu\/wp-content\/uploads\/2024\/11\/051402719-GS.jpg","width":1800,"height":1800},{"@type":"BreadcrumbList","@id":"https:\/\/pen.eu\/produkt\/baumwolltasche-troy\/#breadcrumb","itemListElement":[{"@type":"ListItem","position":1,"name":"Home","item":"https:\/\/pen.eu\/"},{"@type":"ListItem","position":2,"name":"Shop","item":"https:\/\/pen.eu\/ch\/shop\/"},{"@type":"ListItem","position":3,"name":"Baumwolltasche &#8220;Troy&#8221;"}]},{"@type":"WebSite","@id":"https:\/\/pen.eu\/#website","url":"https:\/\/pen.eu\/","name":"PEN.EU","description":"Kugelschreiber bedrucken mit Logo | pen.eu","potentialAction":[{"@type":"SearchAction","target":{"@type":"EntryPoint","urlTemplate":"https:\/\/pen.eu\/?s={search_term_string}"},"query-input":{"@type":"PropertyValueSpecification","valueRequired":true,"valueName":"search_term_string"}}],"inLanguage":"fr-FR"}]}},"_links":{"self":[{"href":"https:\/\/pen.eu\/fr\/wp-json\/wp\/v2\/product\/8724","targetHints":{"allow":["GET"]}}],"collection":[{"href":"https:\/\/pen.eu\/fr\/wp-json\/wp\/v2\/product"}],"about":[{"href":"https:\/\/pen.eu\/fr\/wp-json\/wp\/v2\/types\/product"}],"replies":[{"embeddable":true,"href":"https:\/\/pen.eu\/fr\/wp-json\/wp\/v2\/comments?post=8724"}],"wp:featuredmedia":[{"embeddable":true,"href":"https:\/\/pen.eu\/fr\/wp-json\/wp\/v2\/media\/8737"}],"wp:attachment":[{"href":"https:\/\/pen.eu\/fr\/wp-json\/wp\/v2\/media?parent=8724"}],"wp:term":[{"taxonomy":"product_brand","embeddable":true,"href":"https:\/\/pen.eu\/fr\/wp-json\/wp\/v2\/product_brand?post=8724"},{"taxonomy":"product_cat","embeddable":true,"href":"https:\/\/pen.eu\/fr\/wp-json\/wp\/v2\/product_cat?post=8724"},{"taxonomy":"product_tag","embeddable":true,"href":"https:\/\/pen.eu\/fr\/wp-json\/wp\/v2\/product_tag?post=8724"}],"curies":[{"name":"wp","href":"https:\/\/api.w.org\/{rel}","templated":true}]}}