{"id":8892,"date":"2024-11-05T09:57:33","date_gmt":"2024-11-05T08:57:33","guid":{"rendered":"https:\/\/v2.frank-pen.de\/?post_type=product&#038;p=8892"},"modified":"2025-10-06T12:54:12","modified_gmt":"2025-10-06T10:54:12","slug":"baumwolltasche-fusion","status":"publish","type":"product","link":"https:\/\/pen.eu\/fr\/produit\/baumwolltasche-fusion\/","title":{"rendered":"Sac en coton \"Fusion\""},"content":{"rendered":"<p>Le sac de courses Fusion en coton recycl\u00e9 et jute (140 g\/m\u00b2) transforme vos achats durables en une exp\u00e9rience pleine de style. Son grand compartiment principal ouvert permet un acc\u00e8s rapide \u00e0 toutes vos affaires. Gr\u00e2ce \u00e0 sa combinaison astucieuse de mat\u00e9riaux \u2013 70 % coton recycl\u00e9, 30 % polyester recycl\u00e9 et \u00e9l\u00e9ments naturels en jute \u2013 il allie design \u00e9cologique et allure urbaine. Avec un volume de 20 litres et une capacit\u00e9 de charge allant jusqu\u2019\u00e0 10 kg, il est le compagnon id\u00e9al pour le march\u00e9, les courses ou le quotidien.<\/p>","protected":false},"excerpt":{"rendered":"<p>Die Einkaufstasche Fusion aus recycelter Baumwolle und Jute (140 g\/m\u00b2) macht nachhaltiges Einkaufen zum stilvollen Erlebnis. Ihr ger\u00e4umiges, offenes Hauptfach sorgt f\u00fcr schnellen Zugriff auf alle wichtigen Dinge. Mit einer cleveren Materialkombination aus 70 % recycelter Baumwolle, 30 % recyceltem Polyester und nat\u00fcrlichen Jute-Elementen vereint sie umweltfreundliches Design mit urbanem Flair. Dank ihres Volumens von [&hellip;]<\/p>\n","protected":false},"featured_media":8896,"comment_status":"open","ping_status":"closed","template":"","meta":[],"product_brand":[],"product_cat":[249],"product_tag":[468,806,469],"class_list":{"0":"post-8892","1":"product","2":"type-product","3":"status-publish","4":"has-post-thumbnail","6":"product_cat-taschen","7":"product_tag-cala","8":"product_tag-top-60","9":"product_tag-uhr","10":"pa_farbe-natuerlich","11":"pa_material-baumwolle","12":"pa_material-jute","13":"pa_mindestmenge-326","14":"pa_werbeanbringung-siebdruck","15":"pa_werbeanbringung-thermische-transferdruck","17":"first","18":"instock","19":"taxable","20":"shipping-taxable","21":"purchasable","22":"product-type-variable","23":"add-to-wishlist-after_add_to_cart"},"yoast_head":"<!-- This site is optimized with the Yoast SEO plugin v27.2 - https:\/\/yoast.com\/product\/yoast-seo-wordpress\/ -->\n<title>Baumwolltasche &quot;Fusion&quot; - PEN.EU<\/title>\n<meta name=\"robots\" content=\"index, follow, max-snippet:-1, max-image-preview:large, max-video-preview:-1\" \/>\n<link rel=\"canonical\" href=\"https:\/\/pen.eu\/fr\/produit\/baumwolltasche-fusion\/\" \/>\n<meta property=\"og:locale\" content=\"fr_FR\" \/>\n<meta property=\"og:type\" content=\"article\" \/>\n<meta property=\"og:title\" content=\"Baumwolltasche &quot;Fusion&quot; - PEN.EU\" \/>\n<meta property=\"og:description\" content=\"Die Einkaufstasche Fusion aus recycelter Baumwolle und Jute (140 g\/m\u00b2) macht nachhaltiges Einkaufen zum stilvollen Erlebnis. Ihr ger\u00e4umiges, offenes Hauptfach sorgt f\u00fcr schnellen Zugriff auf alle wichtigen Dinge. Mit einer cleveren Materialkombination aus 70 % recycelter Baumwolle, 30 % recyceltem Polyester und nat\u00fcrlichen Jute-Elementen vereint sie umweltfreundliches Design mit urbanem Flair. Dank ihres Volumens von [&hellip;]\" \/>\n<meta property=\"og:url\" content=\"https:\/\/pen.eu\/fr\/produit\/baumwolltasche-fusion\/\" \/>\n<meta property=\"og:site_name\" content=\"PEN.EU\" \/>\n<meta property=\"article:modified_time\" content=\"2025-10-06T10:54:12+00:00\" \/>\n<meta property=\"og:image\" content=\"https:\/\/pen.eu\/wp-content\/uploads\/2024\/11\/0514033141-GS.jpg\" \/>\n\t<meta property=\"og:image:width\" content=\"2000\" \/>\n\t<meta property=\"og:image:height\" content=\"2000\" \/>\n\t<meta property=\"og:image:type\" content=\"image\/jpeg\" \/>\n<meta name=\"twitter:card\" content=\"summary_large_image\" \/>\n<script type=\"application\/ld+json\" class=\"yoast-schema-graph\">{\"@context\":\"https:\/\/schema.org\",\"@graph\":[{\"@type\":\"WebPage\",\"@id\":\"https:\/\/pen.eu\/fr\/produkt\/baumwolltasche-fusion\/\",\"url\":\"https:\/\/pen.eu\/fr\/produkt\/baumwolltasche-fusion\/\",\"name\":\"Baumwolltasche \\\"Fusion\\\" - PEN.EU\",\"isPartOf\":{\"@id\":\"https:\/\/pen.eu\/#website\"},\"primaryImageOfPage\":{\"@id\":\"https:\/\/pen.eu\/fr\/produkt\/baumwolltasche-fusion\/#primaryimage\"},\"image\":{\"@id\":\"https:\/\/pen.eu\/fr\/produkt\/baumwolltasche-fusion\/#primaryimage\"},\"thumbnailUrl\":\"https:\/\/pen.eu\/wp-content\/uploads\/2024\/11\/0514033141-GS.jpg\",\"datePublished\":\"2024-11-05T08:57:33+00:00\",\"dateModified\":\"2025-10-06T10:54:12+00:00\",\"breadcrumb\":{\"@id\":\"https:\/\/pen.eu\/fr\/produkt\/baumwolltasche-fusion\/#breadcrumb\"},\"inLanguage\":\"fr-FR\",\"potentialAction\":[{\"@type\":\"ReadAction\",\"target\":[\"https:\/\/pen.eu\/fr\/produkt\/baumwolltasche-fusion\/\"]}]},{\"@type\":\"ImageObject\",\"inLanguage\":\"fr-FR\",\"@id\":\"https:\/\/pen.eu\/fr\/produkt\/baumwolltasche-fusion\/#primaryimage\",\"url\":\"https:\/\/pen.eu\/wp-content\/uploads\/2024\/11\/0514033141-GS.jpg\",\"contentUrl\":\"https:\/\/pen.eu\/wp-content\/uploads\/2024\/11\/0514033141-GS.jpg\",\"width\":2000,\"height\":2000},{\"@type\":\"BreadcrumbList\",\"@id\":\"https:\/\/pen.eu\/fr\/produkt\/baumwolltasche-fusion\/#breadcrumb\",\"itemListElement\":[{\"@type\":\"ListItem\",\"position\":1,\"name\":\"Home\",\"item\":\"https:\/\/pen.eu\/\"},{\"@type\":\"ListItem\",\"position\":2,\"name\":\"Shop\",\"item\":\"https:\/\/pen.eu\/ch\/shop\/\"},{\"@type\":\"ListItem\",\"position\":3,\"name\":\"Baumwolltasche &#8220;Fusion&#8221;\"}]},{\"@type\":\"WebSite\",\"@id\":\"https:\/\/pen.eu\/#website\",\"url\":\"https:\/\/pen.eu\/\",\"name\":\"PEN.EU\",\"description\":\"Kugelschreiber bedrucken mit Logo | pen.eu\",\"potentialAction\":[{\"@type\":\"SearchAction\",\"target\":{\"@type\":\"EntryPoint\",\"urlTemplate\":\"https:\/\/pen.eu\/?s={search_term_string}\"},\"query-input\":{\"@type\":\"PropertyValueSpecification\",\"valueRequired\":true,\"valueName\":\"search_term_string\"}}],\"inLanguage\":\"fr-FR\"}]}<\/script>\n<!-- \/ Yoast SEO plugin. -->","yoast_head_json":{"title":"Baumwolltasche \"Fusion\" - PEN.EU","robots":{"index":"index","follow":"follow","max-snippet":"max-snippet:-1","max-image-preview":"max-image-preview:large","max-video-preview":"max-video-preview:-1"},"canonical":"https:\/\/pen.eu\/fr\/produit\/baumwolltasche-fusion\/","og_locale":"fr_FR","og_type":"article","og_title":"Baumwolltasche \"Fusion\" - PEN.EU","og_description":"Die Einkaufstasche Fusion aus recycelter Baumwolle und Jute (140 g\/m\u00b2) macht nachhaltiges Einkaufen zum stilvollen Erlebnis. Ihr ger\u00e4umiges, offenes Hauptfach sorgt f\u00fcr schnellen Zugriff auf alle wichtigen Dinge. Mit einer cleveren Materialkombination aus 70 % recycelter Baumwolle, 30 % recyceltem Polyester und nat\u00fcrlichen Jute-Elementen vereint sie umweltfreundliches Design mit urbanem Flair. Dank ihres Volumens von [&hellip;]","og_url":"https:\/\/pen.eu\/fr\/produit\/baumwolltasche-fusion\/","og_site_name":"PEN.EU","article_modified_time":"2025-10-06T10:54:12+00:00","og_image":[{"width":2000,"height":2000,"url":"https:\/\/pen.eu\/wp-content\/uploads\/2024\/11\/0514033141-GS.jpg","type":"image\/jpeg"}],"twitter_card":"summary_large_image","schema":{"@context":"https:\/\/schema.org","@graph":[{"@type":"WebPage","@id":"https:\/\/pen.eu\/fr\/produkt\/baumwolltasche-fusion\/","url":"https:\/\/pen.eu\/fr\/produkt\/baumwolltasche-fusion\/","name":"Baumwolltasche \"Fusion\" - PEN.EU","isPartOf":{"@id":"https:\/\/pen.eu\/#website"},"primaryImageOfPage":{"@id":"https:\/\/pen.eu\/fr\/produkt\/baumwolltasche-fusion\/#primaryimage"},"image":{"@id":"https:\/\/pen.eu\/fr\/produkt\/baumwolltasche-fusion\/#primaryimage"},"thumbnailUrl":"https:\/\/pen.eu\/wp-content\/uploads\/2024\/11\/0514033141-GS.jpg","datePublished":"2024-11-05T08:57:33+00:00","dateModified":"2025-10-06T10:54:12+00:00","breadcrumb":{"@id":"https:\/\/pen.eu\/fr\/produkt\/baumwolltasche-fusion\/#breadcrumb"},"inLanguage":"fr-FR","potentialAction":[{"@type":"ReadAction","target":["https:\/\/pen.eu\/fr\/produkt\/baumwolltasche-fusion\/"]}]},{"@type":"ImageObject","inLanguage":"fr-FR","@id":"https:\/\/pen.eu\/fr\/produkt\/baumwolltasche-fusion\/#primaryimage","url":"https:\/\/pen.eu\/wp-content\/uploads\/2024\/11\/0514033141-GS.jpg","contentUrl":"https:\/\/pen.eu\/wp-content\/uploads\/2024\/11\/0514033141-GS.jpg","width":2000,"height":2000},{"@type":"BreadcrumbList","@id":"https:\/\/pen.eu\/fr\/produkt\/baumwolltasche-fusion\/#breadcrumb","itemListElement":[{"@type":"ListItem","position":1,"name":"Home","item":"https:\/\/pen.eu\/"},{"@type":"ListItem","position":2,"name":"Shop","item":"https:\/\/pen.eu\/ch\/shop\/"},{"@type":"ListItem","position":3,"name":"Baumwolltasche &#8220;Fusion&#8221;"}]},{"@type":"WebSite","@id":"https:\/\/pen.eu\/#website","url":"https:\/\/pen.eu\/","name":"PEN.EU","description":"Kugelschreiber bedrucken mit Logo | pen.eu","potentialAction":[{"@type":"SearchAction","target":{"@type":"EntryPoint","urlTemplate":"https:\/\/pen.eu\/?s={search_term_string}"},"query-input":{"@type":"PropertyValueSpecification","valueRequired":true,"valueName":"search_term_string"}}],"inLanguage":"fr-FR"}]}},"_links":{"self":[{"href":"https:\/\/pen.eu\/fr\/wp-json\/wp\/v2\/product\/8892","targetHints":{"allow":["GET"]}}],"collection":[{"href":"https:\/\/pen.eu\/fr\/wp-json\/wp\/v2\/product"}],"about":[{"href":"https:\/\/pen.eu\/fr\/wp-json\/wp\/v2\/types\/product"}],"replies":[{"embeddable":true,"href":"https:\/\/pen.eu\/fr\/wp-json\/wp\/v2\/comments?post=8892"}],"wp:featuredmedia":[{"embeddable":true,"href":"https:\/\/pen.eu\/fr\/wp-json\/wp\/v2\/media\/8896"}],"wp:attachment":[{"href":"https:\/\/pen.eu\/fr\/wp-json\/wp\/v2\/media?parent=8892"}],"wp:term":[{"taxonomy":"product_brand","embeddable":true,"href":"https:\/\/pen.eu\/fr\/wp-json\/wp\/v2\/product_brand?post=8892"},{"taxonomy":"product_cat","embeddable":true,"href":"https:\/\/pen.eu\/fr\/wp-json\/wp\/v2\/product_cat?post=8892"},{"taxonomy":"product_tag","embeddable":true,"href":"https:\/\/pen.eu\/fr\/wp-json\/wp\/v2\/product_tag?post=8892"}],"curies":[{"name":"wp","href":"https:\/\/api.w.org\/{rel}","templated":true}]}}