{"id":8905,"date":"2024-11-05T10:36:55","date_gmt":"2024-11-05T09:36:55","guid":{"rendered":"https:\/\/v2.frank-pen.de\/?post_type=product&#038;p=8905"},"modified":"2025-10-10T08:04:24","modified_gmt":"2025-10-10T06:04:24","slug":"baumwolltasche-audrey","status":"publish","type":"product","link":"https:\/\/pen.eu\/fr\/produit\/baumwolltasche-audrey\/","title":{"rendered":"Sac en coton \u201cAudrey\u201d"},"content":{"rendered":"<p>Avec le sac cabas r\u00e9utilisable Audrey en coton recycl\u00e9 (225 g\/m\u00b2), vous affichez votre engagement pour une consommation responsable et rejoignez une communaut\u00e9 qui agit en faveur d\u2019un mode de vie durable. Fabriqu\u00e9 \u00e0 70 % de coton recycl\u00e9 et 30 % de polyester recycl\u00e9, ce sac incarne la transformation r\u00e9ussie de mat\u00e9riaux usag\u00e9s en un produit nouveau et \u00e9l\u00e9gant. Ses poign\u00e9es tiss\u00e9es en coton assurent un grand confort de port et une excellente durabilit\u00e9. Avec une capacit\u00e9 de 17 litres, il offre suffisamment de place pour les courses, les livres ou les objets du quotidien \u2013 id\u00e9al pour ceux qui souhaitent allier mobilit\u00e9 et \u00e9coresponsabilit\u00e9.<\/p>","protected":false},"excerpt":{"rendered":"<p>Mit der wiederverwendbaren Shopping-Tragetasche Audrey aus recycelter Baumwolle (225 g\/m\u00b2) setzen Sie ein Zeichen f\u00fcr bewusstes Konsumverhalten und schlie\u00dfen sich einer Gemeinschaft an, die nachhaltiges Leben aktiv mitgestaltet. Hergestellt aus 70 % recycelter Baumwolle und 30 % recyceltem Polyester steht diese Tasche f\u00fcr die gelungene Transformation gebrauchter Materialien in ein neues, stilvolles Produkt. Robuste, gewebte [&hellip;]<\/p>\n","protected":false},"featured_media":8910,"comment_status":"open","ping_status":"closed","template":"","meta":[],"product_brand":[],"product_cat":[249],"product_tag":[472,802,473],"class_list":{"0":"post-8905","1":"product","2":"type-product","3":"status-publish","4":"has-post-thumbnail","6":"product_cat-taschen","7":"product_tag-hamburg","8":"product_tag-top-62","9":"product_tag-uht","10":"pa_farbe-natuerlich","11":"pa_material-baumwolle","12":"pa_material-jute","13":"pa_mindestmenge-24","14":"pa_werbeanbringung-siebdruck","15":"pa_werbeanbringung-thermische-transferdruck","17":"first","18":"instock","19":"taxable","20":"shipping-taxable","21":"purchasable","22":"product-type-variable","23":"add-to-wishlist-after_add_to_cart"},"yoast_head":"<!-- This site is optimized with the Yoast SEO plugin v27.4 - https:\/\/yoast.com\/product\/yoast-seo-wordpress\/ -->\n<title>Baumwolltasche &quot;Audrey&quot; - PEN.EU<\/title>\n<meta name=\"robots\" content=\"index, follow, max-snippet:-1, max-image-preview:large, max-video-preview:-1\" \/>\n<link rel=\"canonical\" href=\"https:\/\/pen.eu\/fr\/produit\/baumwolltasche-audrey\/\" \/>\n<meta property=\"og:locale\" content=\"fr_FR\" \/>\n<meta property=\"og:type\" content=\"article\" \/>\n<meta property=\"og:title\" content=\"Baumwolltasche &quot;Audrey&quot; - PEN.EU\" \/>\n<meta property=\"og:description\" content=\"Mit der wiederverwendbaren Shopping-Tragetasche Audrey aus recycelter Baumwolle (225 g\/m\u00b2) setzen Sie ein Zeichen f\u00fcr bewusstes Konsumverhalten und schlie\u00dfen sich einer Gemeinschaft an, die nachhaltiges Leben aktiv mitgestaltet. Hergestellt aus 70 % recycelter Baumwolle und 30 % recyceltem Polyester steht diese Tasche f\u00fcr die gelungene Transformation gebrauchter Materialien in ein neues, stilvolles Produkt. Robuste, gewebte [&hellip;]\" \/>\n<meta property=\"og:url\" content=\"https:\/\/pen.eu\/fr\/produit\/baumwolltasche-audrey\/\" \/>\n<meta property=\"og:site_name\" content=\"PEN.EU\" \/>\n<meta property=\"article:modified_time\" content=\"2025-10-10T06:04:24+00:00\" \/>\n<meta property=\"og:image\" content=\"https:\/\/pen.eu\/wp-content\/uploads\/2024\/11\/0514035141-GS.jpg\" \/>\n\t<meta property=\"og:image:width\" content=\"2000\" \/>\n\t<meta property=\"og:image:height\" content=\"2000\" \/>\n\t<meta property=\"og:image:type\" content=\"image\/jpeg\" \/>\n<meta name=\"twitter:card\" content=\"summary_large_image\" \/>\n<script type=\"application\/ld+json\" class=\"yoast-schema-graph\">{\"@context\":\"https:\\\/\\\/schema.org\",\"@graph\":[{\"@type\":\"WebPage\",\"@id\":\"https:\\\/\\\/pen.eu\\\/produkt\\\/baumwolltasche-audrey\\\/\",\"url\":\"https:\\\/\\\/pen.eu\\\/produkt\\\/baumwolltasche-audrey\\\/\",\"name\":\"Baumwolltasche \\\"Audrey\\\" - PEN.EU\",\"isPartOf\":{\"@id\":\"https:\\\/\\\/pen.eu\\\/#website\"},\"primaryImageOfPage\":{\"@id\":\"https:\\\/\\\/pen.eu\\\/produkt\\\/baumwolltasche-audrey\\\/#primaryimage\"},\"image\":{\"@id\":\"https:\\\/\\\/pen.eu\\\/produkt\\\/baumwolltasche-audrey\\\/#primaryimage\"},\"thumbnailUrl\":\"https:\\\/\\\/pen.eu\\\/wp-content\\\/uploads\\\/2024\\\/11\\\/0514035141-GS.jpg\",\"datePublished\":\"2024-11-05T09:36:55+00:00\",\"dateModified\":\"2025-10-10T06:04:24+00:00\",\"breadcrumb\":{\"@id\":\"https:\\\/\\\/pen.eu\\\/produkt\\\/baumwolltasche-audrey\\\/#breadcrumb\"},\"inLanguage\":\"fr-FR\",\"potentialAction\":[{\"@type\":\"ReadAction\",\"target\":[\"https:\\\/\\\/pen.eu\\\/produkt\\\/baumwolltasche-audrey\\\/\"]}]},{\"@type\":\"ImageObject\",\"inLanguage\":\"fr-FR\",\"@id\":\"https:\\\/\\\/pen.eu\\\/produkt\\\/baumwolltasche-audrey\\\/#primaryimage\",\"url\":\"https:\\\/\\\/pen.eu\\\/wp-content\\\/uploads\\\/2024\\\/11\\\/0514035141-GS.jpg\",\"contentUrl\":\"https:\\\/\\\/pen.eu\\\/wp-content\\\/uploads\\\/2024\\\/11\\\/0514035141-GS.jpg\",\"width\":2000,\"height\":2000},{\"@type\":\"BreadcrumbList\",\"@id\":\"https:\\\/\\\/pen.eu\\\/produkt\\\/baumwolltasche-audrey\\\/#breadcrumb\",\"itemListElement\":[{\"@type\":\"ListItem\",\"position\":1,\"name\":\"Home\",\"item\":\"https:\\\/\\\/pen.eu\\\/\"},{\"@type\":\"ListItem\",\"position\":2,\"name\":\"Shop\",\"item\":\"https:\\\/\\\/pen.eu\\\/ch\\\/shop\\\/\"},{\"@type\":\"ListItem\",\"position\":3,\"name\":\"Baumwolltasche &#8220;Audrey&#8221;\"}]},{\"@type\":\"WebSite\",\"@id\":\"https:\\\/\\\/pen.eu\\\/#website\",\"url\":\"https:\\\/\\\/pen.eu\\\/\",\"name\":\"PEN.EU\",\"description\":\"Kugelschreiber bedrucken mit Logo | pen.eu\",\"potentialAction\":[{\"@type\":\"SearchAction\",\"target\":{\"@type\":\"EntryPoint\",\"urlTemplate\":\"https:\\\/\\\/pen.eu\\\/?s={search_term_string}\"},\"query-input\":{\"@type\":\"PropertyValueSpecification\",\"valueRequired\":true,\"valueName\":\"search_term_string\"}}],\"inLanguage\":\"fr-FR\"}]}<\/script>\n<!-- \/ Yoast SEO plugin. -->","yoast_head_json":{"title":"Baumwolltasche \"Audrey\" - PEN.EU","robots":{"index":"index","follow":"follow","max-snippet":"max-snippet:-1","max-image-preview":"max-image-preview:large","max-video-preview":"max-video-preview:-1"},"canonical":"https:\/\/pen.eu\/fr\/produit\/baumwolltasche-audrey\/","og_locale":"fr_FR","og_type":"article","og_title":"Baumwolltasche \"Audrey\" - PEN.EU","og_description":"Mit der wiederverwendbaren Shopping-Tragetasche Audrey aus recycelter Baumwolle (225 g\/m\u00b2) setzen Sie ein Zeichen f\u00fcr bewusstes Konsumverhalten und schlie\u00dfen sich einer Gemeinschaft an, die nachhaltiges Leben aktiv mitgestaltet. Hergestellt aus 70 % recycelter Baumwolle und 30 % recyceltem Polyester steht diese Tasche f\u00fcr die gelungene Transformation gebrauchter Materialien in ein neues, stilvolles Produkt. Robuste, gewebte [&hellip;]","og_url":"https:\/\/pen.eu\/fr\/produit\/baumwolltasche-audrey\/","og_site_name":"PEN.EU","article_modified_time":"2025-10-10T06:04:24+00:00","og_image":[{"width":2000,"height":2000,"url":"https:\/\/pen.eu\/wp-content\/uploads\/2024\/11\/0514035141-GS.jpg","type":"image\/jpeg"}],"twitter_card":"summary_large_image","schema":{"@context":"https:\/\/schema.org","@graph":[{"@type":"WebPage","@id":"https:\/\/pen.eu\/produkt\/baumwolltasche-audrey\/","url":"https:\/\/pen.eu\/produkt\/baumwolltasche-audrey\/","name":"Baumwolltasche \"Audrey\" - PEN.EU","isPartOf":{"@id":"https:\/\/pen.eu\/#website"},"primaryImageOfPage":{"@id":"https:\/\/pen.eu\/produkt\/baumwolltasche-audrey\/#primaryimage"},"image":{"@id":"https:\/\/pen.eu\/produkt\/baumwolltasche-audrey\/#primaryimage"},"thumbnailUrl":"https:\/\/pen.eu\/wp-content\/uploads\/2024\/11\/0514035141-GS.jpg","datePublished":"2024-11-05T09:36:55+00:00","dateModified":"2025-10-10T06:04:24+00:00","breadcrumb":{"@id":"https:\/\/pen.eu\/produkt\/baumwolltasche-audrey\/#breadcrumb"},"inLanguage":"fr-FR","potentialAction":[{"@type":"ReadAction","target":["https:\/\/pen.eu\/produkt\/baumwolltasche-audrey\/"]}]},{"@type":"ImageObject","inLanguage":"fr-FR","@id":"https:\/\/pen.eu\/produkt\/baumwolltasche-audrey\/#primaryimage","url":"https:\/\/pen.eu\/wp-content\/uploads\/2024\/11\/0514035141-GS.jpg","contentUrl":"https:\/\/pen.eu\/wp-content\/uploads\/2024\/11\/0514035141-GS.jpg","width":2000,"height":2000},{"@type":"BreadcrumbList","@id":"https:\/\/pen.eu\/produkt\/baumwolltasche-audrey\/#breadcrumb","itemListElement":[{"@type":"ListItem","position":1,"name":"Home","item":"https:\/\/pen.eu\/"},{"@type":"ListItem","position":2,"name":"Shop","item":"https:\/\/pen.eu\/ch\/shop\/"},{"@type":"ListItem","position":3,"name":"Baumwolltasche &#8220;Audrey&#8221;"}]},{"@type":"WebSite","@id":"https:\/\/pen.eu\/#website","url":"https:\/\/pen.eu\/","name":"PEN.EU","description":"Kugelschreiber bedrucken mit Logo | pen.eu","potentialAction":[{"@type":"SearchAction","target":{"@type":"EntryPoint","urlTemplate":"https:\/\/pen.eu\/?s={search_term_string}"},"query-input":{"@type":"PropertyValueSpecification","valueRequired":true,"valueName":"search_term_string"}}],"inLanguage":"fr-FR"}]}},"_links":{"self":[{"href":"https:\/\/pen.eu\/fr\/wp-json\/wp\/v2\/product\/8905","targetHints":{"allow":["GET"]}}],"collection":[{"href":"https:\/\/pen.eu\/fr\/wp-json\/wp\/v2\/product"}],"about":[{"href":"https:\/\/pen.eu\/fr\/wp-json\/wp\/v2\/types\/product"}],"replies":[{"embeddable":true,"href":"https:\/\/pen.eu\/fr\/wp-json\/wp\/v2\/comments?post=8905"}],"wp:featuredmedia":[{"embeddable":true,"href":"https:\/\/pen.eu\/fr\/wp-json\/wp\/v2\/media\/8910"}],"wp:attachment":[{"href":"https:\/\/pen.eu\/fr\/wp-json\/wp\/v2\/media?parent=8905"}],"wp:term":[{"taxonomy":"product_brand","embeddable":true,"href":"https:\/\/pen.eu\/fr\/wp-json\/wp\/v2\/product_brand?post=8905"},{"taxonomy":"product_cat","embeddable":true,"href":"https:\/\/pen.eu\/fr\/wp-json\/wp\/v2\/product_cat?post=8905"},{"taxonomy":"product_tag","embeddable":true,"href":"https:\/\/pen.eu\/fr\/wp-json\/wp\/v2\/product_tag?post=8905"}],"curies":[{"name":"wp","href":"https:\/\/api.w.org\/{rel}","templated":true}]}}