{"id":8920,"date":"2024-11-05T16:19:35","date_gmt":"2024-11-05T15:19:35","guid":{"rendered":"https:\/\/v2.frank-pen.de\/?post_type=product&#038;p=8920"},"modified":"2026-01-22T10:52:01","modified_gmt":"2026-01-22T09:52:01","slug":"baumwolltasche-unity","status":"publish","type":"product","link":"https:\/\/pen.eu\/fr\/produit\/baumwolltasche-unity\/","title":{"rendered":"Sac en coton \"Unity\""},"content":{"rendered":"<p>Avec notre sac cabas Unity en coton recycl\u00e9 (140 g\/m\u00b2), vous affichez votre engagement pour la durabilit\u00e9 avec style. Inspir\u00e9 par la nature, il associe un design moderne \u00e0 des mat\u00e9riaux responsables. La partie sup\u00e9rieure est compos\u00e9e d\u2019un \u00e9l\u00e9gant m\u00e9lange de 70\u202f% de coton recycl\u00e9 et de 30\u202f% de polyester recycl\u00e9, tandis que le bas et les anses en coton recycl\u00e9 assorti soulignent l\u2019esth\u00e9tique tendance du color-block. Le compartiment principal spacieux offre suffisamment de place pour tous vos indispensables \u2013 que ce soit pour faire les courses, aller au travail ou pendant vos loisirs. Ce sac est bien plus qu\u2019un accessoire de mode : c\u2019est un v\u00e9ritable symbole de mode de vie \u00e9coresponsable.<\/p>","protected":false},"excerpt":{"rendered":"<p>Mit unserer Tragetasche Unity aus recycelter Baumwolle (140 g\/m\u00b2) setzen Sie ein stilvolles Zeichen f\u00fcr Nachhaltigkeit. Inspiriert von der Natur, verbindet sie modernes Design mit verantwortungsbewussten Materialien. Der obere Teil besteht aus einem edlen Mix aus 70 % recycelter Baumwolle und 30 % recyceltem Polyester, w\u00e4hrend der untere Bereich und die Griffe aus farblich abgestimmter [&hellip;]<\/p>\n","protected":false},"featured_media":8929,"comment_status":"open","ping_status":"closed","template":"","meta":[],"product_brand":[],"product_cat":[249],"product_tag":[805,477,802,476],"class_list":{"0":"post-8920","1":"product","2":"type-product","3":"status-publish","4":"has-post-thumbnail","6":"product_cat-taschen","7":"product_tag-left-48","8":"product_tag-muenchen","9":"product_tag-top-62","10":"product_tag-uhq","11":"pa_farbe-burgundrot","12":"pa_farbe-marine","13":"pa_farbe-schwarz","14":"pa_material-baumwolle","15":"pa_material-jute","16":"pa_mindestmenge-24","17":"pa_werbeanbringung-siebdruck","18":"pa_werbeanbringung-thermische-transferdruck","20":"first","21":"instock","22":"taxable","23":"shipping-taxable","24":"purchasable","25":"product-type-variable","26":"add-to-wishlist-after_add_to_cart"},"yoast_head":"<!-- This site is optimized with the Yoast SEO plugin v27.4 - https:\/\/yoast.com\/product\/yoast-seo-wordpress\/ -->\n<title>Baumwolltasche &quot;Unity&quot; - PEN.EU<\/title>\n<meta name=\"robots\" content=\"index, follow, max-snippet:-1, max-image-preview:large, max-video-preview:-1\" \/>\n<link rel=\"canonical\" href=\"https:\/\/pen.eu\/fr\/produit\/baumwolltasche-unity\/\" \/>\n<meta property=\"og:locale\" content=\"fr_FR\" \/>\n<meta property=\"og:type\" content=\"article\" \/>\n<meta property=\"og:title\" content=\"Baumwolltasche &quot;Unity&quot; - PEN.EU\" \/>\n<meta property=\"og:description\" content=\"Mit unserer Tragetasche Unity aus recycelter Baumwolle (140 g\/m\u00b2) setzen Sie ein stilvolles Zeichen f\u00fcr Nachhaltigkeit. Inspiriert von der Natur, verbindet sie modernes Design mit verantwortungsbewussten Materialien. Der obere Teil besteht aus einem edlen Mix aus 70 % recycelter Baumwolle und 30 % recyceltem Polyester, w\u00e4hrend der untere Bereich und die Griffe aus farblich abgestimmter [&hellip;]\" \/>\n<meta property=\"og:url\" content=\"https:\/\/pen.eu\/fr\/produit\/baumwolltasche-unity\/\" \/>\n<meta property=\"og:site_name\" content=\"PEN.EU\" \/>\n<meta property=\"article:modified_time\" content=\"2026-01-22T09:52:01+00:00\" \/>\n<meta property=\"og:image\" content=\"https:\/\/pen.eu\/wp-content\/uploads\/2024\/11\/051403712-GS.jpg\" \/>\n\t<meta property=\"og:image:width\" content=\"2000\" \/>\n\t<meta property=\"og:image:height\" content=\"2000\" \/>\n\t<meta property=\"og:image:type\" content=\"image\/jpeg\" \/>\n<meta name=\"twitter:card\" content=\"summary_large_image\" \/>\n<script type=\"application\/ld+json\" class=\"yoast-schema-graph\">{\"@context\":\"https:\\\/\\\/schema.org\",\"@graph\":[{\"@type\":\"WebPage\",\"@id\":\"https:\\\/\\\/pen.eu\\\/produkt\\\/baumwolltasche-unity\\\/\",\"url\":\"https:\\\/\\\/pen.eu\\\/produkt\\\/baumwolltasche-unity\\\/\",\"name\":\"Baumwolltasche \\\"Unity\\\" - PEN.EU\",\"isPartOf\":{\"@id\":\"https:\\\/\\\/pen.eu\\\/#website\"},\"primaryImageOfPage\":{\"@id\":\"https:\\\/\\\/pen.eu\\\/produkt\\\/baumwolltasche-unity\\\/#primaryimage\"},\"image\":{\"@id\":\"https:\\\/\\\/pen.eu\\\/produkt\\\/baumwolltasche-unity\\\/#primaryimage\"},\"thumbnailUrl\":\"https:\\\/\\\/pen.eu\\\/wp-content\\\/uploads\\\/2024\\\/11\\\/051403712-GS.jpg\",\"datePublished\":\"2024-11-05T15:19:35+00:00\",\"dateModified\":\"2026-01-22T09:52:01+00:00\",\"breadcrumb\":{\"@id\":\"https:\\\/\\\/pen.eu\\\/produkt\\\/baumwolltasche-unity\\\/#breadcrumb\"},\"inLanguage\":\"fr-FR\",\"potentialAction\":[{\"@type\":\"ReadAction\",\"target\":[\"https:\\\/\\\/pen.eu\\\/produkt\\\/baumwolltasche-unity\\\/\"]}]},{\"@type\":\"ImageObject\",\"inLanguage\":\"fr-FR\",\"@id\":\"https:\\\/\\\/pen.eu\\\/produkt\\\/baumwolltasche-unity\\\/#primaryimage\",\"url\":\"https:\\\/\\\/pen.eu\\\/wp-content\\\/uploads\\\/2024\\\/11\\\/051403712-GS.jpg\",\"contentUrl\":\"https:\\\/\\\/pen.eu\\\/wp-content\\\/uploads\\\/2024\\\/11\\\/051403712-GS.jpg\",\"width\":2000,\"height\":2000},{\"@type\":\"BreadcrumbList\",\"@id\":\"https:\\\/\\\/pen.eu\\\/produkt\\\/baumwolltasche-unity\\\/#breadcrumb\",\"itemListElement\":[{\"@type\":\"ListItem\",\"position\":1,\"name\":\"Home\",\"item\":\"https:\\\/\\\/pen.eu\\\/\"},{\"@type\":\"ListItem\",\"position\":2,\"name\":\"Shop\",\"item\":\"https:\\\/\\\/pen.eu\\\/ch\\\/shop\\\/\"},{\"@type\":\"ListItem\",\"position\":3,\"name\":\"Baumwolltasche &#8220;Unity&#8221;\"}]},{\"@type\":\"WebSite\",\"@id\":\"https:\\\/\\\/pen.eu\\\/#website\",\"url\":\"https:\\\/\\\/pen.eu\\\/\",\"name\":\"PEN.EU\",\"description\":\"Kugelschreiber bedrucken mit Logo | pen.eu\",\"potentialAction\":[{\"@type\":\"SearchAction\",\"target\":{\"@type\":\"EntryPoint\",\"urlTemplate\":\"https:\\\/\\\/pen.eu\\\/?s={search_term_string}\"},\"query-input\":{\"@type\":\"PropertyValueSpecification\",\"valueRequired\":true,\"valueName\":\"search_term_string\"}}],\"inLanguage\":\"fr-FR\"}]}<\/script>\n<!-- \/ Yoast SEO plugin. -->","yoast_head_json":{"title":"Baumwolltasche \"Unity\" - PEN.EU","robots":{"index":"index","follow":"follow","max-snippet":"max-snippet:-1","max-image-preview":"max-image-preview:large","max-video-preview":"max-video-preview:-1"},"canonical":"https:\/\/pen.eu\/fr\/produit\/baumwolltasche-unity\/","og_locale":"fr_FR","og_type":"article","og_title":"Baumwolltasche \"Unity\" - PEN.EU","og_description":"Mit unserer Tragetasche Unity aus recycelter Baumwolle (140 g\/m\u00b2) setzen Sie ein stilvolles Zeichen f\u00fcr Nachhaltigkeit. Inspiriert von der Natur, verbindet sie modernes Design mit verantwortungsbewussten Materialien. Der obere Teil besteht aus einem edlen Mix aus 70 % recycelter Baumwolle und 30 % recyceltem Polyester, w\u00e4hrend der untere Bereich und die Griffe aus farblich abgestimmter [&hellip;]","og_url":"https:\/\/pen.eu\/fr\/produit\/baumwolltasche-unity\/","og_site_name":"PEN.EU","article_modified_time":"2026-01-22T09:52:01+00:00","og_image":[{"width":2000,"height":2000,"url":"https:\/\/pen.eu\/wp-content\/uploads\/2024\/11\/051403712-GS.jpg","type":"image\/jpeg"}],"twitter_card":"summary_large_image","schema":{"@context":"https:\/\/schema.org","@graph":[{"@type":"WebPage","@id":"https:\/\/pen.eu\/produkt\/baumwolltasche-unity\/","url":"https:\/\/pen.eu\/produkt\/baumwolltasche-unity\/","name":"Baumwolltasche \"Unity\" - PEN.EU","isPartOf":{"@id":"https:\/\/pen.eu\/#website"},"primaryImageOfPage":{"@id":"https:\/\/pen.eu\/produkt\/baumwolltasche-unity\/#primaryimage"},"image":{"@id":"https:\/\/pen.eu\/produkt\/baumwolltasche-unity\/#primaryimage"},"thumbnailUrl":"https:\/\/pen.eu\/wp-content\/uploads\/2024\/11\/051403712-GS.jpg","datePublished":"2024-11-05T15:19:35+00:00","dateModified":"2026-01-22T09:52:01+00:00","breadcrumb":{"@id":"https:\/\/pen.eu\/produkt\/baumwolltasche-unity\/#breadcrumb"},"inLanguage":"fr-FR","potentialAction":[{"@type":"ReadAction","target":["https:\/\/pen.eu\/produkt\/baumwolltasche-unity\/"]}]},{"@type":"ImageObject","inLanguage":"fr-FR","@id":"https:\/\/pen.eu\/produkt\/baumwolltasche-unity\/#primaryimage","url":"https:\/\/pen.eu\/wp-content\/uploads\/2024\/11\/051403712-GS.jpg","contentUrl":"https:\/\/pen.eu\/wp-content\/uploads\/2024\/11\/051403712-GS.jpg","width":2000,"height":2000},{"@type":"BreadcrumbList","@id":"https:\/\/pen.eu\/produkt\/baumwolltasche-unity\/#breadcrumb","itemListElement":[{"@type":"ListItem","position":1,"name":"Home","item":"https:\/\/pen.eu\/"},{"@type":"ListItem","position":2,"name":"Shop","item":"https:\/\/pen.eu\/ch\/shop\/"},{"@type":"ListItem","position":3,"name":"Baumwolltasche &#8220;Unity&#8221;"}]},{"@type":"WebSite","@id":"https:\/\/pen.eu\/#website","url":"https:\/\/pen.eu\/","name":"PEN.EU","description":"Kugelschreiber bedrucken mit Logo | pen.eu","potentialAction":[{"@type":"SearchAction","target":{"@type":"EntryPoint","urlTemplate":"https:\/\/pen.eu\/?s={search_term_string}"},"query-input":{"@type":"PropertyValueSpecification","valueRequired":true,"valueName":"search_term_string"}}],"inLanguage":"fr-FR"}]}},"_links":{"self":[{"href":"https:\/\/pen.eu\/fr\/wp-json\/wp\/v2\/product\/8920","targetHints":{"allow":["GET"]}}],"collection":[{"href":"https:\/\/pen.eu\/fr\/wp-json\/wp\/v2\/product"}],"about":[{"href":"https:\/\/pen.eu\/fr\/wp-json\/wp\/v2\/types\/product"}],"replies":[{"embeddable":true,"href":"https:\/\/pen.eu\/fr\/wp-json\/wp\/v2\/comments?post=8920"}],"wp:featuredmedia":[{"embeddable":true,"href":"https:\/\/pen.eu\/fr\/wp-json\/wp\/v2\/media\/8929"}],"wp:attachment":[{"href":"https:\/\/pen.eu\/fr\/wp-json\/wp\/v2\/media?parent=8920"}],"wp:term":[{"taxonomy":"product_brand","embeddable":true,"href":"https:\/\/pen.eu\/fr\/wp-json\/wp\/v2\/product_brand?post=8920"},{"taxonomy":"product_cat","embeddable":true,"href":"https:\/\/pen.eu\/fr\/wp-json\/wp\/v2\/product_cat?post=8920"},{"taxonomy":"product_tag","embeddable":true,"href":"https:\/\/pen.eu\/fr\/wp-json\/wp\/v2\/product_tag?post=8920"}],"curies":[{"name":"wp","href":"https:\/\/api.w.org\/{rel}","templated":true}]}}