{"id":9263,"date":"2024-11-08T17:25:52","date_gmt":"2024-11-08T16:25:52","guid":{"rendered":"https:\/\/v2.frank-pen.de\/?post_type=product&#038;p=9263"},"modified":"2025-10-06T11:40:32","modified_gmt":"2025-10-06T09:40:32","slug":"kugelschreiber-slider","status":"publish","type":"product","link":"https:\/\/pen.eu\/fr\/produit\/kugelschreiber-slider\/","title":{"rendered":"Kugelschreiber &#8220;Slider&#8221;"},"content":{"rendered":"<p>D\u00e9couvrez le stylo \u00e0 bille anti-stress innovant \u201cSlider\u201d \u2013 votre alli\u00e9 id\u00e9al pour am\u00e9liorer la concentration, accro\u00eetre la productivit\u00e9 et r\u00e9duire le stress. Ce stylo est bien plus qu\u2019un simple instrument d\u2019\u00e9criture : il vous aide \u00e0 rester focalis\u00e9. La bille en plastique qui glisse en douceur, assortie au corps (en blanc contrast\u00e9 pour la version noire), se d\u00e9place sans effort le long du clip en acier inoxydable \u00e9l\u00e9gant et procure une stimulation tactile agr\u00e9able. Dot\u00e9 d\u2019une mine fine noire r\u00e9tractable et d\u2019un bouton-poussoir en plastique au look gunmetal, ce stylo allie fonctionnalit\u00e9, style et exp\u00e9rience apaisante.<\/p>","protected":false},"excerpt":{"rendered":"<p>Lernen Sie den innovativen Fidget Kugelschreiber &#8220;Slider&#8221; kennen \u2013 Ihr perfekter Begleiter, um Konzentration und Produktivit\u00e4t zu steigern und dabei Stress abzubauen. Dieses Schreibger\u00e4t ist mehr als nur ein Kugelschreiber \u2013 es unterst\u00fctzt Sie dabei, fokussiert zu bleiben. Die sanft gleitende Kunststoffkugel, farblich passend zum Schaft (bei der schwarzen Variante in kontrastierendem Wei\u00df), bewegt sich [&hellip;]<\/p>\n","protected":false},"featured_media":9296,"comment_status":"open","ping_status":"closed","template":"","meta":[],"product_brand":[],"product_cat":[310,247],"product_tag":[509,782,657,508],"class_list":{"0":"post-9263","1":"product","2":"type-product","3":"status-publish","4":"has-post-thumbnail","6":"product_cat-kugelschreiber-aus-kunststoff","7":"product_cat-schreibgeraete","8":"product_tag-ajv","9":"product_tag-left-63","10":"product_tag-shortpen","11":"product_tag-swiftink","12":"pa_eigenschaft-anti-stress","13":"pa_farbe-grau","14":"pa_farbe-marine","15":"pa_farbe-rot","16":"pa_farbe-schwarz","17":"pa_farbe-weiss","18":"pa_material-kunststoff","19":"pa_mindestmenge-486","20":"pa_werbeanbringung-digitaldruck","21":"pa_werbeanbringung-siebdruck","23":"first","24":"instock","25":"taxable","26":"shipping-taxable","27":"purchasable","28":"product-type-variable","29":"has-default-attributes","30":"add-to-wishlist-after_add_to_cart"},"yoast_head":"<!-- This site is optimized with the Yoast SEO plugin v27.4 - https:\/\/yoast.com\/product\/yoast-seo-wordpress\/ -->\n<title>Kugelschreiber &quot;Slider&quot; - PEN.EU<\/title>\n<meta name=\"robots\" content=\"index, follow, max-snippet:-1, max-image-preview:large, max-video-preview:-1\" \/>\n<link rel=\"canonical\" href=\"https:\/\/pen.eu\/fr\/produit\/kugelschreiber-slider\/\" \/>\n<meta property=\"og:locale\" content=\"fr_FR\" \/>\n<meta property=\"og:type\" content=\"article\" \/>\n<meta property=\"og:title\" content=\"Kugelschreiber &quot;Slider&quot; - PEN.EU\" \/>\n<meta property=\"og:description\" content=\"Lernen Sie den innovativen Fidget Kugelschreiber &#8220;Slider&#8221; kennen \u2013 Ihr perfekter Begleiter, um Konzentration und Produktivit\u00e4t zu steigern und dabei Stress abzubauen. Dieses Schreibger\u00e4t ist mehr als nur ein Kugelschreiber \u2013 es unterst\u00fctzt Sie dabei, fokussiert zu bleiben. Die sanft gleitende Kunststoffkugel, farblich passend zum Schaft (bei der schwarzen Variante in kontrastierendem Wei\u00df), bewegt sich [&hellip;]\" \/>\n<meta property=\"og:url\" content=\"https:\/\/pen.eu\/fr\/produit\/kugelschreiber-slider\/\" \/>\n<meta property=\"og:site_name\" content=\"PEN.EU\" \/>\n<meta property=\"article:modified_time\" content=\"2025-10-06T09:40:32+00:00\" \/>\n<meta property=\"og:image\" content=\"https:\/\/pen.eu\/wp-content\/uploads\/2024\/11\/051201419-MB-GDD.jpg\" \/>\n\t<meta property=\"og:image:width\" content=\"2000\" \/>\n\t<meta property=\"og:image:height\" content=\"2000\" \/>\n\t<meta property=\"og:image:type\" content=\"image\/jpeg\" \/>\n<meta name=\"twitter:card\" content=\"summary_large_image\" \/>\n<script type=\"application\/ld+json\" class=\"yoast-schema-graph\">{\"@context\":\"https:\\\/\\\/schema.org\",\"@graph\":[{\"@type\":\"WebPage\",\"@id\":\"https:\\\/\\\/pen.eu\\\/produkt\\\/kugelschreiber-slider\\\/\",\"url\":\"https:\\\/\\\/pen.eu\\\/produkt\\\/kugelschreiber-slider\\\/\",\"name\":\"Kugelschreiber \\\"Slider\\\" - PEN.EU\",\"isPartOf\":{\"@id\":\"https:\\\/\\\/pen.eu\\\/#website\"},\"primaryImageOfPage\":{\"@id\":\"https:\\\/\\\/pen.eu\\\/produkt\\\/kugelschreiber-slider\\\/#primaryimage\"},\"image\":{\"@id\":\"https:\\\/\\\/pen.eu\\\/produkt\\\/kugelschreiber-slider\\\/#primaryimage\"},\"thumbnailUrl\":\"https:\\\/\\\/pen.eu\\\/wp-content\\\/uploads\\\/2024\\\/11\\\/051201419-MB-GDD.jpg\",\"datePublished\":\"2024-11-08T16:25:52+00:00\",\"dateModified\":\"2025-10-06T09:40:32+00:00\",\"breadcrumb\":{\"@id\":\"https:\\\/\\\/pen.eu\\\/produkt\\\/kugelschreiber-slider\\\/#breadcrumb\"},\"inLanguage\":\"fr-FR\",\"potentialAction\":[{\"@type\":\"ReadAction\",\"target\":[\"https:\\\/\\\/pen.eu\\\/produkt\\\/kugelschreiber-slider\\\/\"]}]},{\"@type\":\"ImageObject\",\"inLanguage\":\"fr-FR\",\"@id\":\"https:\\\/\\\/pen.eu\\\/produkt\\\/kugelschreiber-slider\\\/#primaryimage\",\"url\":\"https:\\\/\\\/pen.eu\\\/wp-content\\\/uploads\\\/2024\\\/11\\\/051201419-MB-GDD.jpg\",\"contentUrl\":\"https:\\\/\\\/pen.eu\\\/wp-content\\\/uploads\\\/2024\\\/11\\\/051201419-MB-GDD.jpg\",\"width\":2000,\"height\":2000},{\"@type\":\"BreadcrumbList\",\"@id\":\"https:\\\/\\\/pen.eu\\\/produkt\\\/kugelschreiber-slider\\\/#breadcrumb\",\"itemListElement\":[{\"@type\":\"ListItem\",\"position\":1,\"name\":\"Home\",\"item\":\"https:\\\/\\\/pen.eu\\\/\"},{\"@type\":\"ListItem\",\"position\":2,\"name\":\"Shop\",\"item\":\"https:\\\/\\\/pen.eu\\\/ch\\\/shop\\\/\"},{\"@type\":\"ListItem\",\"position\":3,\"name\":\"Kugelschreiber &#8220;Slider&#8221;\"}]},{\"@type\":\"WebSite\",\"@id\":\"https:\\\/\\\/pen.eu\\\/#website\",\"url\":\"https:\\\/\\\/pen.eu\\\/\",\"name\":\"PEN.EU\",\"description\":\"Kugelschreiber bedrucken mit Logo | pen.eu\",\"potentialAction\":[{\"@type\":\"SearchAction\",\"target\":{\"@type\":\"EntryPoint\",\"urlTemplate\":\"https:\\\/\\\/pen.eu\\\/?s={search_term_string}\"},\"query-input\":{\"@type\":\"PropertyValueSpecification\",\"valueRequired\":true,\"valueName\":\"search_term_string\"}}],\"inLanguage\":\"fr-FR\"}]}<\/script>\n<!-- \/ Yoast SEO plugin. -->","yoast_head_json":{"title":"Kugelschreiber \"Slider\" - PEN.EU","robots":{"index":"index","follow":"follow","max-snippet":"max-snippet:-1","max-image-preview":"max-image-preview:large","max-video-preview":"max-video-preview:-1"},"canonical":"https:\/\/pen.eu\/fr\/produit\/kugelschreiber-slider\/","og_locale":"fr_FR","og_type":"article","og_title":"Kugelschreiber \"Slider\" - PEN.EU","og_description":"Lernen Sie den innovativen Fidget Kugelschreiber &#8220;Slider&#8221; kennen \u2013 Ihr perfekter Begleiter, um Konzentration und Produktivit\u00e4t zu steigern und dabei Stress abzubauen. Dieses Schreibger\u00e4t ist mehr als nur ein Kugelschreiber \u2013 es unterst\u00fctzt Sie dabei, fokussiert zu bleiben. Die sanft gleitende Kunststoffkugel, farblich passend zum Schaft (bei der schwarzen Variante in kontrastierendem Wei\u00df), bewegt sich [&hellip;]","og_url":"https:\/\/pen.eu\/fr\/produit\/kugelschreiber-slider\/","og_site_name":"PEN.EU","article_modified_time":"2025-10-06T09:40:32+00:00","og_image":[{"width":2000,"height":2000,"url":"https:\/\/pen.eu\/wp-content\/uploads\/2024\/11\/051201419-MB-GDD.jpg","type":"image\/jpeg"}],"twitter_card":"summary_large_image","schema":{"@context":"https:\/\/schema.org","@graph":[{"@type":"WebPage","@id":"https:\/\/pen.eu\/produkt\/kugelschreiber-slider\/","url":"https:\/\/pen.eu\/produkt\/kugelschreiber-slider\/","name":"Kugelschreiber \"Slider\" - PEN.EU","isPartOf":{"@id":"https:\/\/pen.eu\/#website"},"primaryImageOfPage":{"@id":"https:\/\/pen.eu\/produkt\/kugelschreiber-slider\/#primaryimage"},"image":{"@id":"https:\/\/pen.eu\/produkt\/kugelschreiber-slider\/#primaryimage"},"thumbnailUrl":"https:\/\/pen.eu\/wp-content\/uploads\/2024\/11\/051201419-MB-GDD.jpg","datePublished":"2024-11-08T16:25:52+00:00","dateModified":"2025-10-06T09:40:32+00:00","breadcrumb":{"@id":"https:\/\/pen.eu\/produkt\/kugelschreiber-slider\/#breadcrumb"},"inLanguage":"fr-FR","potentialAction":[{"@type":"ReadAction","target":["https:\/\/pen.eu\/produkt\/kugelschreiber-slider\/"]}]},{"@type":"ImageObject","inLanguage":"fr-FR","@id":"https:\/\/pen.eu\/produkt\/kugelschreiber-slider\/#primaryimage","url":"https:\/\/pen.eu\/wp-content\/uploads\/2024\/11\/051201419-MB-GDD.jpg","contentUrl":"https:\/\/pen.eu\/wp-content\/uploads\/2024\/11\/051201419-MB-GDD.jpg","width":2000,"height":2000},{"@type":"BreadcrumbList","@id":"https:\/\/pen.eu\/produkt\/kugelschreiber-slider\/#breadcrumb","itemListElement":[{"@type":"ListItem","position":1,"name":"Home","item":"https:\/\/pen.eu\/"},{"@type":"ListItem","position":2,"name":"Shop","item":"https:\/\/pen.eu\/ch\/shop\/"},{"@type":"ListItem","position":3,"name":"Kugelschreiber &#8220;Slider&#8221;"}]},{"@type":"WebSite","@id":"https:\/\/pen.eu\/#website","url":"https:\/\/pen.eu\/","name":"PEN.EU","description":"Kugelschreiber bedrucken mit Logo | pen.eu","potentialAction":[{"@type":"SearchAction","target":{"@type":"EntryPoint","urlTemplate":"https:\/\/pen.eu\/?s={search_term_string}"},"query-input":{"@type":"PropertyValueSpecification","valueRequired":true,"valueName":"search_term_string"}}],"inLanguage":"fr-FR"}]}},"_links":{"self":[{"href":"https:\/\/pen.eu\/fr\/wp-json\/wp\/v2\/product\/9263","targetHints":{"allow":["GET"]}}],"collection":[{"href":"https:\/\/pen.eu\/fr\/wp-json\/wp\/v2\/product"}],"about":[{"href":"https:\/\/pen.eu\/fr\/wp-json\/wp\/v2\/types\/product"}],"replies":[{"embeddable":true,"href":"https:\/\/pen.eu\/fr\/wp-json\/wp\/v2\/comments?post=9263"}],"wp:featuredmedia":[{"embeddable":true,"href":"https:\/\/pen.eu\/fr\/wp-json\/wp\/v2\/media\/9296"}],"wp:attachment":[{"href":"https:\/\/pen.eu\/fr\/wp-json\/wp\/v2\/media?parent=9263"}],"wp:term":[{"taxonomy":"product_brand","embeddable":true,"href":"https:\/\/pen.eu\/fr\/wp-json\/wp\/v2\/product_brand?post=9263"},{"taxonomy":"product_cat","embeddable":true,"href":"https:\/\/pen.eu\/fr\/wp-json\/wp\/v2\/product_cat?post=9263"},{"taxonomy":"product_tag","embeddable":true,"href":"https:\/\/pen.eu\/fr\/wp-json\/wp\/v2\/product_tag?post=9263"}],"curies":[{"name":"wp","href":"https:\/\/api.w.org\/{rel}","templated":true}]}}