{"id":9308,"date":"2024-11-09T08:36:08","date_gmt":"2024-11-09T07:36:08","guid":{"rendered":"https:\/\/v2.frank-pen.de\/?post_type=product&#038;p=9308"},"modified":"2025-11-06T12:25:26","modified_gmt":"2025-11-06T11:25:26","slug":"kugelschreiber-ami","status":"publish","type":"product","link":"https:\/\/pen.eu\/fr\/produit\/kugelschreiber-ami\/","title":{"rendered":"Stylo \u201cAmi\u201d"},"content":{"rendered":"<p>Le stylo-bille Ami en bambou avec une recharge gel haut de gamme allie durabilit\u00e9 et style, \u00e9tant fabriqu\u00e9 \u00e0 partir de mat\u00e9riaux recycl\u00e9s. Le capuchon et l'embout sont en plastique RPET \u00e9cologique et sont \u00e9l\u00e9gamment compl\u00e9t\u00e9s par un clip couleur chrome m\u00e9tallique. Le corps en bambou conf\u00e8re au stylo une esth\u00e9tique naturelle et en fait un v\u00e9ritable attrait pour les amateurs de produits \u00e9coresponsables.<\/p>","protected":false},"excerpt":{"rendered":"<p>Le stylo-bille Ami en bambou avec une recharge gel haut de gamme allie durabilit\u00e9 et style, \u00e9tant fabriqu\u00e9 \u00e0 partir de mat\u00e9riaux recycl\u00e9s. Le capuchon et l'embout sont en plastique RPET \u00e9cologique et sont \u00e9l\u00e9gamment compl\u00e9t\u00e9s par un clip couleur chrome m\u00e9tallique. Le corps en bambou conf\u00e8re au stylo une esth\u00e9tique naturelle et en fait un v\u00e9ritable attrait pour les amateurs de produits \u00e9coresponsables.<\/p>","protected":false},"featured_media":9335,"comment_status":"open","ping_status":"closed","template":"","meta":[],"product_brand":[],"product_cat":[310,247],"product_tag":[512,782,513,657,780],"class_list":{"0":"post-9308","1":"product","2":"type-product","3":"status-publish","4":"has-post-thumbnail","6":"product_cat-kugelschreiber-aus-kunststoff","7":"product_cat-schreibgeraete","8":"product_tag-ajj","9":"product_tag-left-63","10":"product_tag-proscribe","11":"product_tag-shortpen","12":"product_tag-top-50","13":"pa_eigenschaft-eco-friendly","14":"pa_eigenschaft-gel-kugelschreiber","15":"pa_farbe-burgundrot","16":"pa_farbe-marine","17":"pa_farbe-taupe","18":"pa_material-bambus","19":"pa_material-kunststoff","20":"pa_material-metall","21":"pa_material-rpet","22":"pa_material-tpr","23":"pa_mindestmenge-486","24":"pa_werbeanbringung-lasergravur","26":"first","27":"instock","28":"taxable","29":"shipping-taxable","30":"purchasable","31":"product-type-variable","32":"add-to-wishlist-after_add_to_cart"},"yoast_head":"<!-- This site is optimized with the Yoast SEO plugin v27.4 - https:\/\/yoast.com\/product\/yoast-seo-wordpress\/ -->\n<title>Kugelschreiber &quot;Ami&quot; - PEN.EU<\/title>\n<meta name=\"robots\" content=\"index, follow, max-snippet:-1, max-image-preview:large, max-video-preview:-1\" \/>\n<link rel=\"canonical\" href=\"https:\/\/pen.eu\/fr\/produit\/kugelschreiber-ami\/\" \/>\n<meta property=\"og:locale\" content=\"fr_FR\" \/>\n<meta property=\"og:type\" content=\"article\" \/>\n<meta property=\"og:title\" content=\"Kugelschreiber &quot;Ami&quot; - PEN.EU\" \/>\n<meta property=\"og:description\" content=\"Der Kugelschreiber Ami aus Bambus mit einer Premium-Gelmine vereint Nachhaltigkeit und Stil, indem er aus recycelten Materialien gefertigt wird. Die Kappe und die Endkappe bestehen aus umweltfreundlichem RPET-Kunststoff und werden durch einen eleganten, metallisch-chromfarbenen Clip stilvoll erg\u00e4nzt. Der Bambusschaft verleiht dem Stift eine nat\u00fcrliche \u00c4sthetik und macht ihn zu einem umweltbewussten Hingucker.\" \/>\n<meta property=\"og:url\" content=\"https:\/\/pen.eu\/fr\/produit\/kugelschreiber-ami\/\" \/>\n<meta property=\"og:site_name\" content=\"PEN.EU\" \/>\n<meta property=\"article:modified_time\" content=\"2025-11-06T11:25:26+00:00\" \/>\n<meta property=\"og:image\" content=\"https:\/\/pen.eu\/wp-content\/uploads\/2024\/11\/051201512-MB-GL.jpg\" \/>\n\t<meta property=\"og:image:width\" content=\"2000\" \/>\n\t<meta property=\"og:image:height\" content=\"2000\" \/>\n\t<meta property=\"og:image:type\" content=\"image\/jpeg\" \/>\n<meta name=\"twitter:card\" content=\"summary_large_image\" \/>\n<script type=\"application\/ld+json\" class=\"yoast-schema-graph\">{\"@context\":\"https:\\\/\\\/schema.org\",\"@graph\":[{\"@type\":\"WebPage\",\"@id\":\"https:\\\/\\\/pen.eu\\\/produkt\\\/kugelschreiber-ami\\\/\",\"url\":\"https:\\\/\\\/pen.eu\\\/produkt\\\/kugelschreiber-ami\\\/\",\"name\":\"Kugelschreiber \\\"Ami\\\" - PEN.EU\",\"isPartOf\":{\"@id\":\"https:\\\/\\\/pen.eu\\\/#website\"},\"primaryImageOfPage\":{\"@id\":\"https:\\\/\\\/pen.eu\\\/produkt\\\/kugelschreiber-ami\\\/#primaryimage\"},\"image\":{\"@id\":\"https:\\\/\\\/pen.eu\\\/produkt\\\/kugelschreiber-ami\\\/#primaryimage\"},\"thumbnailUrl\":\"https:\\\/\\\/pen.eu\\\/wp-content\\\/uploads\\\/2024\\\/11\\\/051201512-MB-GL.jpg\",\"datePublished\":\"2024-11-09T07:36:08+00:00\",\"dateModified\":\"2025-11-06T11:25:26+00:00\",\"breadcrumb\":{\"@id\":\"https:\\\/\\\/pen.eu\\\/produkt\\\/kugelschreiber-ami\\\/#breadcrumb\"},\"inLanguage\":\"fr-FR\",\"potentialAction\":[{\"@type\":\"ReadAction\",\"target\":[\"https:\\\/\\\/pen.eu\\\/produkt\\\/kugelschreiber-ami\\\/\"]}]},{\"@type\":\"ImageObject\",\"inLanguage\":\"fr-FR\",\"@id\":\"https:\\\/\\\/pen.eu\\\/produkt\\\/kugelschreiber-ami\\\/#primaryimage\",\"url\":\"https:\\\/\\\/pen.eu\\\/wp-content\\\/uploads\\\/2024\\\/11\\\/051201512-MB-GL.jpg\",\"contentUrl\":\"https:\\\/\\\/pen.eu\\\/wp-content\\\/uploads\\\/2024\\\/11\\\/051201512-MB-GL.jpg\",\"width\":2000,\"height\":2000},{\"@type\":\"BreadcrumbList\",\"@id\":\"https:\\\/\\\/pen.eu\\\/produkt\\\/kugelschreiber-ami\\\/#breadcrumb\",\"itemListElement\":[{\"@type\":\"ListItem\",\"position\":1,\"name\":\"Home\",\"item\":\"https:\\\/\\\/pen.eu\\\/\"},{\"@type\":\"ListItem\",\"position\":2,\"name\":\"Shop\",\"item\":\"https:\\\/\\\/pen.eu\\\/ch\\\/shop\\\/\"},{\"@type\":\"ListItem\",\"position\":3,\"name\":\"Kugelschreiber &#8220;Ami&#8221;\"}]},{\"@type\":\"WebSite\",\"@id\":\"https:\\\/\\\/pen.eu\\\/#website\",\"url\":\"https:\\\/\\\/pen.eu\\\/\",\"name\":\"PEN.EU\",\"description\":\"Kugelschreiber bedrucken mit Logo | pen.eu\",\"potentialAction\":[{\"@type\":\"SearchAction\",\"target\":{\"@type\":\"EntryPoint\",\"urlTemplate\":\"https:\\\/\\\/pen.eu\\\/?s={search_term_string}\"},\"query-input\":{\"@type\":\"PropertyValueSpecification\",\"valueRequired\":true,\"valueName\":\"search_term_string\"}}],\"inLanguage\":\"fr-FR\"}]}<\/script>\n<!-- \/ Yoast SEO plugin. -->","yoast_head_json":{"title":"Kugelschreiber \"Ami\" - PEN.EU","robots":{"index":"index","follow":"follow","max-snippet":"max-snippet:-1","max-image-preview":"max-image-preview:large","max-video-preview":"max-video-preview:-1"},"canonical":"https:\/\/pen.eu\/fr\/produit\/kugelschreiber-ami\/","og_locale":"fr_FR","og_type":"article","og_title":"Kugelschreiber \"Ami\" - PEN.EU","og_description":"Der Kugelschreiber Ami aus Bambus mit einer Premium-Gelmine vereint Nachhaltigkeit und Stil, indem er aus recycelten Materialien gefertigt wird. Die Kappe und die Endkappe bestehen aus umweltfreundlichem RPET-Kunststoff und werden durch einen eleganten, metallisch-chromfarbenen Clip stilvoll erg\u00e4nzt. Der Bambusschaft verleiht dem Stift eine nat\u00fcrliche \u00c4sthetik und macht ihn zu einem umweltbewussten Hingucker.","og_url":"https:\/\/pen.eu\/fr\/produit\/kugelschreiber-ami\/","og_site_name":"PEN.EU","article_modified_time":"2025-11-06T11:25:26+00:00","og_image":[{"width":2000,"height":2000,"url":"https:\/\/pen.eu\/wp-content\/uploads\/2024\/11\/051201512-MB-GL.jpg","type":"image\/jpeg"}],"twitter_card":"summary_large_image","schema":{"@context":"https:\/\/schema.org","@graph":[{"@type":"WebPage","@id":"https:\/\/pen.eu\/produkt\/kugelschreiber-ami\/","url":"https:\/\/pen.eu\/produkt\/kugelschreiber-ami\/","name":"Kugelschreiber \"Ami\" - PEN.EU","isPartOf":{"@id":"https:\/\/pen.eu\/#website"},"primaryImageOfPage":{"@id":"https:\/\/pen.eu\/produkt\/kugelschreiber-ami\/#primaryimage"},"image":{"@id":"https:\/\/pen.eu\/produkt\/kugelschreiber-ami\/#primaryimage"},"thumbnailUrl":"https:\/\/pen.eu\/wp-content\/uploads\/2024\/11\/051201512-MB-GL.jpg","datePublished":"2024-11-09T07:36:08+00:00","dateModified":"2025-11-06T11:25:26+00:00","breadcrumb":{"@id":"https:\/\/pen.eu\/produkt\/kugelschreiber-ami\/#breadcrumb"},"inLanguage":"fr-FR","potentialAction":[{"@type":"ReadAction","target":["https:\/\/pen.eu\/produkt\/kugelschreiber-ami\/"]}]},{"@type":"ImageObject","inLanguage":"fr-FR","@id":"https:\/\/pen.eu\/produkt\/kugelschreiber-ami\/#primaryimage","url":"https:\/\/pen.eu\/wp-content\/uploads\/2024\/11\/051201512-MB-GL.jpg","contentUrl":"https:\/\/pen.eu\/wp-content\/uploads\/2024\/11\/051201512-MB-GL.jpg","width":2000,"height":2000},{"@type":"BreadcrumbList","@id":"https:\/\/pen.eu\/produkt\/kugelschreiber-ami\/#breadcrumb","itemListElement":[{"@type":"ListItem","position":1,"name":"Home","item":"https:\/\/pen.eu\/"},{"@type":"ListItem","position":2,"name":"Shop","item":"https:\/\/pen.eu\/ch\/shop\/"},{"@type":"ListItem","position":3,"name":"Kugelschreiber &#8220;Ami&#8221;"}]},{"@type":"WebSite","@id":"https:\/\/pen.eu\/#website","url":"https:\/\/pen.eu\/","name":"PEN.EU","description":"Kugelschreiber bedrucken mit Logo | pen.eu","potentialAction":[{"@type":"SearchAction","target":{"@type":"EntryPoint","urlTemplate":"https:\/\/pen.eu\/?s={search_term_string}"},"query-input":{"@type":"PropertyValueSpecification","valueRequired":true,"valueName":"search_term_string"}}],"inLanguage":"fr-FR"}]}},"_links":{"self":[{"href":"https:\/\/pen.eu\/fr\/wp-json\/wp\/v2\/product\/9308","targetHints":{"allow":["GET"]}}],"collection":[{"href":"https:\/\/pen.eu\/fr\/wp-json\/wp\/v2\/product"}],"about":[{"href":"https:\/\/pen.eu\/fr\/wp-json\/wp\/v2\/types\/product"}],"replies":[{"embeddable":true,"href":"https:\/\/pen.eu\/fr\/wp-json\/wp\/v2\/comments?post=9308"}],"wp:featuredmedia":[{"embeddable":true,"href":"https:\/\/pen.eu\/fr\/wp-json\/wp\/v2\/media\/9335"}],"wp:attachment":[{"href":"https:\/\/pen.eu\/fr\/wp-json\/wp\/v2\/media?parent=9308"}],"wp:term":[{"taxonomy":"product_brand","embeddable":true,"href":"https:\/\/pen.eu\/fr\/wp-json\/wp\/v2\/product_brand?post=9308"},{"taxonomy":"product_cat","embeddable":true,"href":"https:\/\/pen.eu\/fr\/wp-json\/wp\/v2\/product_cat?post=9308"},{"taxonomy":"product_tag","embeddable":true,"href":"https:\/\/pen.eu\/fr\/wp-json\/wp\/v2\/product_tag?post=9308"}],"curies":[{"name":"wp","href":"https:\/\/api.w.org\/{rel}","templated":true}]}}