{"id":9575,"date":"2024-11-12T10:34:15","date_gmt":"2024-11-12T09:34:15","guid":{"rendered":"https:\/\/v2.frank-pen.de\/?post_type=product&#038;p=9575"},"modified":"2026-01-21T15:23:19","modified_gmt":"2026-01-21T14:23:19","slug":"kugelschreiber-cambria","status":"publish","type":"product","link":"https:\/\/pen.eu\/fr\/produit\/kugelschreiber-cambria\/","title":{"rendered":"Stylo \u201cCambria\u201d"},"content":{"rendered":"<p>D\u00e9couvrez notre best-seller : le stylo-bille Cambria, qui allie une exp\u00e9rience d\u2019\u00e9criture luxueuse \u00e0 de \u00e9l\u00e9gants \u00e9l\u00e9ments de design couleur anthracite. Personnalisez-le avec une gravure miroir brillante ou une impression num\u00e9rique en couleurs vives. \u00c9quip\u00e9 d\u2019une cartouche grand format et d\u2019encre allemande, le Cambria garantit une \u00e9criture exceptionnellement fluide. Choisissez entre encre bleue ou noire et une palette de 15 superbes couleurs de corps : l\u2019accessoire parfait pour des moments d\u2019\u00e9criture exigeants.<\/p>","protected":false},"excerpt":{"rendered":"<p>Entdecken Sie unseren Bestseller: den Kugelschreiber Cambria, der ein luxuri\u00f6ses Schreibgef\u00fchl mit stilvollen, anthrazitfarbenen Designelementen vereint. Personalisieren Sie ihn mit einer eleganten Spiegelglanzgravur oder einem lebendigen Vollfarbdruck. Ausgestattet mit der hochwertigen Gro\u00dfraummine und deutscher Tinte sorgt der Cambria f\u00fcr ein besonders geschmeidiges Schreiberlebnis. W\u00e4hlen Sie zwischen blauer oder schwarzer Schreibfarbe und einer Palette von 15 [&hellip;]<\/p>\n","protected":false},"featured_media":9637,"comment_status":"open","ping_status":"closed","template":"","meta":[],"product_brand":[],"product_cat":[309,247],"product_tag":[646,787,644,645],"class_list":{"0":"post-9575","1":"product","2":"type-product","3":"status-publish","4":"has-post-thumbnail","6":"product_cat-kugelschreiber-aus-metall","7":"product_cat-schreibgeraete","8":"product_tag-2303-fp-1021","9":"product_tag-left-53","10":"product_tag-lum","11":"product_tag-mirror","12":"pa_eigenschaft-bestseller","13":"pa_eigenschaft-dokumentenecht","14":"pa_eigenschaft-soft-touch","15":"pa_farbe-flaschengruen","16":"pa_farbe-gelb","17":"pa_farbe-grau","18":"pa_farbe-hellblau","19":"pa_farbe-hellgruen","20":"pa_farbe-himmelblau","21":"pa_farbe-marine","22":"pa_farbe-orange","23":"pa_farbe-rot","24":"pa_farbe-schwarz","25":"pa_farbe-violett","26":"pa_material-aluminium","27":"pa_mindestmenge-24","28":"pa_werbeanbringung-digitaldruck","29":"pa_werbeanbringung-spiegelgravur","31":"first","32":"instock","33":"taxable","34":"shipping-taxable","35":"purchasable","36":"product-type-variable","37":"has-default-attributes","38":"add-to-wishlist-after_add_to_cart"},"yoast_head":"<!-- This site is optimized with the Yoast SEO plugin v27.4 - https:\/\/yoast.com\/product\/yoast-seo-wordpress\/ -->\n<title>Kugelschreiber \u201cCambria\u201d - PEN.EU<\/title>\n<meta name=\"robots\" content=\"index, follow, max-snippet:-1, max-image-preview:large, max-video-preview:-1\" \/>\n<link rel=\"canonical\" href=\"https:\/\/pen.eu\/fr\/produit\/kugelschreiber-cambria\/\" \/>\n<meta property=\"og:locale\" content=\"fr_FR\" \/>\n<meta property=\"og:type\" content=\"article\" \/>\n<meta property=\"og:title\" content=\"Kugelschreiber \u201cCambria\u201d - PEN.EU\" \/>\n<meta property=\"og:description\" content=\"Entdecken Sie unseren Bestseller: den Kugelschreiber Cambria, der ein luxuri\u00f6ses Schreibgef\u00fchl mit stilvollen, anthrazitfarbenen Designelementen vereint. Personalisieren Sie ihn mit einer eleganten Spiegelglanzgravur oder einem lebendigen Vollfarbdruck. Ausgestattet mit der hochwertigen Gro\u00dfraummine und deutscher Tinte sorgt der Cambria f\u00fcr ein besonders geschmeidiges Schreiberlebnis. W\u00e4hlen Sie zwischen blauer oder schwarzer Schreibfarbe und einer Palette von 15 [&hellip;]\" \/>\n<meta property=\"og:url\" content=\"https:\/\/pen.eu\/fr\/produit\/kugelschreiber-cambria\/\" \/>\n<meta property=\"og:site_name\" content=\"PEN.EU\" \/>\n<meta property=\"article:modified_time\" content=\"2026-01-21T14:23:19+00:00\" \/>\n<meta property=\"og:image\" content=\"https:\/\/pen.eu\/wp-content\/uploads\/2024\/11\/0513042116-MS-GDD-1.jpg\" \/>\n\t<meta property=\"og:image:width\" content=\"600\" \/>\n\t<meta property=\"og:image:height\" content=\"600\" \/>\n\t<meta property=\"og:image:type\" content=\"image\/jpeg\" \/>\n<meta name=\"twitter:card\" content=\"summary_large_image\" \/>\n<script type=\"application\/ld+json\" class=\"yoast-schema-graph\">{\"@context\":\"https:\\\/\\\/schema.org\",\"@graph\":[{\"@type\":\"WebPage\",\"@id\":\"https:\\\/\\\/pen.eu\\\/produkt\\\/kugelschreiber-cambria\\\/\",\"url\":\"https:\\\/\\\/pen.eu\\\/produkt\\\/kugelschreiber-cambria\\\/\",\"name\":\"Kugelschreiber \u201cCambria\u201d - PEN.EU\",\"isPartOf\":{\"@id\":\"https:\\\/\\\/pen.eu\\\/#website\"},\"primaryImageOfPage\":{\"@id\":\"https:\\\/\\\/pen.eu\\\/produkt\\\/kugelschreiber-cambria\\\/#primaryimage\"},\"image\":{\"@id\":\"https:\\\/\\\/pen.eu\\\/produkt\\\/kugelschreiber-cambria\\\/#primaryimage\"},\"thumbnailUrl\":\"https:\\\/\\\/pen.eu\\\/wp-content\\\/uploads\\\/2024\\\/11\\\/0513042116-MS-GDD-1.jpg\",\"datePublished\":\"2024-11-12T09:34:15+00:00\",\"dateModified\":\"2026-01-21T14:23:19+00:00\",\"breadcrumb\":{\"@id\":\"https:\\\/\\\/pen.eu\\\/produkt\\\/kugelschreiber-cambria\\\/#breadcrumb\"},\"inLanguage\":\"fr-FR\",\"potentialAction\":[{\"@type\":\"ReadAction\",\"target\":[\"https:\\\/\\\/pen.eu\\\/produkt\\\/kugelschreiber-cambria\\\/\"]}]},{\"@type\":\"ImageObject\",\"inLanguage\":\"fr-FR\",\"@id\":\"https:\\\/\\\/pen.eu\\\/produkt\\\/kugelschreiber-cambria\\\/#primaryimage\",\"url\":\"https:\\\/\\\/pen.eu\\\/wp-content\\\/uploads\\\/2024\\\/11\\\/0513042116-MS-GDD-1.jpg\",\"contentUrl\":\"https:\\\/\\\/pen.eu\\\/wp-content\\\/uploads\\\/2024\\\/11\\\/0513042116-MS-GDD-1.jpg\",\"width\":600,\"height\":600},{\"@type\":\"BreadcrumbList\",\"@id\":\"https:\\\/\\\/pen.eu\\\/produkt\\\/kugelschreiber-cambria\\\/#breadcrumb\",\"itemListElement\":[{\"@type\":\"ListItem\",\"position\":1,\"name\":\"Home\",\"item\":\"https:\\\/\\\/pen.eu\\\/\"},{\"@type\":\"ListItem\",\"position\":2,\"name\":\"Shop\",\"item\":\"https:\\\/\\\/pen.eu\\\/ch\\\/shop\\\/\"},{\"@type\":\"ListItem\",\"position\":3,\"name\":\"Kugelschreiber \u201cCambria\u201d\"}]},{\"@type\":\"WebSite\",\"@id\":\"https:\\\/\\\/pen.eu\\\/#website\",\"url\":\"https:\\\/\\\/pen.eu\\\/\",\"name\":\"PEN.EU\",\"description\":\"Kugelschreiber bedrucken mit Logo | pen.eu\",\"potentialAction\":[{\"@type\":\"SearchAction\",\"target\":{\"@type\":\"EntryPoint\",\"urlTemplate\":\"https:\\\/\\\/pen.eu\\\/?s={search_term_string}\"},\"query-input\":{\"@type\":\"PropertyValueSpecification\",\"valueRequired\":true,\"valueName\":\"search_term_string\"}}],\"inLanguage\":\"fr-FR\"}]}<\/script>\n<!-- \/ Yoast SEO plugin. -->","yoast_head_json":{"title":"Kugelschreiber \u201cCambria\u201d - PEN.EU","robots":{"index":"index","follow":"follow","max-snippet":"max-snippet:-1","max-image-preview":"max-image-preview:large","max-video-preview":"max-video-preview:-1"},"canonical":"https:\/\/pen.eu\/fr\/produit\/kugelschreiber-cambria\/","og_locale":"fr_FR","og_type":"article","og_title":"Kugelschreiber \u201cCambria\u201d - PEN.EU","og_description":"Entdecken Sie unseren Bestseller: den Kugelschreiber Cambria, der ein luxuri\u00f6ses Schreibgef\u00fchl mit stilvollen, anthrazitfarbenen Designelementen vereint. Personalisieren Sie ihn mit einer eleganten Spiegelglanzgravur oder einem lebendigen Vollfarbdruck. Ausgestattet mit der hochwertigen Gro\u00dfraummine und deutscher Tinte sorgt der Cambria f\u00fcr ein besonders geschmeidiges Schreiberlebnis. W\u00e4hlen Sie zwischen blauer oder schwarzer Schreibfarbe und einer Palette von 15 [&hellip;]","og_url":"https:\/\/pen.eu\/fr\/produit\/kugelschreiber-cambria\/","og_site_name":"PEN.EU","article_modified_time":"2026-01-21T14:23:19+00:00","og_image":[{"width":600,"height":600,"url":"https:\/\/pen.eu\/wp-content\/uploads\/2024\/11\/0513042116-MS-GDD-1.jpg","type":"image\/jpeg"}],"twitter_card":"summary_large_image","schema":{"@context":"https:\/\/schema.org","@graph":[{"@type":"WebPage","@id":"https:\/\/pen.eu\/produkt\/kugelschreiber-cambria\/","url":"https:\/\/pen.eu\/produkt\/kugelschreiber-cambria\/","name":"Kugelschreiber \u201cCambria\u201d - PEN.EU","isPartOf":{"@id":"https:\/\/pen.eu\/#website"},"primaryImageOfPage":{"@id":"https:\/\/pen.eu\/produkt\/kugelschreiber-cambria\/#primaryimage"},"image":{"@id":"https:\/\/pen.eu\/produkt\/kugelschreiber-cambria\/#primaryimage"},"thumbnailUrl":"https:\/\/pen.eu\/wp-content\/uploads\/2024\/11\/0513042116-MS-GDD-1.jpg","datePublished":"2024-11-12T09:34:15+00:00","dateModified":"2026-01-21T14:23:19+00:00","breadcrumb":{"@id":"https:\/\/pen.eu\/produkt\/kugelschreiber-cambria\/#breadcrumb"},"inLanguage":"fr-FR","potentialAction":[{"@type":"ReadAction","target":["https:\/\/pen.eu\/produkt\/kugelschreiber-cambria\/"]}]},{"@type":"ImageObject","inLanguage":"fr-FR","@id":"https:\/\/pen.eu\/produkt\/kugelschreiber-cambria\/#primaryimage","url":"https:\/\/pen.eu\/wp-content\/uploads\/2024\/11\/0513042116-MS-GDD-1.jpg","contentUrl":"https:\/\/pen.eu\/wp-content\/uploads\/2024\/11\/0513042116-MS-GDD-1.jpg","width":600,"height":600},{"@type":"BreadcrumbList","@id":"https:\/\/pen.eu\/produkt\/kugelschreiber-cambria\/#breadcrumb","itemListElement":[{"@type":"ListItem","position":1,"name":"Home","item":"https:\/\/pen.eu\/"},{"@type":"ListItem","position":2,"name":"Shop","item":"https:\/\/pen.eu\/ch\/shop\/"},{"@type":"ListItem","position":3,"name":"Kugelschreiber \u201cCambria\u201d"}]},{"@type":"WebSite","@id":"https:\/\/pen.eu\/#website","url":"https:\/\/pen.eu\/","name":"PEN.EU","description":"Kugelschreiber bedrucken mit Logo | pen.eu","potentialAction":[{"@type":"SearchAction","target":{"@type":"EntryPoint","urlTemplate":"https:\/\/pen.eu\/?s={search_term_string}"},"query-input":{"@type":"PropertyValueSpecification","valueRequired":true,"valueName":"search_term_string"}}],"inLanguage":"fr-FR"}]}},"_links":{"self":[{"href":"https:\/\/pen.eu\/fr\/wp-json\/wp\/v2\/product\/9575","targetHints":{"allow":["GET"]}}],"collection":[{"href":"https:\/\/pen.eu\/fr\/wp-json\/wp\/v2\/product"}],"about":[{"href":"https:\/\/pen.eu\/fr\/wp-json\/wp\/v2\/types\/product"}],"replies":[{"embeddable":true,"href":"https:\/\/pen.eu\/fr\/wp-json\/wp\/v2\/comments?post=9575"}],"wp:featuredmedia":[{"embeddable":true,"href":"https:\/\/pen.eu\/fr\/wp-json\/wp\/v2\/media\/9637"}],"wp:attachment":[{"href":"https:\/\/pen.eu\/fr\/wp-json\/wp\/v2\/media?parent=9575"}],"wp:term":[{"taxonomy":"product_brand","embeddable":true,"href":"https:\/\/pen.eu\/fr\/wp-json\/wp\/v2\/product_brand?post=9575"},{"taxonomy":"product_cat","embeddable":true,"href":"https:\/\/pen.eu\/fr\/wp-json\/wp\/v2\/product_cat?post=9575"},{"taxonomy":"product_tag","embeddable":true,"href":"https:\/\/pen.eu\/fr\/wp-json\/wp\/v2\/product_tag?post=9575"}],"curies":[{"name":"wp","href":"https:\/\/api.w.org\/{rel}","templated":true}]}}