{"id":9661,"date":"2024-11-12T16:42:35","date_gmt":"2024-11-12T15:42:35","guid":{"rendered":"https:\/\/v2.frank-pen.de\/?post_type=product&#038;p=9661"},"modified":"2025-10-06T12:54:11","modified_gmt":"2025-10-06T10:54:11","slug":"rucksack-porter","status":"publish","type":"product","link":"https:\/\/pen.eu\/fr\/produit\/rucksack-porter\/","title":{"rendered":"Sac \u00e0 dos \u201cPorter\u201d"},"content":{"rendered":"<p>Le sac \u00e0 dos de notre nouvelle collection est un v\u00e9ritable polyvalent \u2013 moderne, fonctionnel et parfait pour toute strat\u00e9gie de branding. Son design tendance \u00e0 enroulement et son look bicolore contrast\u00e9 lui conf\u00e8rent une allure urbaine haut de gamme. Gr\u00e2ce \u00e0 la poign\u00e9e de transport pratique et \u00e0 la sangle pour bagage int\u00e9gr\u00e9e, il se transporte facilement \u2013 au quotidien comme en voyage. Des poches lat\u00e9rales offrent de l\u2019espace suppl\u00e9mentaire pour des bouteilles ou d\u2019autres essentiels. Un compagnon styl\u00e9 qui met votre marque en valeur.<\/p>","protected":false},"excerpt":{"rendered":"<p>Der Rucksack aus unserer neuen Kollektion ist ein echtes Multitalent \u2013 modern, funktional und ideal f\u00fcr jedes Branding. Sein angesagtes Roll-Top-Design und der kontrastreiche Zweifarben-Look verleihen ihm eine hochwertige, urbane Ausstrahlung. Durch den praktischen Tragegriff und das integrierte Gep\u00e4ckband l\u00e4sst sich der Rucksack bequem transportieren \u2013 ob im Alltag oder auf Reisen. Seitliche F\u00e4cher bieten [&hellip;]<\/p>\n","protected":false},"featured_media":9669,"comment_status":"open","ping_status":"closed","template":"","meta":[],"product_brand":[],"product_cat":[249],"product_tag":[542,805,799,804,541],"class_list":{"0":"post-9661","1":"product","2":"type-product","3":"status-publish","4":"has-post-thumbnail","6":"product_cat-taschen","7":"product_tag-helsinki","8":"product_tag-left-48","9":"product_tag-slimlogo","10":"product_tag-top-66","11":"product_tag-ugl","12":"pa_eigenschaft-bestseller","13":"pa_farbe-grau","14":"pa_material-polyester","15":"pa_material-pvc","16":"pa_mindestmenge-315","17":"pa_werbeanbringung-siebdruck","18":"pa_werbeanbringung-thermische-transferdruck","20":"first","21":"instock","22":"taxable","23":"shipping-taxable","24":"purchasable","25":"product-type-variable","26":"add-to-wishlist-after_add_to_cart"},"yoast_head":"<!-- This site is optimized with the Yoast SEO plugin v27.4 - https:\/\/yoast.com\/product\/yoast-seo-wordpress\/ -->\n<title>Rucksack &quot;Porter&quot; - PEN.EU<\/title>\n<meta name=\"robots\" content=\"index, follow, max-snippet:-1, max-image-preview:large, max-video-preview:-1\" \/>\n<link rel=\"canonical\" href=\"https:\/\/pen.eu\/fr\/produit\/rucksack-porter\/\" \/>\n<meta property=\"og:locale\" content=\"fr_FR\" \/>\n<meta property=\"og:type\" content=\"article\" \/>\n<meta property=\"og:title\" content=\"Rucksack &quot;Porter&quot; - PEN.EU\" \/>\n<meta property=\"og:description\" content=\"Der Rucksack aus unserer neuen Kollektion ist ein echtes Multitalent \u2013 modern, funktional und ideal f\u00fcr jedes Branding. Sein angesagtes Roll-Top-Design und der kontrastreiche Zweifarben-Look verleihen ihm eine hochwertige, urbane Ausstrahlung. Durch den praktischen Tragegriff und das integrierte Gep\u00e4ckband l\u00e4sst sich der Rucksack bequem transportieren \u2013 ob im Alltag oder auf Reisen. Seitliche F\u00e4cher bieten [&hellip;]\" \/>\n<meta property=\"og:url\" content=\"https:\/\/pen.eu\/fr\/produit\/rucksack-porter\/\" \/>\n<meta property=\"og:site_name\" content=\"PEN.EU\" \/>\n<meta property=\"article:modified_time\" content=\"2025-10-06T10:54:11+00:00\" \/>\n<meta property=\"og:image\" content=\"https:\/\/pen.eu\/wp-content\/uploads\/2024\/11\/051404219-GS-1.jpg\" \/>\n\t<meta property=\"og:image:width\" content=\"1800\" \/>\n\t<meta property=\"og:image:height\" content=\"1800\" \/>\n\t<meta property=\"og:image:type\" content=\"image\/jpeg\" \/>\n<meta name=\"twitter:card\" content=\"summary_large_image\" \/>\n<script type=\"application\/ld+json\" class=\"yoast-schema-graph\">{\"@context\":\"https:\\\/\\\/schema.org\",\"@graph\":[{\"@type\":\"WebPage\",\"@id\":\"https:\\\/\\\/pen.eu\\\/produkt\\\/rucksack-porter\\\/\",\"url\":\"https:\\\/\\\/pen.eu\\\/produkt\\\/rucksack-porter\\\/\",\"name\":\"Rucksack \\\"Porter\\\" - PEN.EU\",\"isPartOf\":{\"@id\":\"https:\\\/\\\/pen.eu\\\/#website\"},\"primaryImageOfPage\":{\"@id\":\"https:\\\/\\\/pen.eu\\\/produkt\\\/rucksack-porter\\\/#primaryimage\"},\"image\":{\"@id\":\"https:\\\/\\\/pen.eu\\\/produkt\\\/rucksack-porter\\\/#primaryimage\"},\"thumbnailUrl\":\"https:\\\/\\\/pen.eu\\\/wp-content\\\/uploads\\\/2024\\\/11\\\/051404219-GS-1.jpg\",\"datePublished\":\"2024-11-12T15:42:35+00:00\",\"dateModified\":\"2025-10-06T10:54:11+00:00\",\"breadcrumb\":{\"@id\":\"https:\\\/\\\/pen.eu\\\/produkt\\\/rucksack-porter\\\/#breadcrumb\"},\"inLanguage\":\"fr-FR\",\"potentialAction\":[{\"@type\":\"ReadAction\",\"target\":[\"https:\\\/\\\/pen.eu\\\/produkt\\\/rucksack-porter\\\/\"]}]},{\"@type\":\"ImageObject\",\"inLanguage\":\"fr-FR\",\"@id\":\"https:\\\/\\\/pen.eu\\\/produkt\\\/rucksack-porter\\\/#primaryimage\",\"url\":\"https:\\\/\\\/pen.eu\\\/wp-content\\\/uploads\\\/2024\\\/11\\\/051404219-GS-1.jpg\",\"contentUrl\":\"https:\\\/\\\/pen.eu\\\/wp-content\\\/uploads\\\/2024\\\/11\\\/051404219-GS-1.jpg\",\"width\":1800,\"height\":1800},{\"@type\":\"BreadcrumbList\",\"@id\":\"https:\\\/\\\/pen.eu\\\/produkt\\\/rucksack-porter\\\/#breadcrumb\",\"itemListElement\":[{\"@type\":\"ListItem\",\"position\":1,\"name\":\"Home\",\"item\":\"https:\\\/\\\/pen.eu\\\/\"},{\"@type\":\"ListItem\",\"position\":2,\"name\":\"Shop\",\"item\":\"https:\\\/\\\/pen.eu\\\/ch\\\/shop\\\/\"},{\"@type\":\"ListItem\",\"position\":3,\"name\":\"Rucksack &#8220;Porter&#8221;\"}]},{\"@type\":\"WebSite\",\"@id\":\"https:\\\/\\\/pen.eu\\\/#website\",\"url\":\"https:\\\/\\\/pen.eu\\\/\",\"name\":\"PEN.EU\",\"description\":\"Kugelschreiber bedrucken mit Logo | pen.eu\",\"potentialAction\":[{\"@type\":\"SearchAction\",\"target\":{\"@type\":\"EntryPoint\",\"urlTemplate\":\"https:\\\/\\\/pen.eu\\\/?s={search_term_string}\"},\"query-input\":{\"@type\":\"PropertyValueSpecification\",\"valueRequired\":true,\"valueName\":\"search_term_string\"}}],\"inLanguage\":\"fr-FR\"}]}<\/script>\n<!-- \/ Yoast SEO plugin. -->","yoast_head_json":{"title":"Rucksack \"Porter\" - PEN.EU","robots":{"index":"index","follow":"follow","max-snippet":"max-snippet:-1","max-image-preview":"max-image-preview:large","max-video-preview":"max-video-preview:-1"},"canonical":"https:\/\/pen.eu\/fr\/produit\/rucksack-porter\/","og_locale":"fr_FR","og_type":"article","og_title":"Rucksack \"Porter\" - PEN.EU","og_description":"Der Rucksack aus unserer neuen Kollektion ist ein echtes Multitalent \u2013 modern, funktional und ideal f\u00fcr jedes Branding. Sein angesagtes Roll-Top-Design und der kontrastreiche Zweifarben-Look verleihen ihm eine hochwertige, urbane Ausstrahlung. Durch den praktischen Tragegriff und das integrierte Gep\u00e4ckband l\u00e4sst sich der Rucksack bequem transportieren \u2013 ob im Alltag oder auf Reisen. Seitliche F\u00e4cher bieten [&hellip;]","og_url":"https:\/\/pen.eu\/fr\/produit\/rucksack-porter\/","og_site_name":"PEN.EU","article_modified_time":"2025-10-06T10:54:11+00:00","og_image":[{"width":1800,"height":1800,"url":"https:\/\/pen.eu\/wp-content\/uploads\/2024\/11\/051404219-GS-1.jpg","type":"image\/jpeg"}],"twitter_card":"summary_large_image","schema":{"@context":"https:\/\/schema.org","@graph":[{"@type":"WebPage","@id":"https:\/\/pen.eu\/produkt\/rucksack-porter\/","url":"https:\/\/pen.eu\/produkt\/rucksack-porter\/","name":"Rucksack \"Porter\" - PEN.EU","isPartOf":{"@id":"https:\/\/pen.eu\/#website"},"primaryImageOfPage":{"@id":"https:\/\/pen.eu\/produkt\/rucksack-porter\/#primaryimage"},"image":{"@id":"https:\/\/pen.eu\/produkt\/rucksack-porter\/#primaryimage"},"thumbnailUrl":"https:\/\/pen.eu\/wp-content\/uploads\/2024\/11\/051404219-GS-1.jpg","datePublished":"2024-11-12T15:42:35+00:00","dateModified":"2025-10-06T10:54:11+00:00","breadcrumb":{"@id":"https:\/\/pen.eu\/produkt\/rucksack-porter\/#breadcrumb"},"inLanguage":"fr-FR","potentialAction":[{"@type":"ReadAction","target":["https:\/\/pen.eu\/produkt\/rucksack-porter\/"]}]},{"@type":"ImageObject","inLanguage":"fr-FR","@id":"https:\/\/pen.eu\/produkt\/rucksack-porter\/#primaryimage","url":"https:\/\/pen.eu\/wp-content\/uploads\/2024\/11\/051404219-GS-1.jpg","contentUrl":"https:\/\/pen.eu\/wp-content\/uploads\/2024\/11\/051404219-GS-1.jpg","width":1800,"height":1800},{"@type":"BreadcrumbList","@id":"https:\/\/pen.eu\/produkt\/rucksack-porter\/#breadcrumb","itemListElement":[{"@type":"ListItem","position":1,"name":"Home","item":"https:\/\/pen.eu\/"},{"@type":"ListItem","position":2,"name":"Shop","item":"https:\/\/pen.eu\/ch\/shop\/"},{"@type":"ListItem","position":3,"name":"Rucksack &#8220;Porter&#8221;"}]},{"@type":"WebSite","@id":"https:\/\/pen.eu\/#website","url":"https:\/\/pen.eu\/","name":"PEN.EU","description":"Kugelschreiber bedrucken mit Logo | pen.eu","potentialAction":[{"@type":"SearchAction","target":{"@type":"EntryPoint","urlTemplate":"https:\/\/pen.eu\/?s={search_term_string}"},"query-input":{"@type":"PropertyValueSpecification","valueRequired":true,"valueName":"search_term_string"}}],"inLanguage":"fr-FR"}]}},"_links":{"self":[{"href":"https:\/\/pen.eu\/fr\/wp-json\/wp\/v2\/product\/9661","targetHints":{"allow":["GET"]}}],"collection":[{"href":"https:\/\/pen.eu\/fr\/wp-json\/wp\/v2\/product"}],"about":[{"href":"https:\/\/pen.eu\/fr\/wp-json\/wp\/v2\/types\/product"}],"replies":[{"embeddable":true,"href":"https:\/\/pen.eu\/fr\/wp-json\/wp\/v2\/comments?post=9661"}],"wp:featuredmedia":[{"embeddable":true,"href":"https:\/\/pen.eu\/fr\/wp-json\/wp\/v2\/media\/9669"}],"wp:attachment":[{"href":"https:\/\/pen.eu\/fr\/wp-json\/wp\/v2\/media?parent=9661"}],"wp:term":[{"taxonomy":"product_brand","embeddable":true,"href":"https:\/\/pen.eu\/fr\/wp-json\/wp\/v2\/product_brand?post=9661"},{"taxonomy":"product_cat","embeddable":true,"href":"https:\/\/pen.eu\/fr\/wp-json\/wp\/v2\/product_cat?post=9661"},{"taxonomy":"product_tag","embeddable":true,"href":"https:\/\/pen.eu\/fr\/wp-json\/wp\/v2\/product_tag?post=9661"}],"curies":[{"name":"wp","href":"https:\/\/api.w.org\/{rel}","templated":true}]}}