{"id":9685,"date":"2024-11-12T17:52:12","date_gmt":"2024-11-12T16:52:12","guid":{"rendered":"https:\/\/v2.frank-pen.de\/?post_type=product&#038;p=9685"},"modified":"2025-09-29T15:55:48","modified_gmt":"2025-09-29T13:55:48","slug":"kugelschreiber-hughes-celestial","status":"publish","type":"product","link":"https:\/\/pen.eu\/fr\/produit\/kugelschreiber-hughes-celestial\/","title":{"rendered":"Stylo \"Hughes Celestial\""},"content":{"rendered":"<p>D\u00e9couvrez un nouveau niveau de confort d\u2019\u00e9criture avec le stylo gel Hughes Celestial. L\u2019encre gel de haute qualit\u00e9 offre une sensation d\u2019\u00e9criture douce et fluide, transformant chaque ligne en un v\u00e9ritable plaisir. Orn\u00e9 d\u2019un clip en m\u00e9tal couleur or rose et de d\u00e9tails d\u00e9coratifs \u00e9l\u00e9gants, ce stylo gel respire le luxe et le style. L\u2019harmonie parfaite des mat\u00e9riaux et des couleurs allie fonctionnalit\u00e9 et esth\u00e9tique, faisant de cet instrument bien plus qu\u2019un simple outil, c\u2019est une d\u00e9claration de go\u00fbt raffin\u00e9 et de qualit\u00e9 sup\u00e9rieure.<\/p>","protected":false},"excerpt":{"rendered":"<p>Erleben Sie ein neues Niveau des Schreibkomforts mit dem Hughes Celestial Gelschreiber. Die hochwertige Gel-Tinte bietet ein sanftes, gleichm\u00e4\u00dfiges Schreibgef\u00fchl und macht jede Zeile zu einem Vergn\u00fcgen. Veredelt mit einem ros\u00e9goldenen Metallclip und eleganten Zierdetails, strahlt dieser Gelschreiber Luxus und Stil aus. Die perfekte Abstimmung von Materialien und Farben vereint Funktionalit\u00e4t und \u00c4sthetik, wodurch dieses [&hellip;]<\/p>\n","protected":false},"featured_media":9749,"comment_status":"open","ping_status":"closed","template":"","meta":[],"product_brand":[],"product_cat":[310,247],"product_tag":[549,782,548,657,776],"class_list":{"0":"post-9685","1":"product","2":"type-product","3":"status-publish","4":"has-post-thumbnail","6":"product_cat-kugelschreiber-aus-kunststoff","7":"product_cat-schreibgeraete","8":"product_tag-ajd","9":"product_tag-left-63","10":"product_tag-primemark","11":"product_tag-shortpen","12":"product_tag-top-50-5","13":"pa_eigenschaft-gel-kugelschreiber","14":"pa_eigenschaft-rose-gold","15":"pa_farbe-fuchsia","16":"pa_farbe-gelb","17":"pa_farbe-pastellblau","18":"pa_farbe-sand","19":"pa_material-kunststoff","20":"pa_mindestmenge-486","21":"pa_werbeanbringung-digitaldruck","22":"pa_werbeanbringung-siebdruck","24":"first","25":"instock","26":"taxable","27":"shipping-taxable","28":"purchasable","29":"product-type-variable","30":"has-default-attributes","31":"add-to-wishlist-after_add_to_cart"},"yoast_head":"<!-- This site is optimized with the Yoast SEO plugin v27.4 - https:\/\/yoast.com\/product\/yoast-seo-wordpress\/ -->\n<title>Kugelschreiber &quot;Hughes Celestial&quot; - PEN.EU<\/title>\n<meta name=\"robots\" content=\"index, follow, max-snippet:-1, max-image-preview:large, max-video-preview:-1\" \/>\n<link rel=\"canonical\" href=\"https:\/\/pen.eu\/fr\/produit\/kugelschreiber-hughes-celestial\/\" \/>\n<meta property=\"og:locale\" content=\"fr_FR\" \/>\n<meta property=\"og:type\" content=\"article\" \/>\n<meta property=\"og:title\" content=\"Kugelschreiber &quot;Hughes Celestial&quot; - PEN.EU\" \/>\n<meta property=\"og:description\" content=\"Erleben Sie ein neues Niveau des Schreibkomforts mit dem Hughes Celestial Gelschreiber. Die hochwertige Gel-Tinte bietet ein sanftes, gleichm\u00e4\u00dfiges Schreibgef\u00fchl und macht jede Zeile zu einem Vergn\u00fcgen. Veredelt mit einem ros\u00e9goldenen Metallclip und eleganten Zierdetails, strahlt dieser Gelschreiber Luxus und Stil aus. Die perfekte Abstimmung von Materialien und Farben vereint Funktionalit\u00e4t und \u00c4sthetik, wodurch dieses [&hellip;]\" \/>\n<meta property=\"og:url\" content=\"https:\/\/pen.eu\/fr\/produit\/kugelschreiber-hughes-celestial\/\" \/>\n<meta property=\"og:site_name\" content=\"PEN.EU\" \/>\n<meta property=\"article:modified_time\" content=\"2025-09-29T13:55:48+00:00\" \/>\n<meta property=\"og:image\" content=\"https:\/\/pen.eu\/wp-content\/uploads\/2024\/11\/051201808-MS-GDD.jpg\" \/>\n\t<meta property=\"og:image:width\" content=\"2000\" \/>\n\t<meta property=\"og:image:height\" content=\"2000\" \/>\n\t<meta property=\"og:image:type\" content=\"image\/jpeg\" \/>\n<meta name=\"twitter:card\" content=\"summary_large_image\" \/>\n<script type=\"application\/ld+json\" class=\"yoast-schema-graph\">{\"@context\":\"https:\\\/\\\/schema.org\",\"@graph\":[{\"@type\":\"WebPage\",\"@id\":\"https:\\\/\\\/pen.eu\\\/produkt\\\/kugelschreiber-hughes-celestial\\\/\",\"url\":\"https:\\\/\\\/pen.eu\\\/produkt\\\/kugelschreiber-hughes-celestial\\\/\",\"name\":\"Kugelschreiber \\\"Hughes Celestial\\\" - PEN.EU\",\"isPartOf\":{\"@id\":\"https:\\\/\\\/pen.eu\\\/#website\"},\"primaryImageOfPage\":{\"@id\":\"https:\\\/\\\/pen.eu\\\/produkt\\\/kugelschreiber-hughes-celestial\\\/#primaryimage\"},\"image\":{\"@id\":\"https:\\\/\\\/pen.eu\\\/produkt\\\/kugelschreiber-hughes-celestial\\\/#primaryimage\"},\"thumbnailUrl\":\"https:\\\/\\\/pen.eu\\\/wp-content\\\/uploads\\\/2024\\\/11\\\/051201808-MS-GDD.jpg\",\"datePublished\":\"2024-11-12T16:52:12+00:00\",\"dateModified\":\"2025-09-29T13:55:48+00:00\",\"breadcrumb\":{\"@id\":\"https:\\\/\\\/pen.eu\\\/produkt\\\/kugelschreiber-hughes-celestial\\\/#breadcrumb\"},\"inLanguage\":\"fr-FR\",\"potentialAction\":[{\"@type\":\"ReadAction\",\"target\":[\"https:\\\/\\\/pen.eu\\\/produkt\\\/kugelschreiber-hughes-celestial\\\/\"]}]},{\"@type\":\"ImageObject\",\"inLanguage\":\"fr-FR\",\"@id\":\"https:\\\/\\\/pen.eu\\\/produkt\\\/kugelschreiber-hughes-celestial\\\/#primaryimage\",\"url\":\"https:\\\/\\\/pen.eu\\\/wp-content\\\/uploads\\\/2024\\\/11\\\/051201808-MS-GDD.jpg\",\"contentUrl\":\"https:\\\/\\\/pen.eu\\\/wp-content\\\/uploads\\\/2024\\\/11\\\/051201808-MS-GDD.jpg\",\"width\":2000,\"height\":2000},{\"@type\":\"BreadcrumbList\",\"@id\":\"https:\\\/\\\/pen.eu\\\/produkt\\\/kugelschreiber-hughes-celestial\\\/#breadcrumb\",\"itemListElement\":[{\"@type\":\"ListItem\",\"position\":1,\"name\":\"Home\",\"item\":\"https:\\\/\\\/pen.eu\\\/\"},{\"@type\":\"ListItem\",\"position\":2,\"name\":\"Shop\",\"item\":\"https:\\\/\\\/pen.eu\\\/ch\\\/shop\\\/\"},{\"@type\":\"ListItem\",\"position\":3,\"name\":\"Kugelschreiber &#8220;Hughes Celestial&#8221;\"}]},{\"@type\":\"WebSite\",\"@id\":\"https:\\\/\\\/pen.eu\\\/#website\",\"url\":\"https:\\\/\\\/pen.eu\\\/\",\"name\":\"PEN.EU\",\"description\":\"Kugelschreiber bedrucken mit Logo | pen.eu\",\"potentialAction\":[{\"@type\":\"SearchAction\",\"target\":{\"@type\":\"EntryPoint\",\"urlTemplate\":\"https:\\\/\\\/pen.eu\\\/?s={search_term_string}\"},\"query-input\":{\"@type\":\"PropertyValueSpecification\",\"valueRequired\":true,\"valueName\":\"search_term_string\"}}],\"inLanguage\":\"fr-FR\"}]}<\/script>\n<!-- \/ Yoast SEO plugin. -->","yoast_head_json":{"title":"Kugelschreiber \"Hughes Celestial\" - PEN.EU","robots":{"index":"index","follow":"follow","max-snippet":"max-snippet:-1","max-image-preview":"max-image-preview:large","max-video-preview":"max-video-preview:-1"},"canonical":"https:\/\/pen.eu\/fr\/produit\/kugelschreiber-hughes-celestial\/","og_locale":"fr_FR","og_type":"article","og_title":"Kugelschreiber \"Hughes Celestial\" - PEN.EU","og_description":"Erleben Sie ein neues Niveau des Schreibkomforts mit dem Hughes Celestial Gelschreiber. Die hochwertige Gel-Tinte bietet ein sanftes, gleichm\u00e4\u00dfiges Schreibgef\u00fchl und macht jede Zeile zu einem Vergn\u00fcgen. Veredelt mit einem ros\u00e9goldenen Metallclip und eleganten Zierdetails, strahlt dieser Gelschreiber Luxus und Stil aus. Die perfekte Abstimmung von Materialien und Farben vereint Funktionalit\u00e4t und \u00c4sthetik, wodurch dieses [&hellip;]","og_url":"https:\/\/pen.eu\/fr\/produit\/kugelschreiber-hughes-celestial\/","og_site_name":"PEN.EU","article_modified_time":"2025-09-29T13:55:48+00:00","og_image":[{"width":2000,"height":2000,"url":"https:\/\/pen.eu\/wp-content\/uploads\/2024\/11\/051201808-MS-GDD.jpg","type":"image\/jpeg"}],"twitter_card":"summary_large_image","schema":{"@context":"https:\/\/schema.org","@graph":[{"@type":"WebPage","@id":"https:\/\/pen.eu\/produkt\/kugelschreiber-hughes-celestial\/","url":"https:\/\/pen.eu\/produkt\/kugelschreiber-hughes-celestial\/","name":"Kugelschreiber \"Hughes Celestial\" - PEN.EU","isPartOf":{"@id":"https:\/\/pen.eu\/#website"},"primaryImageOfPage":{"@id":"https:\/\/pen.eu\/produkt\/kugelschreiber-hughes-celestial\/#primaryimage"},"image":{"@id":"https:\/\/pen.eu\/produkt\/kugelschreiber-hughes-celestial\/#primaryimage"},"thumbnailUrl":"https:\/\/pen.eu\/wp-content\/uploads\/2024\/11\/051201808-MS-GDD.jpg","datePublished":"2024-11-12T16:52:12+00:00","dateModified":"2025-09-29T13:55:48+00:00","breadcrumb":{"@id":"https:\/\/pen.eu\/produkt\/kugelschreiber-hughes-celestial\/#breadcrumb"},"inLanguage":"fr-FR","potentialAction":[{"@type":"ReadAction","target":["https:\/\/pen.eu\/produkt\/kugelschreiber-hughes-celestial\/"]}]},{"@type":"ImageObject","inLanguage":"fr-FR","@id":"https:\/\/pen.eu\/produkt\/kugelschreiber-hughes-celestial\/#primaryimage","url":"https:\/\/pen.eu\/wp-content\/uploads\/2024\/11\/051201808-MS-GDD.jpg","contentUrl":"https:\/\/pen.eu\/wp-content\/uploads\/2024\/11\/051201808-MS-GDD.jpg","width":2000,"height":2000},{"@type":"BreadcrumbList","@id":"https:\/\/pen.eu\/produkt\/kugelschreiber-hughes-celestial\/#breadcrumb","itemListElement":[{"@type":"ListItem","position":1,"name":"Home","item":"https:\/\/pen.eu\/"},{"@type":"ListItem","position":2,"name":"Shop","item":"https:\/\/pen.eu\/ch\/shop\/"},{"@type":"ListItem","position":3,"name":"Kugelschreiber &#8220;Hughes Celestial&#8221;"}]},{"@type":"WebSite","@id":"https:\/\/pen.eu\/#website","url":"https:\/\/pen.eu\/","name":"PEN.EU","description":"Kugelschreiber bedrucken mit Logo | pen.eu","potentialAction":[{"@type":"SearchAction","target":{"@type":"EntryPoint","urlTemplate":"https:\/\/pen.eu\/?s={search_term_string}"},"query-input":{"@type":"PropertyValueSpecification","valueRequired":true,"valueName":"search_term_string"}}],"inLanguage":"fr-FR"}]}},"_links":{"self":[{"href":"https:\/\/pen.eu\/fr\/wp-json\/wp\/v2\/product\/9685","targetHints":{"allow":["GET"]}}],"collection":[{"href":"https:\/\/pen.eu\/fr\/wp-json\/wp\/v2\/product"}],"about":[{"href":"https:\/\/pen.eu\/fr\/wp-json\/wp\/v2\/types\/product"}],"replies":[{"embeddable":true,"href":"https:\/\/pen.eu\/fr\/wp-json\/wp\/v2\/comments?post=9685"}],"wp:featuredmedia":[{"embeddable":true,"href":"https:\/\/pen.eu\/fr\/wp-json\/wp\/v2\/media\/9749"}],"wp:attachment":[{"href":"https:\/\/pen.eu\/fr\/wp-json\/wp\/v2\/media?parent=9685"}],"wp:term":[{"taxonomy":"product_brand","embeddable":true,"href":"https:\/\/pen.eu\/fr\/wp-json\/wp\/v2\/product_brand?post=9685"},{"taxonomy":"product_cat","embeddable":true,"href":"https:\/\/pen.eu\/fr\/wp-json\/wp\/v2\/product_cat?post=9685"},{"taxonomy":"product_tag","embeddable":true,"href":"https:\/\/pen.eu\/fr\/wp-json\/wp\/v2\/product_tag?post=9685"}],"curies":[{"name":"wp","href":"https:\/\/api.w.org\/{rel}","templated":true}]}}