{"id":9827,"date":"2024-11-14T11:38:11","date_gmt":"2024-11-14T10:38:11","guid":{"rendered":"https:\/\/v2.frank-pen.de\/?post_type=product&#038;p=9827"},"modified":"2025-09-29T15:55:30","modified_gmt":"2025-09-29T13:55:30","slug":"4-farb-kugelschreiber-lucina","status":"publish","type":"product","link":"https:\/\/pen.eu\/fr\/produit\/4-farb-kugelschreiber-lucina\/","title":{"rendered":"Stylo \u00e0 4 encres \u201cLucina\u201d"},"content":{"rendered":"<p>Apportez de la joie et de la fonctionnalit\u00e9 au quotidien de vos clients, enfants, \u00e9tudiants ou employ\u00e9s ! Ce stylo-bille \u00e9l\u00e9gant \u00e0 m\u00e9canisme poussoir est personnalis\u00e9 avec votre texte ou logo en impression quadri vive. Le stylo multifonction Lucina 4 couleurs offre quatre encres (bleu, noir, rouge et vert) ainsi qu\u2019un stylet int\u00e9gr\u00e9 pour une utilisation facile sur smartphones et tablettes. Son corps et sa poign\u00e9e en caoutchouc assurent un confort d\u2019\u00e9criture pendant des heures. Personnalisez cet outil d\u2019\u00e9criture pratique d\u00e8s aujourd\u2019hui avec votre message et transformez-le en cadeau publicitaire inoubliable !<\/p>","protected":false},"excerpt":{"rendered":"<p>Bringen Sie Spa\u00df und Funktionalit\u00e4t in den Alltag Ihrer Kunden, Kinder, Studenten oder Mitarbeiter! Dieser elegante Klick-Kugelschreiber wird individuell mit Ihrem Text oder Logo in lebendigem Vollfarbdruck gestaltet. Der multifunktionale Lucina 4-Farb Kugelschreiber bietet vier Tintenfarben (Blau, Schwarz, Rot und Gr\u00fcn) sowie einen integrierten Stylus f\u00fcr die einfache Bedienung von Smartphones und Tablets. Sein gummierter [&hellip;]<\/p>\n","protected":false},"featured_media":9867,"comment_status":"open","ping_status":"closed","template":"","meta":[],"product_brand":[],"product_cat":[310,247],"product_tag":[555,556,787,658],"class_list":{"0":"post-9827","1":"product","2":"type-product","3":"status-publish","4":"has-post-thumbnail","6":"product_cat-kugelschreiber-aus-kunststoff","7":"product_cat-schreibgeraete","8":"product_tag-agr","9":"product_tag-edgewrite","10":"product_tag-left-53","11":"product_tag-longpen","12":"pa_eigenschaft-soft-touch","13":"pa_eigenschaft-stylus","14":"pa_farbe-dunkelblau","15":"pa_farbe-gruen","16":"pa_farbe-hellblau","17":"pa_farbe-rot","18":"pa_material-gummi","19":"pa_material-kunststoff","20":"pa_mindestmenge-486","21":"pa_werbeanbringung-digitaldruck","22":"pa_werbeanbringung-siebdruck","24":"first","25":"instock","26":"taxable","27":"shipping-taxable","28":"purchasable","29":"product-type-variable","30":"has-default-attributes","31":"add-to-wishlist-after_add_to_cart"},"yoast_head":"<!-- This site is optimized with the Yoast SEO plugin v27.4 - https:\/\/yoast.com\/product\/yoast-seo-wordpress\/ -->\n<title>4-Farb Kugelschreiber &quot;Lucina&quot; - PEN.EU<\/title>\n<meta name=\"robots\" content=\"index, follow, max-snippet:-1, max-image-preview:large, max-video-preview:-1\" \/>\n<link rel=\"canonical\" href=\"https:\/\/pen.eu\/fr\/produit\/4-farb-kugelschreiber-lucina\/\" \/>\n<meta property=\"og:locale\" content=\"fr_FR\" \/>\n<meta property=\"og:type\" content=\"article\" \/>\n<meta property=\"og:title\" content=\"4-Farb Kugelschreiber &quot;Lucina&quot; - PEN.EU\" \/>\n<meta property=\"og:description\" content=\"Bringen Sie Spa\u00df und Funktionalit\u00e4t in den Alltag Ihrer Kunden, Kinder, Studenten oder Mitarbeiter! Dieser elegante Klick-Kugelschreiber wird individuell mit Ihrem Text oder Logo in lebendigem Vollfarbdruck gestaltet. Der multifunktionale Lucina 4-Farb Kugelschreiber bietet vier Tintenfarben (Blau, Schwarz, Rot und Gr\u00fcn) sowie einen integrierten Stylus f\u00fcr die einfache Bedienung von Smartphones und Tablets. Sein gummierter [&hellip;]\" \/>\n<meta property=\"og:url\" content=\"https:\/\/pen.eu\/fr\/produit\/4-farb-kugelschreiber-lucina\/\" \/>\n<meta property=\"og:site_name\" content=\"PEN.EU\" \/>\n<meta property=\"article:modified_time\" content=\"2025-09-29T13:55:30+00:00\" \/>\n<meta property=\"og:image\" content=\"https:\/\/pen.eu\/wp-content\/uploads\/2024\/11\/051202105-MB-GS.jpg\" \/>\n\t<meta property=\"og:image:width\" content=\"1014\" \/>\n\t<meta property=\"og:image:height\" content=\"1014\" \/>\n\t<meta property=\"og:image:type\" content=\"image\/jpeg\" \/>\n<meta name=\"twitter:card\" content=\"summary_large_image\" \/>\n<script type=\"application\/ld+json\" class=\"yoast-schema-graph\">{\"@context\":\"https:\\\/\\\/schema.org\",\"@graph\":[{\"@type\":\"WebPage\",\"@id\":\"https:\\\/\\\/pen.eu\\\/produkt\\\/4-farb-kugelschreiber-lucina\\\/\",\"url\":\"https:\\\/\\\/pen.eu\\\/produkt\\\/4-farb-kugelschreiber-lucina\\\/\",\"name\":\"4-Farb Kugelschreiber \\\"Lucina\\\" - PEN.EU\",\"isPartOf\":{\"@id\":\"https:\\\/\\\/pen.eu\\\/#website\"},\"primaryImageOfPage\":{\"@id\":\"https:\\\/\\\/pen.eu\\\/produkt\\\/4-farb-kugelschreiber-lucina\\\/#primaryimage\"},\"image\":{\"@id\":\"https:\\\/\\\/pen.eu\\\/produkt\\\/4-farb-kugelschreiber-lucina\\\/#primaryimage\"},\"thumbnailUrl\":\"https:\\\/\\\/pen.eu\\\/wp-content\\\/uploads\\\/2024\\\/11\\\/051202105-MB-GS.jpg\",\"datePublished\":\"2024-11-14T10:38:11+00:00\",\"dateModified\":\"2025-09-29T13:55:30+00:00\",\"breadcrumb\":{\"@id\":\"https:\\\/\\\/pen.eu\\\/produkt\\\/4-farb-kugelschreiber-lucina\\\/#breadcrumb\"},\"inLanguage\":\"fr-FR\",\"potentialAction\":[{\"@type\":\"ReadAction\",\"target\":[\"https:\\\/\\\/pen.eu\\\/produkt\\\/4-farb-kugelschreiber-lucina\\\/\"]}]},{\"@type\":\"ImageObject\",\"inLanguage\":\"fr-FR\",\"@id\":\"https:\\\/\\\/pen.eu\\\/produkt\\\/4-farb-kugelschreiber-lucina\\\/#primaryimage\",\"url\":\"https:\\\/\\\/pen.eu\\\/wp-content\\\/uploads\\\/2024\\\/11\\\/051202105-MB-GS.jpg\",\"contentUrl\":\"https:\\\/\\\/pen.eu\\\/wp-content\\\/uploads\\\/2024\\\/11\\\/051202105-MB-GS.jpg\",\"width\":1014,\"height\":1014},{\"@type\":\"BreadcrumbList\",\"@id\":\"https:\\\/\\\/pen.eu\\\/produkt\\\/4-farb-kugelschreiber-lucina\\\/#breadcrumb\",\"itemListElement\":[{\"@type\":\"ListItem\",\"position\":1,\"name\":\"Home\",\"item\":\"https:\\\/\\\/pen.eu\\\/\"},{\"@type\":\"ListItem\",\"position\":2,\"name\":\"Shop\",\"item\":\"https:\\\/\\\/pen.eu\\\/ch\\\/shop\\\/\"},{\"@type\":\"ListItem\",\"position\":3,\"name\":\"4-Farb Kugelschreiber &#8220;Lucina&#8221;\"}]},{\"@type\":\"WebSite\",\"@id\":\"https:\\\/\\\/pen.eu\\\/#website\",\"url\":\"https:\\\/\\\/pen.eu\\\/\",\"name\":\"PEN.EU\",\"description\":\"Kugelschreiber bedrucken mit Logo | pen.eu\",\"potentialAction\":[{\"@type\":\"SearchAction\",\"target\":{\"@type\":\"EntryPoint\",\"urlTemplate\":\"https:\\\/\\\/pen.eu\\\/?s={search_term_string}\"},\"query-input\":{\"@type\":\"PropertyValueSpecification\",\"valueRequired\":true,\"valueName\":\"search_term_string\"}}],\"inLanguage\":\"fr-FR\"}]}<\/script>\n<!-- \/ Yoast SEO plugin. -->","yoast_head_json":{"title":"4-Farb Kugelschreiber \"Lucina\" - PEN.EU","robots":{"index":"index","follow":"follow","max-snippet":"max-snippet:-1","max-image-preview":"max-image-preview:large","max-video-preview":"max-video-preview:-1"},"canonical":"https:\/\/pen.eu\/fr\/produit\/4-farb-kugelschreiber-lucina\/","og_locale":"fr_FR","og_type":"article","og_title":"4-Farb Kugelschreiber \"Lucina\" - PEN.EU","og_description":"Bringen Sie Spa\u00df und Funktionalit\u00e4t in den Alltag Ihrer Kunden, Kinder, Studenten oder Mitarbeiter! Dieser elegante Klick-Kugelschreiber wird individuell mit Ihrem Text oder Logo in lebendigem Vollfarbdruck gestaltet. Der multifunktionale Lucina 4-Farb Kugelschreiber bietet vier Tintenfarben (Blau, Schwarz, Rot und Gr\u00fcn) sowie einen integrierten Stylus f\u00fcr die einfache Bedienung von Smartphones und Tablets. Sein gummierter [&hellip;]","og_url":"https:\/\/pen.eu\/fr\/produit\/4-farb-kugelschreiber-lucina\/","og_site_name":"PEN.EU","article_modified_time":"2025-09-29T13:55:30+00:00","og_image":[{"width":1014,"height":1014,"url":"https:\/\/pen.eu\/wp-content\/uploads\/2024\/11\/051202105-MB-GS.jpg","type":"image\/jpeg"}],"twitter_card":"summary_large_image","schema":{"@context":"https:\/\/schema.org","@graph":[{"@type":"WebPage","@id":"https:\/\/pen.eu\/produkt\/4-farb-kugelschreiber-lucina\/","url":"https:\/\/pen.eu\/produkt\/4-farb-kugelschreiber-lucina\/","name":"4-Farb Kugelschreiber \"Lucina\" - PEN.EU","isPartOf":{"@id":"https:\/\/pen.eu\/#website"},"primaryImageOfPage":{"@id":"https:\/\/pen.eu\/produkt\/4-farb-kugelschreiber-lucina\/#primaryimage"},"image":{"@id":"https:\/\/pen.eu\/produkt\/4-farb-kugelschreiber-lucina\/#primaryimage"},"thumbnailUrl":"https:\/\/pen.eu\/wp-content\/uploads\/2024\/11\/051202105-MB-GS.jpg","datePublished":"2024-11-14T10:38:11+00:00","dateModified":"2025-09-29T13:55:30+00:00","breadcrumb":{"@id":"https:\/\/pen.eu\/produkt\/4-farb-kugelschreiber-lucina\/#breadcrumb"},"inLanguage":"fr-FR","potentialAction":[{"@type":"ReadAction","target":["https:\/\/pen.eu\/produkt\/4-farb-kugelschreiber-lucina\/"]}]},{"@type":"ImageObject","inLanguage":"fr-FR","@id":"https:\/\/pen.eu\/produkt\/4-farb-kugelschreiber-lucina\/#primaryimage","url":"https:\/\/pen.eu\/wp-content\/uploads\/2024\/11\/051202105-MB-GS.jpg","contentUrl":"https:\/\/pen.eu\/wp-content\/uploads\/2024\/11\/051202105-MB-GS.jpg","width":1014,"height":1014},{"@type":"BreadcrumbList","@id":"https:\/\/pen.eu\/produkt\/4-farb-kugelschreiber-lucina\/#breadcrumb","itemListElement":[{"@type":"ListItem","position":1,"name":"Home","item":"https:\/\/pen.eu\/"},{"@type":"ListItem","position":2,"name":"Shop","item":"https:\/\/pen.eu\/ch\/shop\/"},{"@type":"ListItem","position":3,"name":"4-Farb Kugelschreiber &#8220;Lucina&#8221;"}]},{"@type":"WebSite","@id":"https:\/\/pen.eu\/#website","url":"https:\/\/pen.eu\/","name":"PEN.EU","description":"Kugelschreiber bedrucken mit Logo | pen.eu","potentialAction":[{"@type":"SearchAction","target":{"@type":"EntryPoint","urlTemplate":"https:\/\/pen.eu\/?s={search_term_string}"},"query-input":{"@type":"PropertyValueSpecification","valueRequired":true,"valueName":"search_term_string"}}],"inLanguage":"fr-FR"}]}},"_links":{"self":[{"href":"https:\/\/pen.eu\/fr\/wp-json\/wp\/v2\/product\/9827","targetHints":{"allow":["GET"]}}],"collection":[{"href":"https:\/\/pen.eu\/fr\/wp-json\/wp\/v2\/product"}],"about":[{"href":"https:\/\/pen.eu\/fr\/wp-json\/wp\/v2\/types\/product"}],"replies":[{"embeddable":true,"href":"https:\/\/pen.eu\/fr\/wp-json\/wp\/v2\/comments?post=9827"}],"wp:featuredmedia":[{"embeddable":true,"href":"https:\/\/pen.eu\/fr\/wp-json\/wp\/v2\/media\/9867"}],"wp:attachment":[{"href":"https:\/\/pen.eu\/fr\/wp-json\/wp\/v2\/media?parent=9827"}],"wp:term":[{"taxonomy":"product_brand","embeddable":true,"href":"https:\/\/pen.eu\/fr\/wp-json\/wp\/v2\/product_brand?post=9827"},{"taxonomy":"product_cat","embeddable":true,"href":"https:\/\/pen.eu\/fr\/wp-json\/wp\/v2\/product_cat?post=9827"},{"taxonomy":"product_tag","embeddable":true,"href":"https:\/\/pen.eu\/fr\/wp-json\/wp\/v2\/product_tag?post=9827"}],"curies":[{"name":"wp","href":"https:\/\/api.w.org\/{rel}","templated":true}]}}