{"id":9919,"date":"2024-11-15T11:50:35","date_gmt":"2024-11-15T10:50:35","guid":{"rendered":"https:\/\/v2.frank-pen.de\/?post_type=product&#038;p=9919"},"modified":"2026-01-22T08:00:41","modified_gmt":"2026-01-22T07:00:41","slug":"kugelschreiber-camilla","status":"publish","type":"product","link":"https:\/\/pen.eu\/fr\/produit\/kugelschreiber-camilla\/","title":{"rendered":"Stylo \u201cCamilla\u201d"},"content":{"rendered":"<p>Ce stylo-bille en plastique Camilla s\u00e9duit par son corps soft-touch caoutchout\u00e9 qui, associ\u00e9 \u00e0 une prise ergonomique et \u00e0 de \u00e9l\u00e9gants accents chrom\u00e9s, allie confort et style. \u00c9quip\u00e9 d\u2019un stylet pratique, il est id\u00e9al pour l\u2019utilisation de tous les appareils \u00e0 \u00e9cran tactile. Un instrument d\u2019\u00e9criture moderne qui met efficacement votre marque en valeur et diffuse votre message avec \u00e9l\u00e9gance !<\/p>","protected":false},"excerpt":{"rendered":"<p>Ce stylo-bille en plastique Camilla s\u00e9duit par son corps soft-touch caoutchout\u00e9 qui, associ\u00e9 \u00e0 une prise ergonomique et \u00e0 de \u00e9l\u00e9gants accents chrom\u00e9s, allie confort et style. \u00c9quip\u00e9 d\u2019un stylet pratique, il est id\u00e9al pour l\u2019utilisation de tous les appareils \u00e0 \u00e9cran tactile. Un instrument d\u2019\u00e9criture moderne qui met efficacement votre marque en valeur et diffuse votre message avec \u00e9l\u00e9gance !<\/p>","protected":false},"featured_media":9965,"comment_status":"open","ping_status":"closed","template":"","meta":[],"product_brand":[],"product_cat":[310,247],"product_tag":[559,560],"class_list":{"0":"post-9919","1":"product","2":"type-product","3":"status-publish","4":"has-post-thumbnail","6":"product_cat-kugelschreiber-aus-kunststoff","7":"product_cat-schreibgeraete","8":"product_tag-nuvopoint","9":"product_tag-pym","10":"pa_eigenschaft-soft-touch","11":"pa_eigenschaft-stylus","12":"pa_farbe-dunkelblau","13":"pa_farbe-gelb","14":"pa_farbe-gruen","15":"pa_farbe-hellblau","16":"pa_farbe-rot","17":"pa_farbe-schwarz","18":"pa_material-kunststoff","19":"pa_mindestmenge-486","20":"pa_werbeanbringung-digitaldruck","21":"pa_werbeanbringung-siebdruck","23":"first","24":"instock","25":"taxable","26":"shipping-taxable","27":"purchasable","28":"product-type-variable","29":"add-to-wishlist-after_add_to_cart"},"yoast_head":"<!-- This site is optimized with the Yoast SEO plugin v27.3 - https:\/\/yoast.com\/product\/yoast-seo-wordpress\/ -->\n<title>Kugelschreiber &quot;Camilla&quot; - PEN.EU<\/title>\n<meta name=\"robots\" content=\"index, follow, max-snippet:-1, max-image-preview:large, max-video-preview:-1\" \/>\n<link rel=\"canonical\" href=\"https:\/\/pen.eu\/fr\/produit\/kugelschreiber-camilla\/\" \/>\n<meta property=\"og:locale\" content=\"fr_FR\" \/>\n<meta property=\"og:type\" content=\"article\" \/>\n<meta property=\"og:title\" content=\"Kugelschreiber &quot;Camilla&quot; - PEN.EU\" \/>\n<meta property=\"og:description\" content=\"Dieser Kunststoff-Kugelschreiber Camilla besticht durch sein gummiertes Soft-Touch-Geh\u00e4use, das zusammen mit dem ergonomischen Griff und den eleganten Chromakzenten f\u00fcr Komfort und Stil sorgt. Ausgestattet mit einem praktischen Touchpen, ist er ideal f\u00fcr die Nutzung aller digitalen Touchscreen-Ger\u00e4te. Ein modernes Schreibger\u00e4t, das Ihre Marke effektiv pr\u00e4sentiert und Ihre Botschaft stilvoll verbreitet!\" \/>\n<meta property=\"og:url\" content=\"https:\/\/pen.eu\/fr\/produit\/kugelschreiber-camilla\/\" \/>\n<meta property=\"og:site_name\" content=\"PEN.EU\" \/>\n<meta property=\"article:modified_time\" content=\"2026-01-22T07:00:41+00:00\" \/>\n<meta property=\"og:image\" content=\"https:\/\/pen.eu\/wp-content\/uploads\/2024\/11\/051202304-MS-GS.jpg\" \/>\n\t<meta property=\"og:image:width\" content=\"956\" \/>\n\t<meta property=\"og:image:height\" content=\"956\" \/>\n\t<meta property=\"og:image:type\" content=\"image\/jpeg\" \/>\n<meta name=\"twitter:card\" content=\"summary_large_image\" \/>\n<script type=\"application\/ld+json\" class=\"yoast-schema-graph\">{\"@context\":\"https:\\\/\\\/schema.org\",\"@graph\":[{\"@type\":\"WebPage\",\"@id\":\"https:\\\/\\\/pen.eu\\\/produkt\\\/kugelschreiber-camilla\\\/\",\"url\":\"https:\\\/\\\/pen.eu\\\/produkt\\\/kugelschreiber-camilla\\\/\",\"name\":\"Kugelschreiber \\\"Camilla\\\" - PEN.EU\",\"isPartOf\":{\"@id\":\"https:\\\/\\\/pen.eu\\\/#website\"},\"primaryImageOfPage\":{\"@id\":\"https:\\\/\\\/pen.eu\\\/produkt\\\/kugelschreiber-camilla\\\/#primaryimage\"},\"image\":{\"@id\":\"https:\\\/\\\/pen.eu\\\/produkt\\\/kugelschreiber-camilla\\\/#primaryimage\"},\"thumbnailUrl\":\"https:\\\/\\\/pen.eu\\\/wp-content\\\/uploads\\\/2024\\\/11\\\/051202304-MS-GS.jpg\",\"datePublished\":\"2024-11-15T10:50:35+00:00\",\"dateModified\":\"2026-01-22T07:00:41+00:00\",\"breadcrumb\":{\"@id\":\"https:\\\/\\\/pen.eu\\\/produkt\\\/kugelschreiber-camilla\\\/#breadcrumb\"},\"inLanguage\":\"fr-FR\",\"potentialAction\":[{\"@type\":\"ReadAction\",\"target\":[\"https:\\\/\\\/pen.eu\\\/produkt\\\/kugelschreiber-camilla\\\/\"]}]},{\"@type\":\"ImageObject\",\"inLanguage\":\"fr-FR\",\"@id\":\"https:\\\/\\\/pen.eu\\\/produkt\\\/kugelschreiber-camilla\\\/#primaryimage\",\"url\":\"https:\\\/\\\/pen.eu\\\/wp-content\\\/uploads\\\/2024\\\/11\\\/051202304-MS-GS.jpg\",\"contentUrl\":\"https:\\\/\\\/pen.eu\\\/wp-content\\\/uploads\\\/2024\\\/11\\\/051202304-MS-GS.jpg\",\"width\":956,\"height\":956},{\"@type\":\"BreadcrumbList\",\"@id\":\"https:\\\/\\\/pen.eu\\\/produkt\\\/kugelschreiber-camilla\\\/#breadcrumb\",\"itemListElement\":[{\"@type\":\"ListItem\",\"position\":1,\"name\":\"Home\",\"item\":\"https:\\\/\\\/pen.eu\\\/\"},{\"@type\":\"ListItem\",\"position\":2,\"name\":\"Shop\",\"item\":\"https:\\\/\\\/pen.eu\\\/ch\\\/shop\\\/\"},{\"@type\":\"ListItem\",\"position\":3,\"name\":\"Kugelschreiber &#8220;Camilla&#8221;\"}]},{\"@type\":\"WebSite\",\"@id\":\"https:\\\/\\\/pen.eu\\\/#website\",\"url\":\"https:\\\/\\\/pen.eu\\\/\",\"name\":\"PEN.EU\",\"description\":\"Kugelschreiber bedrucken mit Logo | pen.eu\",\"potentialAction\":[{\"@type\":\"SearchAction\",\"target\":{\"@type\":\"EntryPoint\",\"urlTemplate\":\"https:\\\/\\\/pen.eu\\\/?s={search_term_string}\"},\"query-input\":{\"@type\":\"PropertyValueSpecification\",\"valueRequired\":true,\"valueName\":\"search_term_string\"}}],\"inLanguage\":\"fr-FR\"}]}<\/script>\n<!-- \/ Yoast SEO plugin. -->","yoast_head_json":{"title":"Kugelschreiber \"Camilla\" - PEN.EU","robots":{"index":"index","follow":"follow","max-snippet":"max-snippet:-1","max-image-preview":"max-image-preview:large","max-video-preview":"max-video-preview:-1"},"canonical":"https:\/\/pen.eu\/fr\/produit\/kugelschreiber-camilla\/","og_locale":"fr_FR","og_type":"article","og_title":"Kugelschreiber \"Camilla\" - PEN.EU","og_description":"Dieser Kunststoff-Kugelschreiber Camilla besticht durch sein gummiertes Soft-Touch-Geh\u00e4use, das zusammen mit dem ergonomischen Griff und den eleganten Chromakzenten f\u00fcr Komfort und Stil sorgt. Ausgestattet mit einem praktischen Touchpen, ist er ideal f\u00fcr die Nutzung aller digitalen Touchscreen-Ger\u00e4te. Ein modernes Schreibger\u00e4t, das Ihre Marke effektiv pr\u00e4sentiert und Ihre Botschaft stilvoll verbreitet!","og_url":"https:\/\/pen.eu\/fr\/produit\/kugelschreiber-camilla\/","og_site_name":"PEN.EU","article_modified_time":"2026-01-22T07:00:41+00:00","og_image":[{"width":956,"height":956,"url":"https:\/\/pen.eu\/wp-content\/uploads\/2024\/11\/051202304-MS-GS.jpg","type":"image\/jpeg"}],"twitter_card":"summary_large_image","schema":{"@context":"https:\/\/schema.org","@graph":[{"@type":"WebPage","@id":"https:\/\/pen.eu\/produkt\/kugelschreiber-camilla\/","url":"https:\/\/pen.eu\/produkt\/kugelschreiber-camilla\/","name":"Kugelschreiber \"Camilla\" - PEN.EU","isPartOf":{"@id":"https:\/\/pen.eu\/#website"},"primaryImageOfPage":{"@id":"https:\/\/pen.eu\/produkt\/kugelschreiber-camilla\/#primaryimage"},"image":{"@id":"https:\/\/pen.eu\/produkt\/kugelschreiber-camilla\/#primaryimage"},"thumbnailUrl":"https:\/\/pen.eu\/wp-content\/uploads\/2024\/11\/051202304-MS-GS.jpg","datePublished":"2024-11-15T10:50:35+00:00","dateModified":"2026-01-22T07:00:41+00:00","breadcrumb":{"@id":"https:\/\/pen.eu\/produkt\/kugelschreiber-camilla\/#breadcrumb"},"inLanguage":"fr-FR","potentialAction":[{"@type":"ReadAction","target":["https:\/\/pen.eu\/produkt\/kugelschreiber-camilla\/"]}]},{"@type":"ImageObject","inLanguage":"fr-FR","@id":"https:\/\/pen.eu\/produkt\/kugelschreiber-camilla\/#primaryimage","url":"https:\/\/pen.eu\/wp-content\/uploads\/2024\/11\/051202304-MS-GS.jpg","contentUrl":"https:\/\/pen.eu\/wp-content\/uploads\/2024\/11\/051202304-MS-GS.jpg","width":956,"height":956},{"@type":"BreadcrumbList","@id":"https:\/\/pen.eu\/produkt\/kugelschreiber-camilla\/#breadcrumb","itemListElement":[{"@type":"ListItem","position":1,"name":"Home","item":"https:\/\/pen.eu\/"},{"@type":"ListItem","position":2,"name":"Shop","item":"https:\/\/pen.eu\/ch\/shop\/"},{"@type":"ListItem","position":3,"name":"Kugelschreiber &#8220;Camilla&#8221;"}]},{"@type":"WebSite","@id":"https:\/\/pen.eu\/#website","url":"https:\/\/pen.eu\/","name":"PEN.EU","description":"Kugelschreiber bedrucken mit Logo | pen.eu","potentialAction":[{"@type":"SearchAction","target":{"@type":"EntryPoint","urlTemplate":"https:\/\/pen.eu\/?s={search_term_string}"},"query-input":{"@type":"PropertyValueSpecification","valueRequired":true,"valueName":"search_term_string"}}],"inLanguage":"fr-FR"}]}},"_links":{"self":[{"href":"https:\/\/pen.eu\/fr\/wp-json\/wp\/v2\/product\/9919","targetHints":{"allow":["GET"]}}],"collection":[{"href":"https:\/\/pen.eu\/fr\/wp-json\/wp\/v2\/product"}],"about":[{"href":"https:\/\/pen.eu\/fr\/wp-json\/wp\/v2\/types\/product"}],"replies":[{"embeddable":true,"href":"https:\/\/pen.eu\/fr\/wp-json\/wp\/v2\/comments?post=9919"}],"wp:featuredmedia":[{"embeddable":true,"href":"https:\/\/pen.eu\/fr\/wp-json\/wp\/v2\/media\/9965"}],"wp:attachment":[{"href":"https:\/\/pen.eu\/fr\/wp-json\/wp\/v2\/media?parent=9919"}],"wp:term":[{"taxonomy":"product_brand","embeddable":true,"href":"https:\/\/pen.eu\/fr\/wp-json\/wp\/v2\/product_brand?post=9919"},{"taxonomy":"product_cat","embeddable":true,"href":"https:\/\/pen.eu\/fr\/wp-json\/wp\/v2\/product_cat?post=9919"},{"taxonomy":"product_tag","embeddable":true,"href":"https:\/\/pen.eu\/fr\/wp-json\/wp\/v2\/product_tag?post=9919"}],"curies":[{"name":"wp","href":"https:\/\/api.w.org\/{rel}","templated":true}]}}