{"id":9978,"date":"2024-11-15T18:24:34","date_gmt":"2024-11-15T17:24:34","guid":{"rendered":"https:\/\/v2.frank-pen.de\/?post_type=product&#038;p=9978"},"modified":"2025-09-29T15:19:57","modified_gmt":"2025-09-29T13:19:57","slug":"kugelschreiber-steadymark-gel","status":"publish","type":"product","link":"https:\/\/pen.eu\/fr\/produit\/kugelschreiber-steadymark-gel\/","title":{"rendered":"Stylo \u201cSteadyMark Gel\u201d"},"content":{"rendered":"<p>Der Kugelschreiber SteadyMark Gelschreiber \u00fcberzeugt mit edlen ros\u00e9goldenen Akzenten, einer transparenten Kappe und einem Soft-Touch-Schaft in exklusiven Farben. Der gummierte Griff sorgt f\u00fcr einen bequemen Halt und pr\u00e4zise Handhabung. Die hochwertige Gel-Tinte garantiert ein sanftes und fl\u00fcssiges Schreiberlebnis, w\u00e4hrend der integrierte Stylus optimal f\u00fcr die Nutzung von Touchscreens geeignet ist.<\/p>","protected":false},"excerpt":{"rendered":"<p>Der Kugelschreiber SteadyMark Gelschreiber \u00fcberzeugt mit edlen ros\u00e9goldenen Akzenten, einer transparenten Kappe und einem Soft-Touch-Schaft in exklusiven Farben. Der gummierte Griff sorgt f\u00fcr einen bequemen Halt und pr\u00e4zise Handhabung. Die hochwertige Gel-Tinte garantiert ein sanftes und fl\u00fcssiges Schreiberlebnis, w\u00e4hrend der integrierte Stylus optimal f\u00fcr die Nutzung von Touchscreens geeignet ist.<\/p>","protected":false},"featured_media":10011,"comment_status":"open","ping_status":"closed","template":"","meta":[],"product_brand":[],"product_cat":[310,247],"product_tag":[563,782,657,562],"class_list":{"0":"post-9978","1":"product","2":"type-product","3":"status-publish","4":"has-post-thumbnail","6":"product_cat-kugelschreiber-aus-kunststoff","7":"product_cat-schreibgeraete","8":"product_tag-ahj","9":"product_tag-left-63","10":"product_tag-shortpen","11":"product_tag-steadymark","12":"pa_eigenschaft-gel-kugelschreiber","13":"pa_eigenschaft-rose-gold","14":"pa_eigenschaft-soft-touch","15":"pa_eigenschaft-stylus","16":"pa_farbe-anthrazit","17":"pa_farbe-bordeaux","18":"pa_farbe-marine","19":"pa_farbe-schwarz","20":"pa_material-gummi","21":"pa_material-kunststoff","22":"pa_mindestmenge-486","23":"pa_werbeanbringung-siebdruck","25":"first","26":"instock","27":"taxable","28":"shipping-taxable","29":"purchasable","30":"product-type-variable","31":"has-default-attributes","32":"add-to-wishlist-after_add_to_cart"},"yoast_head":"<!-- This site is optimized with the Yoast SEO plugin v27.3 - https:\/\/yoast.com\/product\/yoast-seo-wordpress\/ -->\n<title>Kugelschreiber &quot;SteadyMark Gel&quot; - PEN.EU<\/title>\n<meta name=\"robots\" content=\"index, follow, max-snippet:-1, max-image-preview:large, max-video-preview:-1\" \/>\n<link rel=\"canonical\" href=\"https:\/\/pen.eu\/fr\/produit\/kugelschreiber-steadymark-gel\/\" \/>\n<meta property=\"og:locale\" content=\"fr_FR\" \/>\n<meta property=\"og:type\" content=\"article\" \/>\n<meta property=\"og:title\" content=\"Kugelschreiber &quot;SteadyMark Gel&quot; - PEN.EU\" \/>\n<meta property=\"og:description\" content=\"Der Kugelschreiber SteadyMark Gelschreiber \u00fcberzeugt mit edlen ros\u00e9goldenen Akzenten, einer transparenten Kappe und einem Soft-Touch-Schaft in exklusiven Farben. Der gummierte Griff sorgt f\u00fcr einen bequemen Halt und pr\u00e4zise Handhabung. Die hochwertige Gel-Tinte garantiert ein sanftes und fl\u00fcssiges Schreiberlebnis, w\u00e4hrend der integrierte Stylus optimal f\u00fcr die Nutzung von Touchscreens geeignet ist.\" \/>\n<meta property=\"og:url\" content=\"https:\/\/pen.eu\/fr\/produit\/kugelschreiber-steadymark-gel\/\" \/>\n<meta property=\"og:site_name\" content=\"PEN.EU\" \/>\n<meta property=\"article:modified_time\" content=\"2025-09-29T13:19:57+00:00\" \/>\n<meta property=\"og:image\" content=\"https:\/\/pen.eu\/wp-content\/uploads\/2024\/11\/0512024139-MB-GS.jpg\" \/>\n\t<meta property=\"og:image:width\" content=\"1800\" \/>\n\t<meta property=\"og:image:height\" content=\"1800\" \/>\n\t<meta property=\"og:image:type\" content=\"image\/jpeg\" \/>\n<meta name=\"twitter:card\" content=\"summary_large_image\" \/>\n<script type=\"application\/ld+json\" class=\"yoast-schema-graph\">{\"@context\":\"https:\\\/\\\/schema.org\",\"@graph\":[{\"@type\":\"WebPage\",\"@id\":\"https:\\\/\\\/pen.eu\\\/produkt\\\/kugelschreiber-steadymark-gel\\\/\",\"url\":\"https:\\\/\\\/pen.eu\\\/produkt\\\/kugelschreiber-steadymark-gel\\\/\",\"name\":\"Kugelschreiber \\\"SteadyMark Gel\\\" - PEN.EU\",\"isPartOf\":{\"@id\":\"https:\\\/\\\/pen.eu\\\/#website\"},\"primaryImageOfPage\":{\"@id\":\"https:\\\/\\\/pen.eu\\\/produkt\\\/kugelschreiber-steadymark-gel\\\/#primaryimage\"},\"image\":{\"@id\":\"https:\\\/\\\/pen.eu\\\/produkt\\\/kugelschreiber-steadymark-gel\\\/#primaryimage\"},\"thumbnailUrl\":\"https:\\\/\\\/pen.eu\\\/wp-content\\\/uploads\\\/2024\\\/11\\\/0512024139-MB-GS.jpg\",\"datePublished\":\"2024-11-15T17:24:34+00:00\",\"dateModified\":\"2025-09-29T13:19:57+00:00\",\"breadcrumb\":{\"@id\":\"https:\\\/\\\/pen.eu\\\/produkt\\\/kugelschreiber-steadymark-gel\\\/#breadcrumb\"},\"inLanguage\":\"fr-FR\",\"potentialAction\":[{\"@type\":\"ReadAction\",\"target\":[\"https:\\\/\\\/pen.eu\\\/produkt\\\/kugelschreiber-steadymark-gel\\\/\"]}]},{\"@type\":\"ImageObject\",\"inLanguage\":\"fr-FR\",\"@id\":\"https:\\\/\\\/pen.eu\\\/produkt\\\/kugelschreiber-steadymark-gel\\\/#primaryimage\",\"url\":\"https:\\\/\\\/pen.eu\\\/wp-content\\\/uploads\\\/2024\\\/11\\\/0512024139-MB-GS.jpg\",\"contentUrl\":\"https:\\\/\\\/pen.eu\\\/wp-content\\\/uploads\\\/2024\\\/11\\\/0512024139-MB-GS.jpg\",\"width\":1800,\"height\":1800},{\"@type\":\"BreadcrumbList\",\"@id\":\"https:\\\/\\\/pen.eu\\\/produkt\\\/kugelschreiber-steadymark-gel\\\/#breadcrumb\",\"itemListElement\":[{\"@type\":\"ListItem\",\"position\":1,\"name\":\"Home\",\"item\":\"https:\\\/\\\/pen.eu\\\/\"},{\"@type\":\"ListItem\",\"position\":2,\"name\":\"Shop\",\"item\":\"https:\\\/\\\/pen.eu\\\/ch\\\/shop\\\/\"},{\"@type\":\"ListItem\",\"position\":3,\"name\":\"Kugelschreiber &#8220;SteadyMark Gel&#8221;\"}]},{\"@type\":\"WebSite\",\"@id\":\"https:\\\/\\\/pen.eu\\\/#website\",\"url\":\"https:\\\/\\\/pen.eu\\\/\",\"name\":\"PEN.EU\",\"description\":\"Kugelschreiber bedrucken mit Logo | pen.eu\",\"potentialAction\":[{\"@type\":\"SearchAction\",\"target\":{\"@type\":\"EntryPoint\",\"urlTemplate\":\"https:\\\/\\\/pen.eu\\\/?s={search_term_string}\"},\"query-input\":{\"@type\":\"PropertyValueSpecification\",\"valueRequired\":true,\"valueName\":\"search_term_string\"}}],\"inLanguage\":\"fr-FR\"}]}<\/script>\n<!-- \/ Yoast SEO plugin. -->","yoast_head_json":{"title":"Kugelschreiber \"SteadyMark Gel\" - PEN.EU","robots":{"index":"index","follow":"follow","max-snippet":"max-snippet:-1","max-image-preview":"max-image-preview:large","max-video-preview":"max-video-preview:-1"},"canonical":"https:\/\/pen.eu\/fr\/produit\/kugelschreiber-steadymark-gel\/","og_locale":"fr_FR","og_type":"article","og_title":"Kugelschreiber \"SteadyMark Gel\" - PEN.EU","og_description":"Der Kugelschreiber SteadyMark Gelschreiber \u00fcberzeugt mit edlen ros\u00e9goldenen Akzenten, einer transparenten Kappe und einem Soft-Touch-Schaft in exklusiven Farben. Der gummierte Griff sorgt f\u00fcr einen bequemen Halt und pr\u00e4zise Handhabung. Die hochwertige Gel-Tinte garantiert ein sanftes und fl\u00fcssiges Schreiberlebnis, w\u00e4hrend der integrierte Stylus optimal f\u00fcr die Nutzung von Touchscreens geeignet ist.","og_url":"https:\/\/pen.eu\/fr\/produit\/kugelschreiber-steadymark-gel\/","og_site_name":"PEN.EU","article_modified_time":"2025-09-29T13:19:57+00:00","og_image":[{"width":1800,"height":1800,"url":"https:\/\/pen.eu\/wp-content\/uploads\/2024\/11\/0512024139-MB-GS.jpg","type":"image\/jpeg"}],"twitter_card":"summary_large_image","schema":{"@context":"https:\/\/schema.org","@graph":[{"@type":"WebPage","@id":"https:\/\/pen.eu\/produkt\/kugelschreiber-steadymark-gel\/","url":"https:\/\/pen.eu\/produkt\/kugelschreiber-steadymark-gel\/","name":"Kugelschreiber \"SteadyMark Gel\" - PEN.EU","isPartOf":{"@id":"https:\/\/pen.eu\/#website"},"primaryImageOfPage":{"@id":"https:\/\/pen.eu\/produkt\/kugelschreiber-steadymark-gel\/#primaryimage"},"image":{"@id":"https:\/\/pen.eu\/produkt\/kugelschreiber-steadymark-gel\/#primaryimage"},"thumbnailUrl":"https:\/\/pen.eu\/wp-content\/uploads\/2024\/11\/0512024139-MB-GS.jpg","datePublished":"2024-11-15T17:24:34+00:00","dateModified":"2025-09-29T13:19:57+00:00","breadcrumb":{"@id":"https:\/\/pen.eu\/produkt\/kugelschreiber-steadymark-gel\/#breadcrumb"},"inLanguage":"fr-FR","potentialAction":[{"@type":"ReadAction","target":["https:\/\/pen.eu\/produkt\/kugelschreiber-steadymark-gel\/"]}]},{"@type":"ImageObject","inLanguage":"fr-FR","@id":"https:\/\/pen.eu\/produkt\/kugelschreiber-steadymark-gel\/#primaryimage","url":"https:\/\/pen.eu\/wp-content\/uploads\/2024\/11\/0512024139-MB-GS.jpg","contentUrl":"https:\/\/pen.eu\/wp-content\/uploads\/2024\/11\/0512024139-MB-GS.jpg","width":1800,"height":1800},{"@type":"BreadcrumbList","@id":"https:\/\/pen.eu\/produkt\/kugelschreiber-steadymark-gel\/#breadcrumb","itemListElement":[{"@type":"ListItem","position":1,"name":"Home","item":"https:\/\/pen.eu\/"},{"@type":"ListItem","position":2,"name":"Shop","item":"https:\/\/pen.eu\/ch\/shop\/"},{"@type":"ListItem","position":3,"name":"Kugelschreiber &#8220;SteadyMark Gel&#8221;"}]},{"@type":"WebSite","@id":"https:\/\/pen.eu\/#website","url":"https:\/\/pen.eu\/","name":"PEN.EU","description":"Kugelschreiber bedrucken mit Logo | pen.eu","potentialAction":[{"@type":"SearchAction","target":{"@type":"EntryPoint","urlTemplate":"https:\/\/pen.eu\/?s={search_term_string}"},"query-input":{"@type":"PropertyValueSpecification","valueRequired":true,"valueName":"search_term_string"}}],"inLanguage":"fr-FR"}]}},"_links":{"self":[{"href":"https:\/\/pen.eu\/fr\/wp-json\/wp\/v2\/product\/9978","targetHints":{"allow":["GET"]}}],"collection":[{"href":"https:\/\/pen.eu\/fr\/wp-json\/wp\/v2\/product"}],"about":[{"href":"https:\/\/pen.eu\/fr\/wp-json\/wp\/v2\/types\/product"}],"replies":[{"embeddable":true,"href":"https:\/\/pen.eu\/fr\/wp-json\/wp\/v2\/comments?post=9978"}],"wp:featuredmedia":[{"embeddable":true,"href":"https:\/\/pen.eu\/fr\/wp-json\/wp\/v2\/media\/10011"}],"wp:attachment":[{"href":"https:\/\/pen.eu\/fr\/wp-json\/wp\/v2\/media?parent=9978"}],"wp:term":[{"taxonomy":"product_brand","embeddable":true,"href":"https:\/\/pen.eu\/fr\/wp-json\/wp\/v2\/product_brand?post=9978"},{"taxonomy":"product_cat","embeddable":true,"href":"https:\/\/pen.eu\/fr\/wp-json\/wp\/v2\/product_cat?post=9978"},{"taxonomy":"product_tag","embeddable":true,"href":"https:\/\/pen.eu\/fr\/wp-json\/wp\/v2\/product_tag?post=9978"}],"curies":[{"name":"wp","href":"https:\/\/api.w.org\/{rel}","templated":true}]}}